{"id":1113,"date":"2025-09-23T13:13:22","date_gmt":"2025-09-23T11:13:22","guid":{"rendered":"https:\/\/www.industrias-maxi.es\/montage-des-manipulateurs\/"},"modified":"2026-02-09T10:26:21","modified_gmt":"2026-02-09T09:26:21","slug":"montage-des-manipulateurs","status":"publish","type":"page","link":"https:\/\/www.industrias-maxi.es\/fr\/automobile\/montage-des-manipulateurs\/","title":{"rendered":"Montage des manipulateurs"},"content":{"rendered":"\n<section class=\"wp-block-microbio-blocks-section-v2 is-style-section-pd-xl has-grey-dark-1-background-color has-background child-wide section-align-end alignfull section-ramp section-bg-ramp-theme\" style=\"--min-height:60vh;--min-height-mobile:0;--focal:50% 50%;--focal-mobile:50% 50%\" data-animation-enter=\"alpha\"><figure class=\"wp-block-image size-full section-img-bg\"><img decoding=\"async\" width=\"1824\" height=\"1026\" src=\"https:\/\/www.industrias-maxi.es\/wp-content\/uploads\/2026\/01\/manipuladores-maxi-edited.webp\" alt=\"\" class=\"wp-image-982\" srcset=\"https:\/\/www.industrias-maxi.es\/wp-content\/uploads\/2026\/01\/manipuladores-maxi-edited.webp 1824w, https:\/\/www.industrias-maxi.es\/wp-content\/uploads\/2026\/01\/manipuladores-maxi-edited-300x169.webp 300w, https:\/\/www.industrias-maxi.es\/wp-content\/uploads\/2026\/01\/manipuladores-maxi-edited-1024x576.webp 1024w, https:\/\/www.industrias-maxi.es\/wp-content\/uploads\/2026\/01\/manipuladores-maxi-edited-768x432.webp 768w, https:\/\/www.industrias-maxi.es\/wp-content\/uploads\/2026\/01\/manipuladores-maxi-edited-1536x864.webp 1536w, https:\/\/www.industrias-maxi.es\/wp-content\/uploads\/2026\/01\/manipuladores-maxi-edited-500x281.webp 500w\" sizes=\"(max-width: 1824px) 100vw, 1824px\" \/><\/figure>\n<div class=\"wp-block-microbio-blocks-flex flex-align-start flex-justify-start flex-gap-0 flex-columns flex-max-width theme-margins\" style=\"--custom-gap:0;--flex-max-width:950px\">\n<span class=\"wp-block-microbio-blocks-badge badge-size-default is-style-white\">SECTEUR AUTOMOBILE<\/span>\n\n\n\n<h1 class=\"wp-block-heading\">Manipulateurs industriels pour un assemblage facile avec pr\u00e9cision et s\u00e9curit\u00e9<\/h1>\n\n\n\n<p>Dans des environnements industriels exigeants comme le secteur automobile, chaque mouvement compte. <strong>Les manipulateurs d\u2019assemblage<\/strong> permettent de manipuler les pi\u00e8ces avec pr\u00e9cision, s\u00e9curit\u00e9 et ergonomie, r\u00e9duisant l\u2019effort physique de l\u2019op\u00e9rateur et assurant une meilleure stabilit\u00e9 dans le processus d\u2019assemblage. <\/p>\n\n\n\n<p>Chez Industrias Maxi, nous concevons et int\u00e9grons des manipulateurs adapt\u00e9s au type de composant, \u00e0 l\u2019environnement de travail et aux caract\u00e9ristiques de la station de travail.<\/p>\n\n\n\n<p>Qu\u2019il s\u2019agisse de soulever, positionner, tourner ou assembler des pi\u00e8ces de g\u00e9om\u00e9trie lourdes, fragiles ou complexes, nos manipulateurs industriels optimisent le travail manuel, augmentant l\u2019efficacit\u00e9 et r\u00e9duisant le risque de blessure.<\/p>\n\n\n\n<a class=\"wp-block-microbio-blocks-button btn-size-default btn-icon is-style-secondary\" target=\"\" href=\"https:\/\/www.industrias-maxi.es\/fr\/contact\/\" rel=\"noopener\" title=\"Contactez-nous\"><span>Contactez-nous<\/span><svg width=\"15\" height=\"15\"><use xlink:href=\"\/wp-content\/plugins\/microbio-blocks\/assets\/images\/icons-library.svg?ver=2.0.0#arrow\"\/><\/svg><\/a>\n<\/div>\n<\/section>\n\n<section class=\"wp-block-microbio-blocks-section-v2 is-style-section-pd-xl child-wide section-align-center alignfull gsap-animation-enter\" style=\"--min-height:0;--min-height-mobile:0\" data-animation-enter=\"bottom-to-top\">\n<div class=\"wp-block-microbio-blocks-grid grid-align-start grid-gap-lg\">\n<div class=\"wp-block-microbio-blocks-grid-cell grid-row-1 grid-column-6 grid-column-mobile-4\" style=\"--mobile-order:\">\n<h2 class=\"wp-block-heading\">Des solutions ergonomiques qui r\u00e9duisent les risques et am\u00e9liorent le rythme de travail<\/h2>\n<\/div>\n\n\n\n<div class=\"wp-block-microbio-blocks-grid-cell grid-row-1 grid-column-6 grid-column-mobile-4\" style=\"--mobile-order:\">\n<p class=\"has-text-align-left\">Une station de montage bien con\u00e7ue n\u2019est pas seulement plus rapide, elle est aussi plus s\u00fbre. <strong>Les manipulateurs industriels<\/strong> aident \u00e0 \u00e9liminer les t\u00e2ches r\u00e9p\u00e9titives ou physiquement exigeantes, am\u00e9liorant l\u2019ergonomie, r\u00e9duisant l\u2019absent\u00e9isme et augmentant la productivit\u00e9. <\/p>\n\n\n\n<p class=\"has-text-align-left\">Dans les secteurs o\u00f9 des \u00e9l\u00e9ments volumineux ou difficiles d\u2019acc\u00e8s sont manipul\u00e9s, ces syst\u00e8mes deviennent une solution strat\u00e9gique pour la conception de lignes de travail efficaces et durables.<\/p>\n<\/div>\n<\/div>\n\n\n\n<div class=\"wp-block-microbio-blocks-flex flex-align-stretch flex-justify-start flex-gap-0 flex-columns no-wrap theme-margins table-style-border table-style-border-light\" style=\"margin-top:var(--wp--preset--spacing--space-xl);--custom-gap:0\">\n<div class=\"wp-block-microbio-blocks-grid grid-align-stretch grid-gap-lg\">\n<div class=\"wp-block-microbio-blocks-grid-cell grid-row-1 grid-column-6 grid-column-mobile-4\" style=\"--mobile-order:-1\">\n<div class=\"wp-block-microbio-blocks-flex flex-align-start flex-justify-start flex-gap-0 flex-max-width\" style=\"--custom-gap:0;--flex-max-width:450px\">\n<h3 class=\"wp-block-heading has-primary-color has-text-color has-link-color wp-elements-ef1762bd40e5ae8659b0c8cb09bd6f04\">Manipulateurs pneumatiques, \u00e9lectriques ou assist\u00e9s<\/h3>\n<\/div>\n<\/div>\n\n\n\n<div class=\"wp-block-microbio-blocks-grid-cell grid-row-1 grid-column-6 grid-column-mobile-4\" style=\"--mobile-order:\">\n<p>Nous proposons diff\u00e9rents types de manipulateurs selon le type de charge, la fr\u00e9quence d\u2019utilisation et le niveau de pr\u00e9cision requis :<\/p>\n\n\n\n<ul class=\"wp-block-list\">\n<li><strong>Des pneus<\/strong>, id\u00e9aux pour des mouvements fluides et r\u00e9p\u00e9titifs.<br\/><strong>\u00c9lectriques<\/strong>, qui offrent une plus grande pr\u00e9cision dans le positionnement.<\/li>\n\n\n\n<li><strong>Assist\u00e9s<\/strong>, qui combinent le contr\u00f4le manuel avec une assistance m\u00e9canique ou sensorielle.<\/li>\n<\/ul>\n\n\n\n<p>Chaque option est adapt\u00e9e aux conditions environnementales, au type de composant et au type d\u2019interaction souhait\u00e9 par l\u2019op\u00e9rateur.<\/p>\n<\/div>\n<\/div>\n\n\n\n<div class=\"wp-block-microbio-blocks-grid grid-align-stretch grid-gap-lg\">\n<div class=\"wp-block-microbio-blocks-grid-cell grid-row-1 grid-column-6 grid-column-mobile-4\" style=\"--mobile-order:-1\">\n<div class=\"wp-block-microbio-blocks-flex flex-align-start flex-justify-start flex-gap-0 flex-max-width\" style=\"--custom-gap:0;--flex-max-width:450px\">\n<h3 class=\"wp-block-heading has-primary-color has-text-color has-link-color wp-elements-721f6d7309a1381680da72aad1a56617\">Configuration pour soulever, tourner, incliner et positionner les pi\u00e8ces<\/h3>\n<\/div>\n<\/div>\n\n\n\n<div class=\"wp-block-microbio-blocks-grid-cell grid-row-1 grid-column-6 grid-column-mobile-4\" style=\"--mobile-order:\">\n<p>Les manipulateurs peuvent \u00eatre configur\u00e9s avec des bras articul\u00e9s, des syst\u00e8mes pivotants, une inclinaison contr\u00f4l\u00e9e ou des outils de prise sp\u00e9cifiques permettant :<\/p>\n\n\n\n<ul class=\"wp-block-list\">\n<li><strong>Soulever des pi\u00e8ces avec un effort minimal<\/strong><\/li>\n\n\n\n<li><strong>Rotation ou inclinaison des composants avec une pr\u00e9cision millim\u00e9trale<\/strong><\/li>\n\n\n\n<li><strong>\u00c9l\u00e9ments de position au point exact de l\u2019assemblage<\/strong><\/li>\n<\/ul>\n\n\n\n<p>Cela garantit que chaque action est effectu\u00e9e sans encombre, \u00e9vitant des d\u00e9viations, des bosses ou des surmences inutiles.<\/p>\n<\/div>\n<\/div>\n\n\n\n<div class=\"wp-block-microbio-blocks-grid grid-align-stretch grid-gap-lg\">\n<div class=\"wp-block-microbio-blocks-grid-cell grid-row-1 grid-column-6 grid-column-mobile-4\" style=\"--mobile-order:-1\">\n<div class=\"wp-block-microbio-blocks-flex flex-align-start flex-justify-start flex-gap-0 flex-max-width\" style=\"--custom-gap:0;--flex-max-width:450px\">\n<h3 class=\"wp-block-heading has-primary-color has-text-color has-link-color wp-elements-a7fcdcd6ec4c9ba8c5e10a6f7537c1c1\">R\u00e9duction de la fatigue, meilleur contr\u00f4le et plus de productivit\u00e9<\/h3>\n<\/div>\n<\/div>\n\n\n\n<div class=\"wp-block-microbio-blocks-grid-cell grid-row-1 grid-column-6 grid-column-mobile-4\" style=\"--mobile-order:\">\n<p>Gr\u00e2ce au soutien actif qu\u2019ils offrent, <strong>les manipulateurs d\u2019assemblage<\/strong> permettent \u00e0 l\u2019op\u00e9rateur de travailler avec un meilleur contr\u00f4le, plus longtemps et avec moins de fatigue physique.<\/p>\n\n\n\n<p>Cela se traduit par des cycles plus r\u00e9guliers, une r\u00e9duction des erreurs de fatigue et un environnement de travail plus s\u00fbr et plus efficace.<\/p>\n<\/div>\n<\/div>\n<\/div>\n<\/section>\n\n<section class=\"wp-block-microbio-blocks-section-v2 is-style-section-pd-xl has-grey-light-2-background-color has-background child-wide section-align-center alignfull gsap-animation-enter\" style=\"--min-height:0;--min-height-mobile:0\" data-animation-enter=\"bottom-to-top\">\n<div class=\"wp-block-microbio-blocks-grid grid-align-start grid-gap-lg\">\n<div class=\"wp-block-microbio-blocks-grid-cell grid-row-1 grid-column-6 grid-column-mobile-4\" style=\"--mobile-order:\">\n<h2 class=\"wp-block-heading\">Adapt\u00e9 \u00e0 la pi\u00e8ce et au poste de travail<\/h2>\n<\/div>\n\n\n\n<div class=\"wp-block-microbio-blocks-grid-cell grid-row-1 grid-column-6 grid-column-mobile-4\" style=\"--mobile-order:\">\n<p class=\"has-text-align-left\">Chaque manipulateur que nous concevons est con\u00e7u pour \u00eatre int\u00e9gr\u00e9 au contexte r\u00e9el du processus. Nous ne travaillons pas avec des solutions standards : <strong>nous \u00e9tudions le composant, l\u2019espace et le profil de l\u2019op\u00e9rateur afin d\u2019offrir<\/strong> un syst\u00e8me parfaitement adapt\u00e9. <\/p>\n<\/div>\n<\/div>\n\n\n\n<div class=\"wp-block-microbio-blocks-flex flex-align-stretch flex-justify-start flex-gap-0 flex-columns no-wrap theme-margins table-style-border\" style=\"margin-top:var(--wp--preset--spacing--space-xl);--custom-gap:0\">\n<div class=\"wp-block-microbio-blocks-grid grid-align-stretch grid-gap-lg\">\n<div class=\"wp-block-microbio-blocks-grid-cell grid-row-1 grid-column-6 grid-column-mobile-4\" style=\"--mobile-order:-1\">\n<div class=\"wp-block-microbio-blocks-flex flex-align-start flex-justify-start flex-gap-0 flex-max-width\" style=\"--custom-gap:0;--flex-max-width:450px\">\n<h3 class=\"wp-block-heading has-primary-color has-text-color has-link-color wp-elements-1290d80a78b362b3b47e29a227597084\">Manipulation de composants fragiles, lourds ou complexes<\/h3>\n<\/div>\n<\/div>\n\n\n\n<div class=\"wp-block-microbio-blocks-grid-cell grid-row-1 grid-column-6 grid-column-mobile-4\" style=\"--mobile-order:\">\n<p>Nous concevons des syst\u00e8mes capables de g\u00e9rer :<\/p>\n\n\n\n<ul class=\"wp-block-list\">\n<li><strong>Composants m\u00e9talliques lourds<\/strong>, tels que structures, arbres ou sous-ensembles.<\/li>\n\n\n\n<li><strong>Des pi\u00e8ces fragiles<\/strong>, comme le plastique ou les \u00e9l\u00e9ments \u00e9lectroniques.<\/li>\n\n\n\n<li><strong>Pi\u00e8ces irr\u00e9guli\u00e8res ou pi\u00e8ces \u00e0 g\u00e9om\u00e9tries complexes<\/strong>, n\u00e9cessitant des man\u0153uvres contr\u00f4l\u00e9es ou des fixations sp\u00e9ciales.  <\/li>\n<\/ul>\n\n\n\n<p>Dans tous les cas, l\u2019objectif est le m\u00eame : garantir une conduite stable, pr\u00e9cise et sans dommages.<\/p>\n<\/div>\n<\/div>\n\n\n\n<div class=\"wp-block-microbio-blocks-grid grid-align-stretch grid-gap-lg\">\n<div class=\"wp-block-microbio-blocks-grid-cell grid-row-1 grid-column-6 grid-column-mobile-4\" style=\"--mobile-order:-1\">\n<div class=\"wp-block-microbio-blocks-flex flex-align-start flex-justify-start flex-gap-0 flex-max-width\" style=\"--custom-gap:0;--flex-max-width:450px\">\n<h3 class=\"wp-block-heading has-primary-color has-text-color has-link-color wp-elements-7c89c2dd7bd6482abaf69816fae33eb3\">Personnalisation compl\u00e8te selon l\u2019environnement et l\u2019op\u00e9rateur<\/h3>\n<\/div>\n<\/div>\n\n\n\n<div class=\"wp-block-microbio-blocks-grid-cell grid-row-1 grid-column-6 grid-column-mobile-4\" style=\"--mobile-order:\">\n<p>En plus du type de pi\u00e8ce, chaque solution peut \u00eatre ajust\u00e9e aux conditions r\u00e9elles de l\u2019espace et \u00e0 la hauteur, \u00e0 la port\u00e9e ou \u00e0 la lat\u00e9ralit\u00e9 de l\u2019op\u00e9rateur.<\/p>\n\n\n\n<p>Cela vous permet de cr\u00e9er une exp\u00e9rience utilisateur ergonomique et efficace, avec un syst\u00e8me qui s\u2019adapte au travailleur, et non l\u2019inverse.<\/p>\n<\/div>\n<\/div>\n<\/div>\n<\/section>\n\n<section class=\"wp-block-microbio-blocks-section-v2 is-style-section-pd-xl has-white-background-color has-background child-wide section-align-center alignfull gsap-animation-enter\" style=\"--min-height:0;--min-height-mobile:0\" data-animation-enter=\"bottom-to-top\">\n<div class=\"wp-block-microbio-blocks-flex aligncenter flex-align-center flex-justify-start flex-gap-0 flex-columns flex-max-width flex-align-self-center theme-margins\" style=\"--custom-gap:0;--flex-max-width:910px\">\n<h2 class=\"wp-block-heading has-text-align-center\">Augmenter l\u2019efficacit\u00e9 sans compromettre la s\u00e9curit\u00e9 avec des manipulateurs de montage<\/h2>\n\n\n\n<p class=\"has-text-align-center\"><strong>Les manipulateurs industriels<\/strong> permettent d\u2019acc\u00e9l\u00e9rer les cycles d\u2019assemblage tout en gardant la s\u00e9curit\u00e9 comme priorit\u00e9.<br\/>Sur les lignes automobiles, o\u00f9 le temps de cycle et la r\u00e9p\u00e9tabilit\u00e9 sont primordiaux, disposer de syst\u00e8mes d\u2019assistance bien int\u00e9gr\u00e9s am\u00e9liore le flux op\u00e9rationnel sans sacrifier le confort et l\u2019int\u00e9grit\u00e9 de l\u2019op\u00e9rateur.<\/p>\n<\/div>\n<\/section>\n\n<section class=\"wp-block-microbio-blocks-section-v2 is-style-section-pd-xl child-wide section-align-center alignfull gsap-animation-enter\" style=\"--min-height:0;--min-height-mobile:0\" data-animation-enter=\"bottom-to-top\">\n<div class=\"wp-block-microbio-blocks-grid grid-align-stretch grid-gap-none border-grid\">\n<div class=\"wp-block-microbio-blocks-grid-cell grid-row-1 grid-column-7 grid-column-mobile-4\" style=\"--mobile-order:\">\n<div class=\"wp-block-microbio-blocks-flex flex-align-start flex-justify-start flex-gap-0 flex-max-width theme-margins\" style=\"--custom-gap:0;--flex-max-width:617px\">\n<h2 class=\"wp-block-heading\">Optimisez l\u2019assemblage avec des solutions intelligentes et sur mesure<\/h2>\n\n\n\n<p>Nous concevons <strong>des manipulateurs d\u2019assemblage<\/strong> intelligents, adapt\u00e9s \u00e0 votre produit et \u00e0 votre environnement de production.<\/p>\n\n\n\n<p>Que ce soit dans le cadre d\u2019une ligne automatis\u00e9e ou dans des stations manuelles, nos solutions vous permettent de travailler avec un meilleur contr\u00f4le, une vitesse et une s\u00e9curit\u00e9 accrus.<\/p>\n<\/div>\n<\/div>\n\n\n\n<div class=\"wp-block-microbio-blocks-grid-cell grid-row-1 grid-column-5 grid-column-mobile-4\" style=\"--mobile-order:\">\n<figure class=\"wp-block-image size-large\"><img decoding=\"async\" width=\"844\" height=\"1024\" src=\"https:\/\/www.industrias-maxi.es\/wp-content\/uploads\/2026\/01\/optimiza-montaje-soluciones-maxi-844x1024.webp\" alt=\"\" class=\"wp-image-985\" style=\"aspect-ratio:4\/3;object-fit:cover\" srcset=\"https:\/\/www.industrias-maxi.es\/wp-content\/uploads\/2026\/01\/optimiza-montaje-soluciones-maxi-844x1024.webp 844w, https:\/\/www.industrias-maxi.es\/wp-content\/uploads\/2026\/01\/optimiza-montaje-soluciones-maxi-247x300.webp 247w, https:\/\/www.industrias-maxi.es\/wp-content\/uploads\/2026\/01\/optimiza-montaje-soluciones-maxi-768x931.webp 768w, https:\/\/www.industrias-maxi.es\/wp-content\/uploads\/2026\/01\/optimiza-montaje-soluciones-maxi-1266x1536.webp 1266w, https:\/\/www.industrias-maxi.es\/wp-content\/uploads\/2026\/01\/optimiza-montaje-soluciones-maxi-500x606.webp 500w, https:\/\/www.industrias-maxi.es\/wp-content\/uploads\/2026\/01\/optimiza-montaje-soluciones-maxi.webp 1649w\" sizes=\"(max-width: 844px) 100vw, 844px\" \/><\/figure>\n<\/div>\n<\/div>\n<\/section>\n\n<section class=\"wp-block-microbio-blocks-section-v2 is-style-section-pd-xl has-grey-light-1-background-color has-background child-wide section-align-center alignfull\" style=\"--min-height:0;--min-height-mobile:0\" data-animation-enter=\"alpha\">\n<div class=\"wp-block-microbio-blocks-animate-block gsap-animation-enter\" data-animation-enter=\"bottom-to-top\" data-animation-scroll=\"bottom\" data-animation-scroll-measure=\"100\" data-animation-scroll-mobile=\"none\" data-animation-scroll-mobile-measure=\"50\">\n<div class=\"wp-block-microbio-blocks-flex aligncenter flex-align-center flex-justify-space-between flex-gap-2 micro-banner-padding has-white-background-color has-background\" style=\"--custom-gap:0\">\n<div class=\"wp-block-microbio-blocks-flex flex-align-start flex-justify-start flex-gap-0 flex-columns flex-max-width theme-margins\" style=\"margin-top:0;margin-bottom:0;--custom-gap:0;--flex-max-width:560px\">\n<h3 class=\"wp-block-heading\" style=\"margin-top:0;margin-bottom:0\">Produits associ\u00e9s<\/h3>\n\n\n\n<p style=\"padding-top:var(--wp--preset--spacing--space-xs);padding-bottom:0\">D\u00e9couvrez nos solutions Manipulator.<\/p>\n<\/div>\n\n\n\n<div class=\"wp-block-microbio-blocks-flex flex-align-end flex-justify-start flex-gap-2 flex-columns no-wrap flex-mobile flex-align-mobile-center flex-justify-mobile-center flex-gap-mobile-2 flex-columns-mobile no-wrap-mobile\" style=\"--custom-gap:0;--custom-gap-mobile:0\">\n<a class=\"wp-block-microbio-blocks-button btn-size-default btn-icon\" target=\"\" href=\"https:\/\/www.industrias-maxi.es\/fr\/ce-que-nous-faisons\/manipulateurs\/\" rel=\"noopener\" title=\"\"><span>Manipulateurs de la vue<\/span><svg width=\"15\" height=\"15\"><use xlink:href=\"\/wp-content\/plugins\/microbio-blocks\/assets\/images\/icons-library.svg?ver=2.0.0#arrow\"\/><\/svg><\/a>\n<\/div>\n<\/div>\n<\/div>\n<\/section>\n\n<section class=\"wp-block-microbio-blocks-section-v2 is-style-section-pd-xl has-primary-darkest-background-color has-background child-wide section-align-center alignfull gsap-animation-enter\" style=\"--min-height:0;--min-height-mobile:0\" data-animation-enter=\"alpha\">\n<div class=\"wp-block-microbio-blocks-flex aligncenter flex-align-center flex-justify-start flex-gap-0 flex-columns flex-max-width flex-align-self-center theme-margins\" style=\"--custom-gap:0;--flex-max-width:910px\">\n<h2 class=\"wp-block-heading has-text-align-center\">Pourquoi choisir Maxi Industries ?<\/h2>\n\n\n\n<p class=\"has-text-align-center\">Notre m\u00e9thodologie combine ing\u00e9nierie collaborative, pr\u00e9-simulation, fabrication interne et support apr\u00e8s-vente, garantissant la continuit\u00e9 et la performance du syst\u00e8me \u00e0 long terme.<\/p>\n<\/div>\n\n\n\n<div class=\"wp-block-microbio-blocks-grid grid-align-stretch grid-gap-none grid-border-inner grid-border-inner-clients grid-border-inner-clients-3\" style=\"margin-top:var(--wp--preset--spacing--space-m)\">\n<div class=\"wp-block-microbio-blocks-grid-cell grid-row-1 grid-column-4 grid-column-mobile-4\" style=\"--mobile-order:\">\n<div class=\"wp-block-microbio-blocks-flex flex-align-start flex-justify-end flex-columns shrink\" style=\"--custom-gap:16px\">\n<span class=\"wp-block-microbio-blocks-icon icon-size-default has-secondary-color has-text-color has-link-color wp-elements-d96b39cc02359fd5927704a20edae01a\"><svg><use xlink:href=\"\/wp-content\/themes\/industrias-maxi-theme\/assets\/img\/maxi-icons.svg?ver=#thumb-fill\"\/><\/svg><\/span>\n\n\n\n<h3 class=\"wp-block-heading has-heading-4-font-size\">Exp\u00e9rience et leadership<\/h3>\n\n\n\n<p>Avec plus de 50 ans d\u2019exp\u00e9rience dans le secteur, nous travaillons avec de grands clients proposant des solutions industrielles r\u00e9pondant aux plus hauts standards de qualit\u00e9 et de fiabilit\u00e9.<\/p>\n<\/div>\n<\/div>\n\n\n\n<div class=\"wp-block-microbio-blocks-grid-cell grid-row-1 grid-column-4 grid-column-mobile-4\" style=\"--mobile-order:\">\n<div class=\"wp-block-microbio-blocks-flex flex-align-start flex-justify-end flex-columns shrink\" style=\"--custom-gap:16px\">\n<span class=\"wp-block-microbio-blocks-icon icon-size-default has-secondary-color has-text-color has-link-color wp-elements-1f8e8738f72cd2bd2e5a916c2d7cfc01\"><svg><use xlink:href=\"\/wp-content\/themes\/industrias-maxi-theme\/assets\/img\/maxi-icons.svg#team\"\/><\/svg><\/span>\n\n\n\n<h3 class=\"wp-block-heading has-heading-4-font-size\">Solutions personnalis\u00e9es<\/h3>\n\n\n\n<p>Chaque projet est unique. Nous concevons des solutions cl\u00e9s en main sur mesure qui optimisent l\u2019efficacit\u00e9 et les ressources de votre entreprise, en s\u2019adaptant \u00e0 vos besoins sp\u00e9cifiques. <\/p>\n<\/div>\n<\/div>\n\n\n\n<div class=\"wp-block-microbio-blocks-grid-cell grid-row-1 grid-column-4 grid-column-mobile-4\" style=\"--mobile-order:\">\n<div class=\"wp-block-microbio-blocks-flex flex-align-start flex-justify-end flex-columns shrink\" style=\"--custom-gap:16px\">\n<span class=\"wp-block-microbio-blocks-icon icon-size-default has-secondary-color has-text-color has-link-color wp-elements-27718dffe8489d43ad3d4108330961fe\"><svg><use xlink:href=\"\/wp-content\/themes\/industrias-maxi-theme\/assets\/img\/maxi-icons.svg#message\"\/><\/svg><\/span>\n\n\n\n<h3 class=\"wp-block-heading has-heading-4-font-size\">Support technique<\/h3>\n\n\n\n<p>Nous proposons un support apr\u00e8s-vente et une formation technique, garantissant que nos solutions continuent de fonctionner \u00e0 leur meilleur niveau et que votre \u00e9quipe est toujours pr\u00e9par\u00e9e.<\/p>\n<\/div>\n<\/div>\n<\/div>\n<\/section>\n\n<section class=\"wp-block-microbio-blocks-section-v2 child-wide section-align-center alignfull gsap-animation-enter\" style=\"margin-top:var(--wp--preset--spacing--space-lg);margin-bottom:var(--wp--preset--spacing--space-lg);--min-height:0;--min-height-mobile:0\" data-animation-enter=\"alpha\">\n<div class=\"wp-block-microbio-blocks-flex aligncenter flex-align-center flex-justify-space-between flex-gap-2 theme-margins micro-banner-padding has-secondary-background-color has-background\" style=\"--custom-gap:0\">\n<div class=\"wp-block-microbio-blocks-flex flex-align-start flex-justify-start flex-gap-0 flex-max-width theme-margins\" style=\"margin-top:0;margin-bottom:0;--custom-gap:0;--flex-max-width:560px\">\n<h3 class=\"wp-block-heading\" style=\"margin-top:0;margin-bottom:0\">Avez-vous besoin d\u2019am\u00e9liorer l\u2019efficacit\u00e9 et l\u2019ergonomie dans votre assemblage ?<\/h3>\n\n\n\n<p>Chez Industrias Maxi, nous concevons <strong>des manipulateurs d\u2019assemblage<\/strong> qui allient s\u00e9curit\u00e9, pr\u00e9cision et performance.<\/p>\n\n\n\n<p>Parlez-nous de votre cas et nous vous aiderons \u00e0 mettre en place une solution adapt\u00e9e \u00e0 votre gamme, \u00e0 votre produit et \u00e0 votre \u00e9quipe.<\/p>\n<\/div>\n\n\n\n<a class=\"wp-block-microbio-blocks-button btn-size-default btn-icon\" target=\"\" href=\"https:\/\/www.industrias-maxi.es\/fr\/contact\/\" rel=\"noopener\" title=\"  Aller sur la page de contact\"><span>Contact<\/span><svg width=\"15\" height=\"15\"><use xlink:href=\"\/wp-content\/plugins\/microbio-blocks\/assets\/images\/icons-library.svg?ver=2.0.0#arrow\"\/><\/svg><\/a>\n<\/div>\n<\/section>\n","protected":false},"excerpt":{"rendered":"","protected":false},"author":1,"featured_media":0,"parent":1257,"menu_order":0,"comment_status":"closed","ping_status":"closed","template":"","meta":{"footnotes":""},"class_list":["post-1113","page","type-page","status-publish","hentry"],"_links":{"self":[{"href":"https:\/\/www.industrias-maxi.es\/fr\/wp-json\/wp\/v2\/pages\/1113","targetHints":{"allow":["GET"]}}],"collection":[{"href":"https:\/\/www.industrias-maxi.es\/fr\/wp-json\/wp\/v2\/pages"}],"about":[{"href":"https:\/\/www.industrias-maxi.es\/fr\/wp-json\/wp\/v2\/types\/page"}],"author":[{"embeddable":true,"href":"https:\/\/www.industrias-maxi.es\/fr\/wp-json\/wp\/v2\/users\/1"}],"replies":[{"embeddable":true,"href":"https:\/\/www.industrias-maxi.es\/fr\/wp-json\/wp\/v2\/comments?post=1113"}],"version-history":[{"count":3,"href":"https:\/\/www.industrias-maxi.es\/fr\/wp-json\/wp\/v2\/pages\/1113\/revisions"}],"predecessor-version":[{"id":1552,"href":"https:\/\/www.industrias-maxi.es\/fr\/wp-json\/wp\/v2\/pages\/1113\/revisions\/1552"}],"up":[{"embeddable":true,"href":"https:\/\/www.industrias-maxi.es\/fr\/wp-json\/wp\/v2\/pages\/1257"}],"wp:attachment":[{"href":"https:\/\/www.industrias-maxi.es\/fr\/wp-json\/wp\/v2\/media?parent=1113"}],"curies":[{"name":"wp","href":"https:\/\/api.w.org\/{rel}","templated":true}]}}