{"id":1150,"date":"2025-10-16T13:00:45","date_gmt":"2025-10-16T11:00:45","guid":{"rendered":"https:\/\/www.industrias-maxi.es\/transparence-et-avis-juridiques\/"},"modified":"2026-02-06T10:08:18","modified_gmt":"2026-02-06T09:08:18","slug":"transparence-et-avis-juridiques","status":"publish","type":"page","link":"https:\/\/www.industrias-maxi.es\/fr\/transparence-et-avis-juridiques\/","title":{"rendered":"Transparence et avis juridiques"},"content":{"rendered":"\n<section class=\"wp-block-microbio-blocks-section-v2 is-style-section-pd-xl has-black-background-color has-background child-wide section-align-end alignfull section-ramp section-bg-ramp-theme\" style=\"--min-height:0;--min-height-mobile:0\" data-animation-enter=\"alpha\">\n<div class=\"wp-block-microbio-blocks-flex flex-align-start flex-justify-start flex-gap-0 flex-columns flex-max-width theme-margins\" style=\"--custom-gap:0;--flex-max-width:950px\">\n<h1 class=\"wp-block-heading\">Transparence et avis juridiques<\/h1>\n\n\n\n<p>Vous trouverez ici diff\u00e9rentes documentations concernant notre entreprise.<\/p>\n<\/div>\n<\/section>\n\n<section class=\"wp-block-microbio-blocks-section-v2 is-style-section-pd-xl child-default section-align-center alignfull\" style=\"--min-height:0;--min-height-mobile:0\" data-animation-enter=\"alpha\">\n<div class=\"wp-block-microbio-blocks-grid-auto  grid-align-start grid-gap-lg\" style=\"--_cell-min-width:350px\">\n<a class=\"wp-block-microbio-blocks-card-bg zoom-in-hover-disabled card-align-start has-grey-light-1-background-color has-background\" style=\"--border-radius:12px\" target=\"_blank\" href=\"\/wp-content\/uploads\/2025\/10\/av1721631539.pdf\" rel=\"noopener nofollow noreferrer\" title=\"Descarga el documento\">\n<div class=\"wp-block-microbio-blocks-flex aligncenter flex-align-center flex-justify-center flex-gap-1 flex-columns wp-block-microbio-blocks-simple-card-link--content\" style=\"--custom-gap:0\">\n<span class=\"wp-block-microbio-blocks-badge badge-size-default is-style-white\">\n<span class=\"wp-block-microbio-blocks-icon icon-size-default\"><svg><use xlink:href=\"\/wp-content\/plugins\/microbio-blocks\/assets\/images\/icons-library.svg?ver=2.0.0#calendar\"\/><\/svg><\/span>\n15-07-2025<\/span>\n\n\n\n<p class=\"has-text-align-center has-heading-4-font-size\">Rapport sur la durabilit\u00e9 2024<\/p>\n<\/div>\n<\/a>\n\n\n\n<a class=\"wp-block-microbio-blocks-card-bg zoom-in-hover-disabled card-align-start has-grey-light-1-background-color has-background\" style=\"--border-radius:12px\" target=\"_blank\" href=\"\/wp-content\/uploads\/2025\/10\/av1685429293.pdf\" rel=\"noopener nofollow noreferrer\" title=\"Descarga el documento\">\n<div class=\"wp-block-microbio-blocks-flex aligncenter flex-align-center flex-justify-center flex-gap-1 flex-columns wp-block-microbio-blocks-simple-card-link--content\" style=\"--custom-gap:0\">\n<span class=\"wp-block-microbio-blocks-badge badge-size-default is-style-white\">\n<span class=\"wp-block-microbio-blocks-icon icon-size-default\"><svg><use xlink:href=\"\/wp-content\/plugins\/microbio-blocks\/assets\/images\/icons-library.svg?ver=2.0.0#calendar\"\/><\/svg><\/span>\n29-05-2023<\/span>\n\n\n\n<p class=\"has-text-align-center has-heading-4-font-size\">Charte de la diversit\u00e9<\/p>\n<\/div>\n<\/a>\n\n\n\n<a class=\"wp-block-microbio-blocks-card-bg zoom-in-hover-disabled card-align-start has-grey-light-1-background-color has-background\" style=\"--border-radius:12px\" target=\"_blank\" href=\"\/wp-content\/uploads\/2025\/10\/av1721798490.pdf\" rel=\"noopener nofollow noreferrer\" title=\"Descarga el documento\">\n<div class=\"wp-block-microbio-blocks-flex aligncenter flex-align-center flex-justify-center flex-gap-1 flex-columns wp-block-microbio-blocks-simple-card-link--content\" style=\"--custom-gap:0\">\n<span class=\"wp-block-microbio-blocks-badge badge-size-default is-style-white\">\n<span class=\"wp-block-microbio-blocks-icon icon-size-default\"><svg><use xlink:href=\"\/wp-content\/plugins\/microbio-blocks\/assets\/images\/icons-library.svg?ver=2.0.0#calendar\"\/><\/svg><\/span>\n20-06-2023<\/span>\n\n\n\n<p class=\"has-text-align-center has-heading-4-font-size\">Plan d\u2019am\u00e9lioration de la ma\u00eetrise<\/p>\n<\/div>\n<\/a>\n\n\n\n<a class=\"wp-block-microbio-blocks-card-bg zoom-in-hover-disabled card-align-start has-grey-light-1-background-color has-background\" style=\"--border-radius:12px\" target=\"_blank\" href=\"\/wp-content\/uploads\/2025\/10\/av1721799201.pdf\" rel=\"noopener nofollow noreferrer\" title=\"Descarga el documento\">\n<div class=\"wp-block-microbio-blocks-flex aligncenter flex-align-center flex-justify-center flex-gap-1 flex-columns wp-block-microbio-blocks-simple-card-link--content\" style=\"--custom-gap:0\">\n<span class=\"wp-block-microbio-blocks-badge badge-size-default is-style-white\">\n<span class=\"wp-block-microbio-blocks-icon icon-size-default\"><svg><use xlink:href=\"\/wp-content\/plugins\/microbio-blocks\/assets\/images\/icons-library.svg?ver=2.0.0#calendar\"\/><\/svg><\/span>\n12-07-2024<\/span>\n\n\n\n<p class=\"has-text-align-center has-heading-4-font-size\">Plan directeur RSE<\/p>\n<\/div>\n<\/a>\n\n\n\n<a class=\"wp-block-microbio-blocks-card-bg zoom-in-hover-disabled card-align-start has-grey-light-1-background-color has-background\" style=\"--border-radius:12px\" target=\"_blank\" href=\"\/wp-content\/uploads\/2025\/10\/av1721798671.pdf\" rel=\"noopener nofollow noreferrer\" title=\"Descarga el documento\">\n<div class=\"wp-block-microbio-blocks-flex aligncenter flex-align-center flex-justify-center flex-gap-1 flex-columns wp-block-microbio-blocks-simple-card-link--content\" style=\"--custom-gap:0\">\n<span class=\"wp-block-microbio-blocks-badge badge-size-default is-style-white\">\n<span class=\"wp-block-microbio-blocks-icon icon-size-default\"><svg><use xlink:href=\"\/wp-content\/plugins\/microbio-blocks\/assets\/images\/icons-library.svg?ver=2.0.0#calendar\"\/><\/svg><\/span>\n05-04-2024<\/span>\n\n\n\n<p class=\"has-text-align-center has-heading-4-font-size\">Dix principes du Pacte mondial des Nations Unies<\/p>\n<\/div>\n<\/a>\n\n\n\n<a class=\"wp-block-microbio-blocks-card-bg zoom-in-hover-disabled card-align-start has-grey-light-1-background-color has-background\" style=\"--border-radius:12px\" target=\"_blank\" href=\"\/wp-content\/uploads\/2025\/10\/av1710422257.pdf\" rel=\"noopener nofollow noreferrer\" title=\"Descarga el documento\">\n<div class=\"wp-block-microbio-blocks-flex aligncenter flex-align-center flex-justify-center flex-gap-1 flex-columns wp-block-microbio-blocks-simple-card-link--content\" style=\"--custom-gap:0\">\n<span class=\"wp-block-microbio-blocks-badge badge-size-default is-style-white\">\n<span class=\"wp-block-microbio-blocks-icon icon-size-default\"><svg><use xlink:href=\"\/wp-content\/plugins\/microbio-blocks\/assets\/images\/icons-library.svg?ver=2.0.0#calendar\"\/><\/svg><\/span>\n17-06-2024<\/span>\n\n\n\n<p class=\"has-text-align-center has-heading-4-font-size\">Politique de gestion<\/p>\n<\/div>\n<\/a>\n\n\n\n<a class=\"wp-block-microbio-blocks-card-bg zoom-in-hover-disabled card-align-start has-grey-light-1-background-color has-background\" style=\"--border-radius:12px\" target=\"_blank\" href=\"\/wp-content\/uploads\/2025\/10\/av1721798612.pdf\" rel=\"noopener nofollow noreferrer\" title=\"Descarga el documento\">\n<div class=\"wp-block-microbio-blocks-flex aligncenter flex-align-center flex-justify-center flex-gap-1 flex-columns wp-block-microbio-blocks-simple-card-link--content\" style=\"--custom-gap:0\">\n<span class=\"wp-block-microbio-blocks-badge badge-size-default is-style-white\">\n<span class=\"wp-block-microbio-blocks-icon icon-size-default\"><svg><use xlink:href=\"\/wp-content\/plugins\/microbio-blocks\/assets\/images\/icons-library.svg?ver=2.0.0#calendar\"\/><\/svg><\/span>\n05-04-2024<\/span>\n\n\n\n<p class=\"has-text-align-center has-heading-4-font-size\">Politique d\u2019achat et de sous-traitance<\/p>\n<\/div>\n<\/a>\n\n\n\n<a class=\"wp-block-microbio-blocks-card-bg zoom-in-hover-disabled card-align-start has-grey-light-1-background-color has-background\" style=\"--border-radius:12px\" target=\"_blank\" href=\"\/wp-content\/uploads\/2025\/10\/av1721799242.pdf\" rel=\"noopener nofollow noreferrer\" title=\"Descarga el documento\">\n<div class=\"wp-block-microbio-blocks-flex aligncenter flex-align-center flex-justify-center flex-gap-1 flex-columns wp-block-microbio-blocks-simple-card-link--content\" style=\"--custom-gap:0\">\n<span class=\"wp-block-microbio-blocks-badge badge-size-default is-style-white\">\n<span class=\"wp-block-microbio-blocks-icon icon-size-default\"><svg><use xlink:href=\"\/wp-content\/plugins\/microbio-blocks\/assets\/images\/icons-library.svg?ver=2.0.0#calendar\"\/><\/svg><\/span>\n17-07-2025<\/span>\n\n\n\n<p class=\"has-text-align-center has-heading-4-font-size\">Code d\u2019\u00e9thique<\/p>\n<\/div>\n<\/a>\n<\/div>\n<\/section>\n\n<section class=\"wp-block-microbio-blocks-section-v2 is-style-section-pd-xl has-primary-darkest-background-color has-background child-wide section-align-center alignfull gsap-animation-enter\" style=\"--min-height:0;--min-height-mobile:0\" data-animation-enter=\"alpha\">\n<div class=\"wp-block-microbio-blocks-flex aligncenter flex-align-center flex-justify-start flex-gap-0 flex-columns flex-max-width flex-align-self-center theme-margins\" style=\"--custom-gap:0;--flex-max-width:910px\">\n<h2 class=\"wp-block-heading has-text-align-center\">Pourquoi choisir Maxi Industries ?<\/h2>\n\n\n\n<p class=\"has-text-align-center\">Notre m\u00e9thodologie combine ing\u00e9nierie collaborative, pr\u00e9-simulation, fabrication interne et support apr\u00e8s-vente, garantissant la continuit\u00e9 et la performance du syst\u00e8me \u00e0 long terme.<\/p>\n<\/div>\n\n\n\n<div class=\"wp-block-microbio-blocks-grid grid-align-stretch grid-gap-none grid-border-inner grid-border-inner-clients grid-border-inner-clients-3\" style=\"margin-top:var(--wp--preset--spacing--space-m)\">\n<div class=\"wp-block-microbio-blocks-grid-cell grid-row-1 grid-column-4 grid-column-mobile-4\" style=\"--mobile-order:\">\n<div class=\"wp-block-microbio-blocks-flex flex-align-start flex-justify-end flex-columns shrink\" style=\"--custom-gap:16px\">\n<span class=\"wp-block-microbio-blocks-icon icon-size-default has-secondary-color has-text-color has-link-color wp-elements-d96b39cc02359fd5927704a20edae01a\"><svg><use xlink:href=\"\/wp-content\/themes\/industrias-maxi-theme\/assets\/img\/maxi-icons.svg?ver=#thumb-fill\"\/><\/svg><\/span>\n\n\n\n<h3 class=\"wp-block-heading has-heading-4-font-size\">Exp\u00e9rience et leadership<\/h3>\n\n\n\n<p>Avec plus de 50 ans d\u2019exp\u00e9rience dans le secteur, nous travaillons avec de grands clients proposant des solutions industrielles r\u00e9pondant aux plus hauts standards de qualit\u00e9 et de fiabilit\u00e9.<\/p>\n<\/div>\n<\/div>\n\n\n\n<div class=\"wp-block-microbio-blocks-grid-cell grid-row-1 grid-column-4 grid-column-mobile-4\" style=\"--mobile-order:\">\n<div class=\"wp-block-microbio-blocks-flex flex-align-start flex-justify-end flex-columns shrink\" style=\"--custom-gap:16px\">\n<span class=\"wp-block-microbio-blocks-icon icon-size-default has-secondary-color has-text-color has-link-color wp-elements-1f8e8738f72cd2bd2e5a916c2d7cfc01\"><svg><use xlink:href=\"\/wp-content\/themes\/industrias-maxi-theme\/assets\/img\/maxi-icons.svg#team\"\/><\/svg><\/span>\n\n\n\n<h3 class=\"wp-block-heading has-heading-4-font-size\">Solutions personnalis\u00e9es<\/h3>\n\n\n\n<p>Chaque projet est unique. Nous concevons des solutions cl\u00e9s en main sur mesure qui optimisent l\u2019efficacit\u00e9 et les ressources de votre entreprise, en s\u2019adaptant \u00e0 vos besoins sp\u00e9cifiques. <\/p>\n<\/div>\n<\/div>\n\n\n\n<div class=\"wp-block-microbio-blocks-grid-cell grid-row-1 grid-column-4 grid-column-mobile-4\" style=\"--mobile-order:\">\n<div class=\"wp-block-microbio-blocks-flex flex-align-start flex-justify-end flex-columns shrink\" style=\"--custom-gap:16px\">\n<span class=\"wp-block-microbio-blocks-icon icon-size-default has-secondary-color has-text-color has-link-color wp-elements-27718dffe8489d43ad3d4108330961fe\"><svg><use xlink:href=\"\/wp-content\/themes\/industrias-maxi-theme\/assets\/img\/maxi-icons.svg#message\"\/><\/svg><\/span>\n\n\n\n<h3 class=\"wp-block-heading has-heading-4-font-size\">Support technique<\/h3>\n\n\n\n<p>Nous proposons un support apr\u00e8s-vente et une formation technique, garantissant que nos solutions continuent de fonctionner \u00e0 leur meilleur niveau et que votre \u00e9quipe est toujours pr\u00e9par\u00e9e.<\/p>\n<\/div>\n<\/div>\n<\/div>\n<\/section>\n","protected":false},"excerpt":{"rendered":"","protected":false},"author":1,"featured_media":0,"parent":0,"menu_order":0,"comment_status":"closed","ping_status":"closed","template":"","meta":{"footnotes":""},"class_list":["post-1150","page","type-page","status-publish","hentry"],"_links":{"self":[{"href":"https:\/\/www.industrias-maxi.es\/fr\/wp-json\/wp\/v2\/pages\/1150","targetHints":{"allow":["GET"]}}],"collection":[{"href":"https:\/\/www.industrias-maxi.es\/fr\/wp-json\/wp\/v2\/pages"}],"about":[{"href":"https:\/\/www.industrias-maxi.es\/fr\/wp-json\/wp\/v2\/types\/page"}],"author":[{"embeddable":true,"href":"https:\/\/www.industrias-maxi.es\/fr\/wp-json\/wp\/v2\/users\/1"}],"replies":[{"embeddable":true,"href":"https:\/\/www.industrias-maxi.es\/fr\/wp-json\/wp\/v2\/comments?post=1150"}],"version-history":[{"count":2,"href":"https:\/\/www.industrias-maxi.es\/fr\/wp-json\/wp\/v2\/pages\/1150\/revisions"}],"predecessor-version":[{"id":1153,"href":"https:\/\/www.industrias-maxi.es\/fr\/wp-json\/wp\/v2\/pages\/1150\/revisions\/1153"}],"wp:attachment":[{"href":"https:\/\/www.industrias-maxi.es\/fr\/wp-json\/wp\/v2\/media?parent=1150"}],"curies":[{"name":"wp","href":"https:\/\/api.w.org\/{rel}","templated":true}]}}