{"id":1156,"date":"2025-09-23T11:17:58","date_gmt":"2025-09-23T09:17:58","guid":{"rendered":"https:\/\/www.industrias-maxi.es\/depaletteurs\/"},"modified":"2026-02-09T10:23:43","modified_gmt":"2026-02-09T09:23:43","slug":"depaletteurs","status":"publish","type":"page","link":"https:\/\/www.industrias-maxi.es\/fr\/alimentation\/depaletteurs\/","title":{"rendered":"D\u00e9paletteurs"},"content":{"rendered":"\n<section class=\"wp-block-microbio-blocks-section-v2 is-style-section-pd-xl has-grey-dark-1-background-color has-background child-wide section-align-end alignfull section-bg section-ramp section-bg-ramp-theme\" style=\"--min-height:60vh;--min-height-mobile:0;--img:url('https:\/\/www.industrias-maxi.es\/wp-content\/uploads\/2025\/09\/industrias-maxi-32.webp');--focal:50% 50%;--img-mobile:url('https:\/\/www.industrias-maxi.es\/wp-content\/uploads\/2025\/09\/industrias-maxi-32-1024x683.webp');--focal-mobile:50% 50%;--img-large:url('https:\/\/www.industrias-maxi.es\/wp-content\/uploads\/2025\/09\/industrias-maxi-32-1024x683.webp')\" data-animation-enter=\"alpha\">\n<div class=\"wp-block-microbio-blocks-flex flex-align-start flex-justify-start flex-gap-0 flex-columns flex-max-width theme-margins\" style=\"--custom-gap:0;--flex-max-width:950px\">\n<span class=\"wp-block-microbio-blocks-badge badge-size-default is-style-white\">SECTEUR ALIMENTAIRE<\/span>\n\n\n\n<h1 class=\"wp-block-heading\">D\u00e9paletteurs automatiques con\u00e7us pour optimiser vos processus industriels<\/h1>\n\n\n\n<p>Le d\u00e9paletage est la premi\u00e8re \u00e9tape de nombreuses cha\u00eenes de production, et aussi l\u2019une des plus cruciales. Chez Industrias Maxi, nous d\u00e9veloppons des d\u00e9paletteurs automatiques qui permettent au processus industriel de d\u00e9marrer avec une efficacit\u00e9 maximale, r\u00e9duisant les temps d\u2019arr\u00eat, \u00e9vitant les erreurs et am\u00e9liorant les conditions de travail d\u00e8s le premier mouvement. <\/p>\n\n\n\n<p>Qu\u2019il s\u2019agisse de mati\u00e8res premi\u00e8res, de produits interm\u00e9diaires ou de biens emball\u00e9s, nos syst\u00e8mes sont con\u00e7us pour s\u2019adapter \u00e0 diff\u00e9rents formats et rythmes de travail, maintenant un flux continu d\u2019entr\u00e9es en ligne.<\/p>\n\n\n\n<p>L\u2019objectif est clair : automatiser le d\u00e9marrage du processus, garantissant la stabilit\u00e9, la s\u00e9curit\u00e9 et la flexibilit\u00e9 op\u00e9rationnelle d\u00e8s le d\u00e9part.<\/p>\n\n\n\n<a class=\"wp-block-microbio-blocks-button btn-size-default btn-icon is-style-secondary\" target=\"\" href=\"https:\/\/www.industrias-maxi.es\/fr\/contact\/\" rel=\"noopener\" title=\"Contactez-nous\"><span>Contactez-nous<\/span><svg width=\"15\" height=\"15\"><use xlink:href=\"\/wp-content\/plugins\/microbio-blocks\/assets\/images\/icons-library.svg?ver=2.0.0#arrow\"\/><\/svg><\/a>\n<\/div>\n<\/section>\n\n<section class=\"wp-block-microbio-blocks-section-v2 is-style-section-pd-xl child-wide section-align-center alignfull\" style=\"--min-height:0;--min-height-mobile:0\" data-animation-enter=\"alpha\">\n<div class=\"wp-block-microbio-blocks-grid  grid-align-stretch grid-gap-none border-grid\">\n<div class=\"wp-block-microbio-blocks-grid-cell  grid-row-1 grid-column-7 grid-column-mobile-4\" style=\"--mobile-order:\">\n<div class=\"wp-block-microbio-blocks-flex flex-align-start flex-justify-start flex-gap-0 flex-max-width theme-margins\" style=\"--custom-gap:0;--flex-max-width:617px\">\n<h2 class=\"wp-block-heading\">Am\u00e9liorez le rythme de votre ligne d\u00e8s le premier mouvement<\/h2>\n\n\n\n<p><strong>L\u2019automatisation du d\u00e9palettetage<\/strong> permet de maintenir un rythme constant et contr\u00f4l\u00e9 d\u2019entr\u00e9e de produit dans la gamme, \u00e9vitant les goulets d\u2019\u00e9tranglement habituels au d\u00e9but du processus.<\/p>\n\n\n\n<p>Avec des syst\u00e8mes de vision, des capteurs de charge et un contr\u00f4le synchronis\u00e9, nos d\u00e9palettiseurs travaillent de mani\u00e8re autonome ou collaborative pour alimenter la ligne de mani\u00e8re continue, ordonn\u00e9e et adapt\u00e9e au flux r\u00e9el de production.<br\/>Le r\u00e9sultat est <strong>une meilleure utilisation du temps, moins d\u2019interventions manuelles et un d\u00e9marrage de la ligne plus pr\u00e9visible et contr\u00f4l\u00e9<\/strong>.<\/p>\n<\/div>\n<\/div>\n\n\n\n<div class=\"wp-block-microbio-blocks-grid-cell  grid-row-1 grid-column-5 grid-column-mobile-4\" style=\"--mobile-order:\">\n<figure class=\"wp-block-image size-large\"><img decoding=\"async\" width=\"1024\" height=\"603\" src=\"https:\/\/www.industrias-maxi.es\/wp-content\/uploads\/2025\/12\/Alimentacion-robot-unitario-1024x603.webp\" alt=\"\" class=\"wp-image-835\" srcset=\"https:\/\/www.industrias-maxi.es\/wp-content\/uploads\/2025\/12\/Alimentacion-robot-unitario-1024x603.webp 1024w, https:\/\/www.industrias-maxi.es\/wp-content\/uploads\/2025\/12\/Alimentacion-robot-unitario-300x177.webp 300w, https:\/\/www.industrias-maxi.es\/wp-content\/uploads\/2025\/12\/Alimentacion-robot-unitario-768x453.webp 768w, https:\/\/www.industrias-maxi.es\/wp-content\/uploads\/2025\/12\/Alimentacion-robot-unitario-1536x905.webp 1536w, https:\/\/www.industrias-maxi.es\/wp-content\/uploads\/2025\/12\/Alimentacion-robot-unitario-500x295.webp 500w, https:\/\/www.industrias-maxi.es\/wp-content\/uploads\/2025\/12\/Alimentacion-robot-unitario.webp 1580w\" sizes=\"(max-width: 1024px) 100vw, 1024px\" \/><\/figure>\n<\/div>\n<\/div>\n<\/section>\n\n<section class=\"wp-block-microbio-blocks-section-v2 is-style-section-pd-xl has-grey-dark-1-background-color has-background child-wide section-align-center alignfull gsap-animation-enter\" style=\"--min-height:0;--min-height-mobile:0\" data-animation-enter=\"bottom-to-top\">\n<div class=\"wp-block-microbio-blocks-grid  grid-align-start grid-gap-sm\">\n<div class=\"wp-block-microbio-blocks-grid-cell  grid-row-1 grid-column-6 grid-column-mobile-4\" style=\"--mobile-order:\">\n<h2 class=\"wp-block-heading\">Syst\u00e8mes automatiques, semi-automatiques ou collaboratifs<\/h2>\n<\/div>\n\n\n\n<div class=\"wp-block-microbio-blocks-grid-cell  grid-row-1 grid-column-6 grid-column-mobile-4\" style=\"--mobile-order:\">\n<p>Nous concevons trois niveaux d\u2019automatisation selon le type d\u2019environnement et choisissons le mod\u00e8le le plus efficace selon vos besoins r\u00e9els, l\u2019espace disponible et le type d\u2019emballage \u00e0 traiter.<\/p>\n<\/div>\n<\/div>\n\n\n\n<div class=\"wp-block-microbio-blocks-flex flex-align-stretch flex-justify-start flex-gap-0 flex-columns no-wrap table-style-border\" style=\"margin-top:var(--wp--preset--spacing--space-xxl);--custom-gap:0\">\n<div class=\"wp-block-microbio-blocks-grid  grid-align-start grid-gap-sm\">\n<div class=\"wp-block-microbio-blocks-grid-cell  grid-row-1 grid-column-6 grid-column-mobile-4\" style=\"--mobile-order:\">\n<div class=\"wp-block-microbio-blocks-flex flex-align-start flex-justify-start no-wrap flex-max-width\" style=\"--custom-gap:28px;--flex-max-width:500px\">\n<p class=\"shrink-0 has-secondary-color has-text-color has-link-color has-heading-3-font-size wp-elements-43af5f375da71d5bb5dfa8762b80fe97\">01<\/p>\n\n\n\n<p class=\"has-secondary-color has-text-color has-link-color has-heading-3-font-size wp-elements-19319053a86b6de0fe87774869c726ae\">Automatique<\/p>\n<\/div>\n<\/div>\n\n\n\n<div class=\"wp-block-microbio-blocks-grid-cell  grid-row-1 grid-column-6 grid-column-mobile-4\" style=\"--mobile-order:\">\n<p>Pour des environnements \u00e0 cadence \u00e9lev\u00e9e, marges faibles avec une intervention humaine minimale.<\/p>\n<\/div>\n<\/div>\n\n\n\n<div class=\"wp-block-microbio-blocks-grid  grid-align-start grid-gap-sm\">\n<div class=\"wp-block-microbio-blocks-grid-cell  grid-row-1 grid-column-6 grid-column-mobile-4\" style=\"--mobile-order:\">\n<div class=\"wp-block-microbio-blocks-flex flex-align-start flex-justify-start no-wrap flex-max-width\" style=\"--custom-gap:28px;--flex-max-width:500px\">\n<p class=\"shrink-0 has-secondary-color has-text-color has-link-color has-heading-3-font-size wp-elements-b5335293f9c7ef5153661b8d39ee3de9\">02<\/p>\n\n\n\n<p class=\"has-secondary-color has-text-color has-link-color has-heading-3-font-size wp-elements-22a5121474d3de464821a52d04bf7ec4\">Semi-automatique<\/p>\n<\/div>\n<\/div>\n\n\n\n<div class=\"wp-block-microbio-blocks-grid-cell  grid-row-1 grid-column-6 grid-column-mobile-4\" style=\"--mobile-order:\">\n<p>Id\u00e9al pour des processus mixtes ou des lignes avec variabilit\u00e9 des formats.<\/p>\n<\/div>\n<\/div>\n\n\n\n<div class=\"wp-block-microbio-blocks-grid  grid-align-start grid-gap-sm\">\n<div class=\"wp-block-microbio-blocks-grid-cell  grid-row-1 grid-column-6 grid-column-mobile-4\" style=\"--mobile-order:\">\n<div class=\"wp-block-microbio-blocks-flex flex-align-start flex-justify-start no-wrap flex-max-width\" style=\"--custom-gap:28px;--flex-max-width:500px\">\n<p class=\"shrink-0 has-secondary-color has-text-color has-link-color has-heading-3-font-size wp-elements-63d88fb07e5d1c58d8c1582c043c42c7\">03<\/p>\n\n\n\n<p class=\"has-secondary-color has-text-color has-link-color has-heading-3-font-size wp-elements-6e86e398f80874155cb9ab5ee88d6444\">Collaboratif<\/p>\n<\/div>\n<\/div>\n\n\n\n<div class=\"wp-block-microbio-blocks-grid-cell  grid-row-1 grid-column-6 grid-column-mobile-4\" style=\"--mobile-order:\">\n<p>Permettre une interaction s\u00e9curis\u00e9e avec l\u2019op\u00e9rateur sur des t\u00e2ches sp\u00e9cifiques<\/p>\n<\/div>\n<\/div>\n<\/div>\n<\/section>\n\n<section class=\"wp-block-microbio-blocks-section-v2 is-style-section-pd-xl child-wide section-align-center alignfull gsap-animation-enter\" style=\"--min-height:0;--min-height-mobile:0\" data-animation-enter=\"bottom-to-top\">\n<div class=\"wp-block-microbio-blocks-grid  grid-align-stretch grid-gap-none border-grid\">\n<div class=\"wp-block-microbio-blocks-grid-cell  grid-row-1 grid-column-7 grid-column-mobile-4\" style=\"--mobile-order:\">\n<div class=\"wp-block-microbio-blocks-flex flex-align-start flex-justify-start flex-gap-0 flex-max-width theme-margins\" style=\"--custom-gap:0;--flex-max-width:617px\">\n<h2 class=\"wp-block-heading\">Solutions adapt\u00e9es au format et au volume de travail<\/h2>\n\n\n\n<p>Chaque <strong>d\u00e9papaletiseur<\/strong> est configur\u00e9 selon le type de produit et sa pr\u00e9sentation : bo\u00eetes, sacs, plateaux, bouteilles, contenants en verre, bo\u00eetes, etc.<\/p>\n\n\n\n<p>Nous calibrons \u00e9galement la vitesse du syst\u00e8me pour qu\u2019il se synchronise avec la ligne qu\u2019il alimente, \u00e9vitant ainsi les accumulations ou d\u00e9s\u00e9quilibres dans le flux.<br\/>Cela permet de maintenir la qualit\u00e9 et la production sans sacrifier la flexibilit\u00e9 ni l\u2019occupation de l\u2019espace.<\/p>\n<\/div>\n<\/div>\n\n\n\n<div class=\"wp-block-microbio-blocks-grid-cell  grid-row-1 grid-column-5 grid-column-mobile-4\" style=\"--mobile-order:\">\n<figure class=\"wp-block-image size-large\"><img decoding=\"async\" width=\"1024\" height=\"580\" src=\"https:\/\/www.industrias-maxi.es\/wp-content\/uploads\/2025\/12\/Alimentacion-planta-1024x580.webp\" alt=\"\" class=\"wp-image-840\" srcset=\"https:\/\/www.industrias-maxi.es\/wp-content\/uploads\/2025\/12\/Alimentacion-planta-1024x580.webp 1024w, https:\/\/www.industrias-maxi.es\/wp-content\/uploads\/2025\/12\/Alimentacion-planta-300x170.webp 300w, https:\/\/www.industrias-maxi.es\/wp-content\/uploads\/2025\/12\/Alimentacion-planta-768x435.webp 768w, https:\/\/www.industrias-maxi.es\/wp-content\/uploads\/2025\/12\/Alimentacion-planta-1536x870.webp 1536w, https:\/\/www.industrias-maxi.es\/wp-content\/uploads\/2025\/12\/Alimentacion-planta-500x283.webp 500w, https:\/\/www.industrias-maxi.es\/wp-content\/uploads\/2025\/12\/Alimentacion-planta.webp 1644w\" sizes=\"(max-width: 1024px) 100vw, 1024px\" \/><\/figure>\n<\/div>\n<\/div>\n<\/section>\n\n<section class=\"wp-block-microbio-blocks-section-v2 is-style-section-pd-xl has-grey-light-2-background-color has-background child-wide section-align-center alignfull gsap-animation-enter\" style=\"--min-height:0;--min-height-mobile:0\" data-animation-enter=\"bottom-to-top\">\n<div class=\"wp-block-microbio-blocks-grid  grid-align-start grid-gap-lg\">\n<div class=\"wp-block-microbio-blocks-grid-cell  grid-row-1 grid-column-6 grid-column-mobile-4\" style=\"--mobile-order:\">\n<h2 class=\"wp-block-heading\">Pr\u00e9venez les blessures et les erreurs avec des syst\u00e8mes plus intelligents<\/h2>\n<\/div>\n\n\n\n<div class=\"wp-block-microbio-blocks-grid-cell  grid-row-1 grid-column-6 grid-column-mobile-4\" style=\"--mobile-order:\">\n<p class=\"has-text-align-left\">L\u2019\u00e9limination des t\u00e2ches r\u00e9p\u00e9titives et physiquement exigeantes a un impact direct sur la sant\u00e9 de l\u2019\u00e9quipe et la stabilit\u00e9 du processus.<\/p>\n\n\n\n<p class=\"has-text-align-left\"><strong>Les d\u00e9paletteurs automatiques<\/strong> r\u00e9duisent la manipulation manuelle des charges, diminuant ainsi le risque de blessure et am\u00e9liorant les conditions g\u00e9n\u00e9rales de l\u2019environnement de travail.<\/p>\n<\/div>\n<\/div>\n\n\n\n<div class=\"wp-block-microbio-blocks-flex flex-align-stretch flex-justify-start flex-gap-0 flex-columns no-wrap theme-margins table-style-border\" style=\"margin-top:var(--wp--preset--spacing--space-xl);--custom-gap:0\">\n<div class=\"wp-block-microbio-blocks-grid  grid-align-stretch grid-gap-lg\">\n<div class=\"wp-block-microbio-blocks-grid-cell  grid-row-1 grid-column-6 grid-column-mobile-4\" style=\"--mobile-order:-1\">\n<div class=\"wp-block-microbio-blocks-flex flex-align-start flex-justify-start flex-gap-0 flex-max-width\" style=\"--custom-gap:0;--flex-max-width:450px\">\n<h3 class=\"wp-block-heading has-primary-color has-text-color has-link-color wp-elements-70ce5a58965836ac980dd5b2497f343c\">R\u00e9duction des efforts humains et renforcement de la s\u00e9curit\u00e9 op\u00e9rationnelle<\/h3>\n<\/div>\n<\/div>\n\n\n\n<div class=\"wp-block-microbio-blocks-grid-cell  grid-row-1 grid-column-6 grid-column-mobile-4\" style=\"--mobile-order:\">\n<p>Des syst\u00e8mes \u00e9quip\u00e9s de capteurs, d\u2019interverrouillages de s\u00e9curit\u00e9 et de contr\u00f4le d\u2019acc\u00e8s garantissent <strong>un fonctionnement fiable, stable et s\u00fbr<\/strong>.<\/p>\n\n\n\n<p>En plus de prot\u00e9ger les op\u00e9rateurs, ils contribuent \u00e9galement \u00e0 maintenir la qualit\u00e9 du produit, en \u00e9vitant les chocs, les basculements ou les dommages dus \u00e0 une mauvaise manipulation.<\/p>\n<\/div>\n<\/div>\n<\/div>\n<\/section>\n\n<section class=\"wp-block-microbio-blocks-section-v2 is-style-section-pd-xl child-wide section-align-center alignfull gsap-animation-enter\" style=\"--min-height:0;--min-height-mobile:0\" data-animation-enter=\"bottom-to-top\">\n<div class=\"wp-block-microbio-blocks-grid  grid-align-start grid-gap-lg\">\n<div class=\"wp-block-microbio-blocks-grid-cell  grid-row-1 grid-column-6 grid-column-mobile-4\" style=\"--mobile-order:\">\n<h2 class=\"wp-block-heading\">Nous int\u00e9grons le d\u00e9papaletiseur \u00e0 votre gamme sans ralentir la production<\/h2>\n<\/div>\n\n\n\n<div class=\"wp-block-microbio-blocks-grid-cell  grid-row-1 grid-column-6 grid-column-mobile-4\" style=\"--mobile-order:\">\n<p class=\"has-text-align-left\">Nous concevons nos solutions pour s\u2019int\u00e9grer sans avoir \u00e0 reconfigurer compl\u00e8tement votre usine.<\/p>\n\n\n\n<p class=\"has-text-align-left\">Nous r\u00e9alisons des \u00e9tudes pr\u00e9liminaires de la disposition et du flux de fonctionnement afin d\u2019installer le syst\u00e8me <strong>avec un minimum d\u2019interf\u00e9rences et sans affecter les op\u00e9rations quotidiennes<\/strong>.<\/p>\n<\/div>\n<\/div>\n\n\n\n<div class=\"wp-block-microbio-blocks-flex flex-align-stretch flex-justify-start flex-gap-0 flex-columns no-wrap theme-margins table-style-border table-style-border-light\" style=\"margin-top:var(--wp--preset--spacing--space-xl);--custom-gap:0\">\n<div class=\"wp-block-microbio-blocks-grid  grid-align-stretch grid-gap-lg\">\n<div class=\"wp-block-microbio-blocks-grid-cell  grid-row-1 grid-column-6 grid-column-mobile-4\" style=\"--mobile-order:-1\">\n<div class=\"wp-block-microbio-blocks-flex flex-align-start flex-justify-start flex-gap-0 flex-max-width\" style=\"--custom-gap:0;--flex-max-width:450px\">\n<h3 class=\"wp-block-heading has-primary-color has-text-color has-link-color wp-elements-48d6c50bf1c796efee7bccbffe684054\">Connectivit\u00e9 avec les convoyeurs, robots et API<\/h3>\n<\/div>\n<\/div>\n\n\n\n<div class=\"wp-block-microbio-blocks-grid-cell  grid-row-1 grid-column-6 grid-column-mobile-4\" style=\"--mobile-order:\">\n<p>Nos d\u00e9d\u00e9paletteurs peuvent \u00eatre connect\u00e9s \u00e0 d\u2019autres syst\u00e8mes en utilisant des protocoles standards.<\/p>\n\n\n\n<p>Cela assure <strong>une synchronisation parfaite<\/strong> avec les convoyeurs automatiques, les cellules robotiques, les syst\u00e8mes de palettes, les scanners ou les \u00e9quipements de contr\u00f4le qualit\u00e9.<\/p>\n<\/div>\n<\/div>\n\n\n\n<div class=\"wp-block-microbio-blocks-grid  grid-align-stretch grid-gap-lg\">\n<div class=\"wp-block-microbio-blocks-grid-cell  grid-row-1 grid-column-6 grid-column-mobile-4\" style=\"--mobile-order:-1\">\n<div class=\"wp-block-microbio-blocks-flex flex-align-start flex-justify-start flex-gap-0 flex-max-width\" style=\"--custom-gap:0;--flex-max-width:450px\">\n<h3 class=\"wp-block-heading has-primary-color has-text-color has-link-color wp-elements-e8e07d93263390945d7be0f63e64ca6a\">Compact, modulaire et \u00e9conomie d\u2019espace<\/h3>\n<\/div>\n<\/div>\n\n\n\n<div class=\"wp-block-microbio-blocks-grid-cell  grid-row-1 grid-column-6 grid-column-mobile-4\" style=\"--mobile-order:\">\n<p>Nous concevons des syst\u00e8mes <strong>compacts et modulaires<\/strong> qui s\u2019adaptent aux espaces restreints, avec la possibilit\u00e9 d\u2019expansion ou de reconfiguration au fur et \u00e0 mesure de l\u2019\u00e9volution de la ligne.<\/p>\n\n\n\n<p>Cela vous permet <strong>de cro\u00eetre sans r\u00e9investir de z\u00e9ro<\/strong>, tout en maintenant la r\u00e9gularit\u00e9 des flux existants.<\/p>\n<\/div>\n<\/div>\n<\/div>\n<\/section>\n\n<section class=\"wp-block-microbio-blocks-section-v2 is-style-section-pd-xl has-grey-light-1-background-color has-background child-wide section-align-center alignfull\" style=\"--min-height:0;--min-height-mobile:0\" data-animation-enter=\"alpha\">\n<div class=\"wp-block-microbio-blocks-animate-block  gsap-animation-enter\" data-animation-enter=\"bottom-to-top\" data-animation-scroll=\"bottom\" data-animation-scroll-measure=\"100\" data-animation-scroll-mobile=\"none\" data-animation-scroll-mobile-measure=\"50\">\n<div class=\"wp-block-microbio-blocks-flex aligncenter flex-align-center flex-justify-space-between flex-gap-2 micro-banner-padding has-white-background-color has-background\" style=\"--custom-gap:0\">\n<div class=\"wp-block-microbio-blocks-flex flex-align-start flex-justify-start flex-gap-0 flex-columns flex-max-width theme-margins\" style=\"margin-top:0;margin-bottom:0;--custom-gap:0;--flex-max-width:560px\">\n<h3 class=\"wp-block-heading\" style=\"margin-top:0;margin-bottom:0\">Produits associ\u00e9s<\/h3>\n\n\n\n<p style=\"padding-top:var(--wp--preset--spacing--space-xs);padding-bottom:0\">D\u00e9couvrez nos lignes de production<\/p>\n<\/div>\n\n\n\n<a class=\"wp-block-microbio-blocks-button btn-size-default btn-icon\" target=\"\" href=\"https:\/\/www.industrias-maxi.es\/fr\/ce-que-nous-faisons\/lignes-de-production\/\" rel=\"noopener\" title=\"\"><span>voir les lignes de production<\/span><svg width=\"15\" height=\"15\"><use xlink:href=\"\/wp-content\/plugins\/microbio-blocks\/assets\/images\/icons-library.svg?ver=2.0.0#arrow\"\/><\/svg><\/a>\n<\/div>\n<\/div>\n<\/section>\n\n<section class=\"wp-block-microbio-blocks-section-v2 is-style-section-pd-xl has-primary-darkest-background-color has-background child-wide section-align-center alignfull gsap-animation-enter\" style=\"--min-height:0;--min-height-mobile:0\" data-animation-enter=\"alpha\">\n<div class=\"wp-block-microbio-blocks-flex aligncenter flex-align-center flex-justify-start flex-gap-0 flex-columns flex-max-width flex-align-self-center theme-margins\" style=\"--custom-gap:0;--flex-max-width:910px\">\n<h2 class=\"wp-block-heading has-text-align-center\">Pourquoi choisir Maxi Industries ?<\/h2>\n\n\n\n<p class=\"has-text-align-center\">Notre m\u00e9thodologie combine ing\u00e9nierie collaborative, pr\u00e9-simulation, fabrication interne et support apr\u00e8s-vente, garantissant la continuit\u00e9 et la performance du syst\u00e8me \u00e0 long terme.<\/p>\n<\/div>\n\n\n\n<div class=\"wp-block-microbio-blocks-grid grid-align-stretch grid-gap-none grid-border-inner grid-border-inner-clients grid-border-inner-clients-3\" style=\"margin-top:var(--wp--preset--spacing--space-m)\">\n<div class=\"wp-block-microbio-blocks-grid-cell grid-row-1 grid-column-4 grid-column-mobile-4\" style=\"--mobile-order:\">\n<div class=\"wp-block-microbio-blocks-flex flex-align-start flex-justify-end flex-columns shrink\" style=\"--custom-gap:16px\">\n<span class=\"wp-block-microbio-blocks-icon icon-size-default has-secondary-color has-text-color has-link-color wp-elements-d96b39cc02359fd5927704a20edae01a\"><svg><use xlink:href=\"\/wp-content\/themes\/industrias-maxi-theme\/assets\/img\/maxi-icons.svg?ver=#thumb-fill\"\/><\/svg><\/span>\n\n\n\n<h3 class=\"wp-block-heading has-heading-4-font-size\">Exp\u00e9rience et leadership<\/h3>\n\n\n\n<p>Avec plus de 50 ans d\u2019exp\u00e9rience dans le secteur, nous travaillons avec de grands clients proposant des solutions industrielles r\u00e9pondant aux plus hauts standards de qualit\u00e9 et de fiabilit\u00e9.<\/p>\n<\/div>\n<\/div>\n\n\n\n<div class=\"wp-block-microbio-blocks-grid-cell grid-row-1 grid-column-4 grid-column-mobile-4\" style=\"--mobile-order:\">\n<div class=\"wp-block-microbio-blocks-flex flex-align-start flex-justify-end flex-columns shrink\" style=\"--custom-gap:16px\">\n<span class=\"wp-block-microbio-blocks-icon icon-size-default has-secondary-color has-text-color has-link-color wp-elements-1f8e8738f72cd2bd2e5a916c2d7cfc01\"><svg><use xlink:href=\"\/wp-content\/themes\/industrias-maxi-theme\/assets\/img\/maxi-icons.svg#team\"\/><\/svg><\/span>\n\n\n\n<h3 class=\"wp-block-heading has-heading-4-font-size\">Solutions personnalis\u00e9es<\/h3>\n\n\n\n<p>Chaque projet est unique. Nous concevons des solutions cl\u00e9s en main sur mesure qui optimisent l\u2019efficacit\u00e9 et les ressources de votre entreprise, en s\u2019adaptant \u00e0 vos besoins sp\u00e9cifiques. <\/p>\n<\/div>\n<\/div>\n\n\n\n<div class=\"wp-block-microbio-blocks-grid-cell grid-row-1 grid-column-4 grid-column-mobile-4\" style=\"--mobile-order:\">\n<div class=\"wp-block-microbio-blocks-flex flex-align-start flex-justify-end flex-columns shrink\" style=\"--custom-gap:16px\">\n<span class=\"wp-block-microbio-blocks-icon icon-size-default has-secondary-color has-text-color has-link-color wp-elements-27718dffe8489d43ad3d4108330961fe\"><svg><use xlink:href=\"\/wp-content\/themes\/industrias-maxi-theme\/assets\/img\/maxi-icons.svg#message\"\/><\/svg><\/span>\n\n\n\n<h3 class=\"wp-block-heading has-heading-4-font-size\">Support technique<\/h3>\n\n\n\n<p>Nous proposons un support apr\u00e8s-vente et une formation technique, garantissant que nos solutions continuent de fonctionner \u00e0 leur meilleur niveau et que votre \u00e9quipe est toujours pr\u00e9par\u00e9e.<\/p>\n<\/div>\n<\/div>\n<\/div>\n<\/section>\n\n<section class=\"wp-block-microbio-blocks-section-v2 child-wide section-align-center alignfull\" style=\"margin-top:var(--wp--preset--spacing--space-lg);margin-bottom:var(--wp--preset--spacing--space-lg);--min-height:0;--min-height-mobile:0\" data-animation-enter=\"alpha\">\n<div class=\"wp-block-microbio-blocks-flex aligncenter flex-align-center flex-justify-space-between flex-gap-2 micro-banner-padding has-secondary-background-color has-background\" style=\"--custom-gap:0\">\n<div class=\"wp-block-microbio-blocks-flex flex-align-start flex-justify-start flex-gap-0 flex-max-width theme-margins\" style=\"margin-top:0;margin-bottom:0;--custom-gap:0;--flex-max-width:560px\">\n<h3 class=\"wp-block-heading\" style=\"margin-top:0;margin-bottom:0\">Faites un pas vers l\u2019avenir avec la fabrication de machines sp\u00e9ciales<\/h3>\n\n\n\n<p style=\"padding-top:var(--wp--preset--spacing--space-xs);padding-bottom:0\">L\u2019industrie 4.0 n\u2019est pas un objectif, c\u2019est la voie vers un mod\u00e8le de production plus efficace et r\u00e9silient, pr\u00eat \u00e0 relever les d\u00e9fis du march\u00e9 actuel. Chez Industrias Maxi, nous vous aidons \u00e0 franchir cette \u00e9tape avec de vraies solutions, con\u00e7ues \u00e0 partir de connaissances techniques et ayant un impact direct sur votre fonctionnement quotidien. <\/p>\n<\/div>\n\n\n\n<a class=\"wp-block-microbio-blocks-button btn-size-default btn-icon\" target=\"\" href=\"https:\/\/www.industrias-maxi.es\/fr\/contact\/\" rel=\"noopener\" title=\"  Aller sur la page de contact\"><span>Contact<\/span><svg width=\"15\" height=\"15\"><use xlink:href=\"\/wp-content\/plugins\/microbio-blocks\/assets\/images\/icons-library.svg?ver=2.0.0#arrow\"\/><\/svg><\/a>\n<\/div>\n<\/section>\n","protected":false},"excerpt":{"rendered":"","protected":false},"author":1,"featured_media":0,"parent":1171,"menu_order":0,"comment_status":"closed","ping_status":"closed","template":"","meta":{"footnotes":""},"class_list":["post-1156","page","type-page","status-publish","hentry"],"_links":{"self":[{"href":"https:\/\/www.industrias-maxi.es\/fr\/wp-json\/wp\/v2\/pages\/1156","targetHints":{"allow":["GET"]}}],"collection":[{"href":"https:\/\/www.industrias-maxi.es\/fr\/wp-json\/wp\/v2\/pages"}],"about":[{"href":"https:\/\/www.industrias-maxi.es\/fr\/wp-json\/wp\/v2\/types\/page"}],"author":[{"embeddable":true,"href":"https:\/\/www.industrias-maxi.es\/fr\/wp-json\/wp\/v2\/users\/1"}],"replies":[{"embeddable":true,"href":"https:\/\/www.industrias-maxi.es\/fr\/wp-json\/wp\/v2\/comments?post=1156"}],"version-history":[{"count":3,"href":"https:\/\/www.industrias-maxi.es\/fr\/wp-json\/wp\/v2\/pages\/1156\/revisions"}],"predecessor-version":[{"id":1531,"href":"https:\/\/www.industrias-maxi.es\/fr\/wp-json\/wp\/v2\/pages\/1156\/revisions\/1531"}],"up":[{"embeddable":true,"href":"https:\/\/www.industrias-maxi.es\/fr\/wp-json\/wp\/v2\/pages\/1171"}],"wp:attachment":[{"href":"https:\/\/www.industrias-maxi.es\/fr\/wp-json\/wp\/v2\/media?parent=1156"}],"curies":[{"name":"wp","href":"https:\/\/api.w.org\/{rel}","templated":true}]}}