{"id":1190,"date":"2025-09-18T09:59:50","date_gmt":"2025-09-18T07:59:50","guid":{"rendered":"https:\/\/www.industrias-maxi.es\/aeronautique\/"},"modified":"2026-02-13T11:56:48","modified_gmt":"2026-02-13T10:56:48","slug":"aeronautique","status":"publish","type":"page","link":"https:\/\/www.industrias-maxi.es\/fr\/aeronautique\/","title":{"rendered":"A\u00e9ronautique"},"content":{"rendered":"\n<section class=\"wp-block-microbio-blocks-section-v2 is-style-section-pd-xl has-black-background-color has-background child-wide section-align-end alignfull section-ramp section-bg-ramp-theme\" style=\"--min-height:60vh;--min-height-mobile:0;--focal:50% 50%;--focal-mobile:50% 50%\" data-animation-enter=\"alpha\"><figure class=\"wp-block-image size-full section-img-bg\"><img decoding=\"async\" width=\"2048\" height=\"1536\" src=\"https:\/\/www.industrias-maxi.es\/wp-content\/uploads\/2025\/12\/Aeronautica-Mecanizado-2.webp\" alt=\"\" class=\"wp-image-814\" srcset=\"https:\/\/www.industrias-maxi.es\/wp-content\/uploads\/2025\/12\/Aeronautica-Mecanizado-2.webp 2048w, https:\/\/www.industrias-maxi.es\/wp-content\/uploads\/2025\/12\/Aeronautica-Mecanizado-2-300x225.webp 300w, https:\/\/www.industrias-maxi.es\/wp-content\/uploads\/2025\/12\/Aeronautica-Mecanizado-2-1024x768.webp 1024w, https:\/\/www.industrias-maxi.es\/wp-content\/uploads\/2025\/12\/Aeronautica-Mecanizado-2-768x576.webp 768w, https:\/\/www.industrias-maxi.es\/wp-content\/uploads\/2025\/12\/Aeronautica-Mecanizado-2-1536x1152.webp 1536w, https:\/\/www.industrias-maxi.es\/wp-content\/uploads\/2025\/12\/Aeronautica-Mecanizado-2-500x375.webp 500w\" sizes=\"(max-width: 2048px) 100vw, 2048px\" \/><\/figure>\n<div class=\"wp-block-microbio-blocks-flex flex-align-start flex-justify-start flex-gap-0 flex-columns flex-max-width theme-margins\" style=\"--custom-gap:0;--flex-max-width:950px\">\n<h1 class=\"wp-block-heading\">Solutions industrielles pour l\u2019industrie a\u00e9ronautique<\/h1>\n\n\n\n<p>L\u2019industrie a\u00e9ronautique exige des normes de pr\u00e9cision, de tra\u00e7abilit\u00e9 et de fiabilit\u00e9 qui ne peuvent \u00eatre atteintes qu\u2019avec des solutions industrielles hautement sp\u00e9cialis\u00e9es. Chez Industrias Maxi, nous d\u00e9veloppons des syst\u00e8mes avanc\u00e9s d\u2019automatisation, de robotique, d\u2019usinage et de fabrication d\u2019outillages afin d\u2019optimiser les processus cl\u00e9s dans la production de composants a\u00e9ronautiques. <\/p>\n\n\n\n<a class=\"wp-block-microbio-blocks-button btn-size-default btn-icon is-style-secondary\" target=\"\" href=\"https:\/\/www.industrias-maxi.es\/fr\/contact\/\" rel=\"noopener\" title=\"Aller sur la page de contact\"><span>Contactez-nous<\/span><svg width=\"15\" height=\"15\"><use xlink:href=\"\/wp-content\/plugins\/microbio-blocks\/assets\/images\/icons-library.svg?ver=2.0.0#arrow\"\/><\/svg><\/a>\n<\/div>\n<\/section>\n\n<section class=\"wp-block-microbio-blocks-section-v2 is-style-section-pd-xl has-grey-light-2-background-color has-background child-wide section-align-center alignfull\" style=\"--min-height:0;--min-height-mobile:0\" data-animation-enter=\"alpha\">\n<div class=\"wp-block-microbio-blocks-flex aligncenter flex-align-center flex-justify-start flex-gap-0 flex-columns flex-max-width flex-align-self-center theme-margins\" style=\"--custom-gap:0;--flex-max-width:910px\">\n<h2 class=\"wp-block-heading has-text-align-center\">Solutions de fabrication sur mesure pour chaque proc\u00e9d\u00e9<\/h2>\n\n\n\n<p>D\u00e9couvrez en d\u00e9tail les solutions les plus sp\u00e9cialis\u00e9es que nous proposons dans ce secteur.<\/p>\n<\/div>\n\n\n\n<div class=\"wp-block-microbio-blocks-grid-auto grid-align-stretch grid-gap-custom\" style=\"margin-top:var(--wp--preset--spacing--space-lg);--_cell-min-width:250px;--_grid-gap-custom:32px\">\n<div class=\"wp-block-microbio-blocks-animate-block gsap-animation-enter\" data-animation-enter=\"bottom-to-top\" data-animation-scroll=\"bottom\" data-animation-scroll-measure=\"100\" data-animation-scroll-mobile=\"none\" data-animation-scroll-mobile-measure=\"50\">\n<div class=\"wp-block-microbio-blocks-flex flex-align-start flex-justify-start flex-gap-0 flex-columns no-wrap\" style=\"--custom-gap:0\">\n<figure class=\"wp-block-image size-large border-grey-medium-2\"><img decoding=\"async\" width=\"1024\" height=\"768\" src=\"https:\/\/www.industrias-maxi.es\/wp-content\/uploads\/2025\/12\/Aeronautica-util-4-1024x768.webp\" alt=\"\" class=\"wp-image-773\" srcset=\"https:\/\/www.industrias-maxi.es\/wp-content\/uploads\/2025\/12\/Aeronautica-util-4-1024x768.webp 1024w, https:\/\/www.industrias-maxi.es\/wp-content\/uploads\/2025\/12\/Aeronautica-util-4-300x225.webp 300w, https:\/\/www.industrias-maxi.es\/wp-content\/uploads\/2025\/12\/Aeronautica-util-4-768x576.webp 768w, https:\/\/www.industrias-maxi.es\/wp-content\/uploads\/2025\/12\/Aeronautica-util-4-1536x1152.webp 1536w, https:\/\/www.industrias-maxi.es\/wp-content\/uploads\/2025\/12\/Aeronautica-util-4-500x375.webp 500w, https:\/\/www.industrias-maxi.es\/wp-content\/uploads\/2025\/12\/Aeronautica-util-4.webp 2048w\" sizes=\"(max-width: 1024px) 100vw, 1024px\" \/><\/figure>\n\n\n\n<div class=\"wp-block-microbio-blocks-flex flex-align-start flex-justify-start flex-columns no-wrap border-grey-medium-2 padding-card-small\" style=\"--custom-gap:16px\">\n<h3 class=\"wp-block-heading has-heading-4-font-size\">Outils a\u00e9ronautiques<\/h3>\n\n\n\n<p>Syst\u00e8mes et outils pour la fixation, le positionnement et l\u2019assemblage de sous-ensembles structurels.<\/p>\n\n\n\n<hr\/>\n\n\n\n<a class=\"wp-block-microbio-blocks-button btn-size-default btn-icon\" target=\"\" href=\"https:\/\/www.industrias-maxi.es\/fr\/aeronautique\/outils-aeronautiques\/\" rel=\"noopener\" title=\"\"><span>En savoir plus  <\/span><svg width=\"15\" height=\"15\"><use xlink:href=\"\/wp-content\/plugins\/microbio-blocks\/assets\/images\/icons-library.svg?ver=2.0.0#arrow\"\/><\/svg><\/a>\n<\/div>\n<\/div>\n<\/div>\n\n\n\n<div class=\"wp-block-microbio-blocks-animate-block gsap-animation-enter\" data-animation-enter=\"bottom-to-top\" data-animation-scroll=\"bottom\" data-animation-scroll-measure=\"100\" data-animation-scroll-mobile=\"none\" data-animation-scroll-mobile-measure=\"50\">\n<div class=\"wp-block-microbio-blocks-flex flex-align-start flex-justify-start flex-gap-0 flex-columns no-wrap\" style=\"--custom-gap:0\">\n<figure class=\"wp-block-image size-large border-grey-medium-2\"><img decoding=\"async\" width=\"768\" height=\"1024\" src=\"https:\/\/www.industrias-maxi.es\/wp-content\/uploads\/2025\/12\/Aeronautica-grada-de-montaje-768x1024.webp\" alt=\"\" class=\"wp-image-813\" srcset=\"https:\/\/www.industrias-maxi.es\/wp-content\/uploads\/2025\/12\/Aeronautica-grada-de-montaje-768x1024.webp 768w, https:\/\/www.industrias-maxi.es\/wp-content\/uploads\/2025\/12\/Aeronautica-grada-de-montaje-225x300.webp 225w, https:\/\/www.industrias-maxi.es\/wp-content\/uploads\/2025\/12\/Aeronautica-grada-de-montaje-500x667.webp 500w, https:\/\/www.industrias-maxi.es\/wp-content\/uploads\/2025\/12\/Aeronautica-grada-de-montaje.webp 1152w\" sizes=\"(max-width: 768px) 100vw, 768px\" \/><\/figure>\n\n\n\n<div class=\"wp-block-microbio-blocks-flex flex-align-start flex-justify-start flex-columns no-wrap border-grey-medium-2 padding-card-small\" style=\"--custom-gap:16px\">\n<h3 class=\"wp-block-heading has-heading-4-font-size\">Supports de montage<\/h3>\n\n\n\n<p>Des plateformes s\u00fbres et fonctionnelles pour l\u2019acc\u00e8s, l\u2019assemblage et l\u2019entretien des structures a\u00e9ronautiques.<\/p>\n\n\n\n<hr\/>\n\n\n\n<a class=\"wp-block-microbio-blocks-button btn-size-default btn-icon\" target=\"\" href=\"https:\/\/www.industrias-maxi.es\/fr\/aeronautique\/supports-de-montage\/\" rel=\"noopener\" title=\"\"><span>En savoir plus  <\/span><svg width=\"15\" height=\"15\"><use xlink:href=\"\/wp-content\/plugins\/microbio-blocks\/assets\/images\/icons-library.svg?ver=2.0.0#arrow\"\/><\/svg><\/a>\n<\/div>\n<\/div>\n<\/div>\n<\/div>\n<\/section>\n\n<section class=\"wp-block-microbio-blocks-section-v2 is-style-section-pd-xl child-wide section-align-center alignfull\" style=\"--min-height:0;--min-height-mobile:0\" data-animation-enter=\"alpha\">\n<div class=\"wp-block-microbio-blocks-flex aligncenter flex-align-center flex-justify-start flex-columns\" style=\"--custom-gap:60px\">\n<span class=\"wp-block-microbio-blocks-badge badge-size-default is-style-error big-badge\">NOTRE OBJECTIF<\/span>\n\n\n\n<p class=\"has-text-align-center is-style-microbio-animations-heading-opacity-progress has-heading-2-font-size\" style=\"line-height:1.1\">Fournir <strong>des solutions techniques<\/strong> qui aident les fabricants du secteur \u00e0 am\u00e9liorer l\u2019efficacit\u00e9 op\u00e9rationnelle, <strong>maintenir la qualit\u00e9<\/strong> \u00e0 chaque \u00e9tape et <strong>s\u2019adapter rapidement<\/strong> aux exigences r\u00e9glementaires et du march\u00e9. Qu\u2019il s\u2019agisse de la fabrication de sous-ensembles structurels, de pi\u00e8ces en fibre de carbone ou de proc\u00e9d\u00e9s d\u2019assemblage final, nos solutions permettent de faire \u00e9voluer la production sans compromettre la pr\u00e9cision. <\/p>\n<\/div>\n<\/section>\n\n<section class=\"wp-block-microbio-blocks-section-v2 is-style-section-pd-xl has-grey-light-2-background-color has-background child-wide section-align-center alignfull gsap-animation-enter\" style=\"--min-height:0;--min-height-mobile:0\" data-animation-enter=\"bottom-to-top\">\n<div class=\"wp-block-microbio-blocks-flex aligncenter flex-align-center flex-justify-start flex-gap-0 flex-columns flex-max-width flex-align-self-center theme-margins\" style=\"--custom-gap:0;--flex-max-width:910px\">\n<h2 class=\"wp-block-heading has-text-align-center\">Innovation et pr\u00e9cision dans le secteur a\u00e9ronautique<\/h2>\n\n\n\n<p class=\"has-text-align-center\">Des premiers stades de la conception des composants \u00e0 l\u2019assemblage en ligne, l\u2019industrie a\u00e9ronautique exige des proc\u00e9d\u00e9s garantissant la r\u00e9p\u00e9tabilit\u00e9 et la conformit\u00e9 avec des tol\u00e9rances strictes. Chez Industrias Maxi, nous int\u00e9grons des technologies permettant une fabrication optimis\u00e9e, stable et contr\u00f4l\u00e9e, r\u00e9duisant les erreurs humaines et garantissant la qualit\u00e9 du produit final. <\/p>\n<\/div>\n\n\n\n<div class=\"wp-block-microbio-blocks-grid-auto grid-align-stretch grid-gap-custom\" style=\"margin-top:var(--wp--preset--spacing--space-lg);--_cell-min-width:250px;--_grid-gap-custom:32px\">\n<div class=\"wp-block-microbio-blocks-flex flex-align-start flex-justify-start flex-columns no-wrap border-grey-medium-2 padding-card-small min-h-250\" style=\"--custom-gap:16px\">\n<span class=\"wp-block-microbio-blocks-icon icon-size-default has-primary-darkest-color has-grey-light-1-background-color has-text-color has-background has-link-color wp-elements-1f36700203fd2e59bb3dc5b0b9624174\"><svg><use xlink:href=\"\/wp-content\/themes\/industrias-maxi-theme\/assets\/img\/maxi-icons.svg#eye\"\/><\/svg><\/span>\n\n\n\n<h3 class=\"wp-block-heading has-primary-darkest-color has-text-color has-link-color has-heading-4-font-size wp-elements-1ee1702cdab29cc51c4aa0b5252e8409\">Vision par ordinateur<\/h3>\n\n\n\n<p>Des syst\u00e8mes d\u2019inspection automatiques garantissant la conformit\u00e9 aux sp\u00e9cifications dimensionnelles et fonctionnelles.<\/p>\n<\/div>\n\n\n\n<div class=\"wp-block-microbio-blocks-flex flex-align-start flex-justify-start flex-columns no-wrap border-grey-medium-2 padding-card-small min-h-250\" style=\"--custom-gap:16px\">\n<span class=\"wp-block-microbio-blocks-icon icon-size-default has-primary-darkest-color has-grey-light-1-background-color has-text-color has-background has-link-color wp-elements-be6d19304a331730fd12573c819d4a5e\"><svg><use xlink:href=\"\/wp-content\/themes\/industrias-maxi-theme\/assets\/img\/maxi-icons.svg#computer\"\/><\/svg><\/span>\n\n\n\n<h3 class=\"wp-block-heading has-primary-darkest-color has-text-color has-link-color has-heading-4-font-size wp-elements-7a1c62a91e86da42a010dabfb01666cf\">Simulation 3D<\/h3>\n\n\n\n<p>Mod\u00e9lisation et simulation avanc\u00e9es pour optimiser les processus avant le d\u00e9ploiement physique.<\/p>\n<\/div>\n\n\n\n<div class=\"wp-block-microbio-blocks-flex flex-align-start flex-justify-start flex-columns no-wrap border-grey-medium-2 padding-card-small min-h-250\" style=\"--custom-gap:16px\">\n<span class=\"wp-block-microbio-blocks-icon icon-size-default has-primary-darkest-color has-grey-light-1-background-color has-text-color has-background has-link-color wp-elements-d9d2b138f1b485e79c1c266d273dcf25\"><svg><use xlink:href=\"\/wp-content\/themes\/industrias-maxi-theme\/assets\/img\/maxi-icons.svg#check\"\/><\/svg><\/span>\n\n\n\n<h3 class=\"wp-block-heading has-primary-darkest-color has-text-color has-link-color has-heading-4-font-size wp-elements-ed7551f3555585cadc34112bbd082d5a\">Contr\u00f4le qualit\u00e9<\/h3>\n\n\n\n<p>Des syst\u00e8mes int\u00e9gr\u00e9s de tra\u00e7abilit\u00e9 et de contr\u00f4le garantissent la qualit\u00e9 \u00e0 chaque \u00e9tape du processus.<\/p>\n<\/div>\n<\/div>\n<\/section>\n\n<section class=\"wp-block-microbio-blocks-section-v2 is-style-section-pd-xl child-wide section-align-center alignfull\" style=\"--min-height:0;--min-height-mobile:0\" data-animation-enter=\"alpha\">\n<div class=\"wp-block-microbio-blocks-grid grid-align-stretch grid-gap-none border-grid\">\n<div class=\"wp-block-microbio-blocks-grid-cell grid-row-1 grid-column-7 grid-column-mobile-4\" style=\"--mobile-order:\">\n<div class=\"wp-block-microbio-blocks-flex flex-align-start flex-justify-start flex-gap-0 flex-max-width theme-margins\" style=\"--custom-gap:0;--flex-max-width:617px\">\n<h2 class=\"wp-block-heading\">Automatisation pour une production efficace et \u00e9volutive<\/h2>\n\n\n\n<p>L\u2019automatisation est un axe central pour garantir l\u2019efficacit\u00e9, la flexibilit\u00e9 et la scalabilit\u00e9 dans les environnements de production a\u00e9ronautique. Nous concevons des syst\u00e8mes qui automatisent des t\u00e2ches critiques telles que la manutention des pi\u00e8ces, le positionnement des sous-ensembles, l\u2019application de fixations ou la gestion d\u2019outillages complexes.<\/p>\n\n\n\n<p>Cela permet de r\u00e9duire les temps de cycle, d\u2019\u00e9viter les erreurs d\u2019assemblage et d\u2019augmenter la capacit\u00e9 de production gr\u00e2ce \u00e0 un contr\u00f4le constant du proc\u00e9d\u00e9, m\u00eame en s\u00e9ries mixtes ou \u00e0 faible volume.<\/p>\n<\/div>\n<\/div>\n\n\n\n<div class=\"wp-block-microbio-blocks-grid-cell grid-row-1 grid-column-5 grid-column-mobile-4\" style=\"--mobile-order:\">\n<figure class=\"wp-block-image size-large\"><img decoding=\"async\" width=\"768\" height=\"1024\" src=\"https:\/\/www.industrias-maxi.es\/wp-content\/uploads\/2026\/01\/Automatizacion-para-una-produccion-eficiente-y-escalable-maxi-768x1024.webp\" alt=\"\" class=\"wp-image-959\" style=\"aspect-ratio:1;object-fit:cover\" srcset=\"https:\/\/www.industrias-maxi.es\/wp-content\/uploads\/2026\/01\/Automatizacion-para-una-produccion-eficiente-y-escalable-maxi-768x1024.webp 768w, https:\/\/www.industrias-maxi.es\/wp-content\/uploads\/2026\/01\/Automatizacion-para-una-produccion-eficiente-y-escalable-maxi-225x300.webp 225w, https:\/\/www.industrias-maxi.es\/wp-content\/uploads\/2026\/01\/Automatizacion-para-una-produccion-eficiente-y-escalable-maxi-1152x1536.webp 1152w, https:\/\/www.industrias-maxi.es\/wp-content\/uploads\/2026\/01\/Automatizacion-para-una-produccion-eficiente-y-escalable-maxi-500x667.webp 500w, https:\/\/www.industrias-maxi.es\/wp-content\/uploads\/2026\/01\/Automatizacion-para-una-produccion-eficiente-y-escalable-maxi.webp 1440w\" sizes=\"(max-width: 768px) 100vw, 768px\" \/><\/figure>\n<\/div>\n<\/div>\n<\/section>\n\n<section class=\"wp-block-microbio-blocks-section-v2 is-style-section-pd-xl child-wide section-align-center alignfull\" style=\"--min-height:0;--min-height-mobile:0\" data-animation-enter=\"alpha\">\n<div class=\"wp-block-microbio-blocks-grid grid-align-stretch grid-gap-none border-grid\">\n<div class=\"wp-block-microbio-blocks-grid-cell grid-row-1 grid-column-5 grid-column-mobile-4\" style=\"--mobile-order:\">\n<figure class=\"wp-block-image size-full\"><img decoding=\"async\" width=\"728\" height=\"404\" src=\"https:\/\/www.industrias-maxi.es\/wp-content\/uploads\/2026\/01\/Robotica-avanzada-para-ensamblaje-y-manipulacion-maxi.webp\" alt=\"\" class=\"wp-image-961\" srcset=\"https:\/\/www.industrias-maxi.es\/wp-content\/uploads\/2026\/01\/Robotica-avanzada-para-ensamblaje-y-manipulacion-maxi.webp 728w, https:\/\/www.industrias-maxi.es\/wp-content\/uploads\/2026\/01\/Robotica-avanzada-para-ensamblaje-y-manipulacion-maxi-300x166.webp 300w, https:\/\/www.industrias-maxi.es\/wp-content\/uploads\/2026\/01\/Robotica-avanzada-para-ensamblaje-y-manipulacion-maxi-500x277.webp 500w\" sizes=\"(max-width: 728px) 100vw, 728px\" \/><\/figure>\n<\/div>\n\n\n\n<div class=\"wp-block-microbio-blocks-grid-cell grid-row-1 grid-column-7 grid-column-mobile-4\" style=\"--mobile-order:-1\">\n<div class=\"wp-block-microbio-blocks-flex flex-align-start flex-justify-start flex-gap-0 flex-max-width theme-margins\" style=\"--custom-gap:0;--flex-max-width:617px\">\n<h2 class=\"wp-block-heading\">Robotique avanc\u00e9e pour l\u2019assemblage et la manipulation<\/h2>\n\n\n\n<p>La robotique appliqu\u00e9e au secteur a\u00e9ronautique permet de r\u00e9soudre des t\u00e2ches aux exigences techniques \u00e9lev\u00e9es :<\/p>\n\n\n\n<ul class=\"wp-block-list\">\n<li>Assemblage de composants avec des g\u00e9om\u00e9tries complexes<\/li>\n\n\n\n<li>Manipulation de pi\u00e8ces fragiles ou \u00e0 fort volume<\/li>\n\n\n\n<li>Application des articulations avec contr\u00f4le de force et de position<\/li>\n<\/ul>\n\n\n\n<p>L\u2019int\u00e9gration de robots collaboratifs ou autonomes dans ces processus am\u00e9liore non seulement la productivit\u00e9, mais r\u00e9duit aussi la charge physique des op\u00e9rateurs et am\u00e9liore la s\u00e9curit\u00e9 de l\u2019usine. Nous travaillons avec des solutions robotiques flexibles et programmables, adaptables \u00e0 diff\u00e9rentes r\u00e9f\u00e9rences, facilement int\u00e9gr\u00e9es aux syst\u00e8mes existants de vision, de contr\u00f4le et de tra\u00e7abilit\u00e9. <\/p>\n<\/div>\n<\/div>\n<\/div>\n<\/section>\n\n<section class=\"wp-block-microbio-blocks-section-v2 is-style-section-pd-xl has-primary-darkest-background-color has-background child-wide section-align-center alignfull gsap-animation-enter\" style=\"--min-height:0;--min-height-mobile:0\" data-animation-enter=\"alpha\">\n<div class=\"wp-block-microbio-blocks-flex aligncenter flex-align-center flex-justify-start flex-gap-0 flex-columns flex-max-width flex-align-self-center theme-margins\" style=\"--custom-gap:0;--flex-max-width:910px\">\n<h2 class=\"wp-block-heading has-text-align-center\">Pourquoi choisir Maxi Industries ?<\/h2>\n\n\n\n<p class=\"has-text-align-center\">Notre m\u00e9thodologie combine ing\u00e9nierie collaborative, pr\u00e9-simulation, fabrication interne et support apr\u00e8s-vente, garantissant la continuit\u00e9 et la performance du syst\u00e8me \u00e0 long terme.<\/p>\n<\/div>\n\n\n\n<div class=\"wp-block-microbio-blocks-grid grid-align-stretch grid-gap-none grid-border-inner grid-border-inner-clients grid-border-inner-clients-3\" style=\"margin-top:var(--wp--preset--spacing--space-m)\">\n<div class=\"wp-block-microbio-blocks-grid-cell grid-row-1 grid-column-4 grid-column-mobile-4\" style=\"--mobile-order:\">\n<div class=\"wp-block-microbio-blocks-flex flex-align-start flex-justify-end flex-columns shrink\" style=\"--custom-gap:16px\">\n<span class=\"wp-block-microbio-blocks-icon icon-size-default has-secondary-color has-text-color has-link-color wp-elements-d96b39cc02359fd5927704a20edae01a\"><svg><use xlink:href=\"\/wp-content\/themes\/industrias-maxi-theme\/assets\/img\/maxi-icons.svg?ver=#thumb-fill\"\/><\/svg><\/span>\n\n\n\n<h3 class=\"wp-block-heading has-heading-4-font-size\">Exp\u00e9rience et leadership<\/h3>\n\n\n\n<p>Avec plus de 50 ans d\u2019exp\u00e9rience dans le secteur, nous travaillons avec de grands clients proposant des solutions industrielles r\u00e9pondant aux plus hauts standards de qualit\u00e9 et de fiabilit\u00e9.<\/p>\n<\/div>\n<\/div>\n\n\n\n<div class=\"wp-block-microbio-blocks-grid-cell grid-row-1 grid-column-4 grid-column-mobile-4\" style=\"--mobile-order:\">\n<div class=\"wp-block-microbio-blocks-flex flex-align-start flex-justify-end flex-columns shrink\" style=\"--custom-gap:16px\">\n<span class=\"wp-block-microbio-blocks-icon icon-size-default has-secondary-color has-text-color has-link-color wp-elements-1f8e8738f72cd2bd2e5a916c2d7cfc01\"><svg><use xlink:href=\"\/wp-content\/themes\/industrias-maxi-theme\/assets\/img\/maxi-icons.svg#team\"\/><\/svg><\/span>\n\n\n\n<h3 class=\"wp-block-heading has-heading-4-font-size\">Solutions personnalis\u00e9es<\/h3>\n\n\n\n<p>Chaque projet est unique. Nous concevons des solutions cl\u00e9s en main sur mesure qui optimisent l\u2019efficacit\u00e9 et les ressources de votre entreprise, en s\u2019adaptant \u00e0 vos besoins sp\u00e9cifiques. <\/p>\n<\/div>\n<\/div>\n\n\n\n<div class=\"wp-block-microbio-blocks-grid-cell grid-row-1 grid-column-4 grid-column-mobile-4\" style=\"--mobile-order:\">\n<div class=\"wp-block-microbio-blocks-flex flex-align-start flex-justify-end flex-columns shrink\" style=\"--custom-gap:16px\">\n<span class=\"wp-block-microbio-blocks-icon icon-size-default has-secondary-color has-text-color has-link-color wp-elements-27718dffe8489d43ad3d4108330961fe\"><svg><use xlink:href=\"\/wp-content\/themes\/industrias-maxi-theme\/assets\/img\/maxi-icons.svg#message\"\/><\/svg><\/span>\n\n\n\n<h3 class=\"wp-block-heading has-heading-4-font-size\">Support technique<\/h3>\n\n\n\n<p>Nous proposons un support apr\u00e8s-vente et une formation technique, garantissant que nos solutions continuent de fonctionner \u00e0 leur meilleur niveau et que votre \u00e9quipe est toujours pr\u00e9par\u00e9e.<\/p>\n<\/div>\n<\/div>\n<\/div>\n<\/section>\n\n<section class=\"wp-block-microbio-blocks-section-v2 is-style-section-pd-l child-wide section-align-center alignfull\" style=\"--min-height:0;--min-height-mobile:0\" data-animation-enter=\"alpha\">\n<div class=\"wp-block-microbio-blocks-flex aligncenter flex-align-center flex-justify-space-between flex-gap-2 theme-margins micro-banner-padding has-secondary-background-color has-background\" style=\"--custom-gap:0\">\n<div class=\"wp-block-microbio-blocks-flex flex-align-start flex-justify-start flex-gap-0 flex-columns no-wrap flex-max-width theme-margins\" style=\"--custom-gap:0;--flex-max-width:580px\">\n<h3 class=\"wp-block-heading\">Faites un pas vers l\u2019avenir avec la fabrication de machines sp\u00e9ciales<\/h3>\n\n\n\n<p class=\"has-body-2-font-size\">L\u2019industrie 4.0 n\u2019est pas un objectif, c\u2019est la voie vers un mod\u00e8le de production plus efficace et r\u00e9silient, pr\u00eat \u00e0 relever les d\u00e9fis du march\u00e9 actuel. Chez Industrias Maxi, nous vous aidons \u00e0 franchir cette \u00e9tape avec de vraies solutions, con\u00e7ues \u00e0 partir de connaissances techniques et ayant un impact direct sur votre fonctionnement quotidien. <\/p>\n<\/div>\n\n\n\n<a class=\"wp-block-microbio-blocks-button btn-size-default btn-icon\" target=\"\" href=\"https:\/\/www.industrias-maxi.es\/fr\/contact\/\" rel=\"noopener\" title=\"  Aller sur la page de contact\"><span>Contact<\/span><svg width=\"15\" height=\"15\"><use xlink:href=\"\/wp-content\/plugins\/microbio-blocks\/assets\/images\/icons-library.svg?ver=2.0.0#arrow\"\/><\/svg><\/a>\n<\/div>\n<\/section>\n","protected":false},"excerpt":{"rendered":"","protected":false},"author":1,"featured_media":0,"parent":0,"menu_order":0,"comment_status":"closed","ping_status":"closed","template":"","meta":{"footnotes":""},"class_list":["post-1190","page","type-page","status-publish","hentry"],"_links":{"self":[{"href":"https:\/\/www.industrias-maxi.es\/fr\/wp-json\/wp\/v2\/pages\/1190","targetHints":{"allow":["GET"]}}],"collection":[{"href":"https:\/\/www.industrias-maxi.es\/fr\/wp-json\/wp\/v2\/pages"}],"about":[{"href":"https:\/\/www.industrias-maxi.es\/fr\/wp-json\/wp\/v2\/types\/page"}],"author":[{"embeddable":true,"href":"https:\/\/www.industrias-maxi.es\/fr\/wp-json\/wp\/v2\/users\/1"}],"replies":[{"embeddable":true,"href":"https:\/\/www.industrias-maxi.es\/fr\/wp-json\/wp\/v2\/comments?post=1190"}],"version-history":[{"count":1,"href":"https:\/\/www.industrias-maxi.es\/fr\/wp-json\/wp\/v2\/pages\/1190\/revisions"}],"predecessor-version":[{"id":1194,"href":"https:\/\/www.industrias-maxi.es\/fr\/wp-json\/wp\/v2\/pages\/1190\/revisions\/1194"}],"wp:attachment":[{"href":"https:\/\/www.industrias-maxi.es\/fr\/wp-json\/wp\/v2\/media?parent=1190"}],"curies":[{"name":"wp","href":"https:\/\/api.w.org\/{rel}","templated":true}]}}