{"id":1215,"date":"2025-09-17T18:03:35","date_gmt":"2025-09-17T16:03:35","guid":{"rendered":"https:\/\/www.industrias-maxi.es\/manipulateurs\/"},"modified":"2026-02-06T14:55:45","modified_gmt":"2026-02-06T13:55:45","slug":"manipulateurs","status":"publish","type":"page","link":"https:\/\/www.industrias-maxi.es\/fr\/ce-que-nous-faisons\/manipulateurs\/","title":{"rendered":"Manipulateurs"},"content":{"rendered":"\n<section class=\"wp-block-microbio-blocks-section-v2 is-style-section-pd-xl has-grey-dark-1-background-color has-background child-wide section-align-end alignfull section-ramp section-bg-ramp-theme\" style=\"--min-height:60vh;--min-height-mobile:0;--focal:57.99999999999999% 25%;--focal-mobile:65% 27%\" data-animation-enter=\"alpha\"><figure class=\"wp-block-image size-full section-img-bg\"><img decoding=\"async\" width=\"1824\" height=\"2531\" src=\"https:\/\/www.industrias-maxi.es\/wp-content\/uploads\/2026\/01\/manipuladores-maxi.webp\" alt=\"\" class=\"wp-image-980\" srcset=\"https:\/\/www.industrias-maxi.es\/wp-content\/uploads\/2026\/01\/manipuladores-maxi.webp 1824w, https:\/\/www.industrias-maxi.es\/wp-content\/uploads\/2026\/01\/manipuladores-maxi-216x300.webp 216w, https:\/\/www.industrias-maxi.es\/wp-content\/uploads\/2026\/01\/manipuladores-maxi-738x1024.webp 738w, https:\/\/www.industrias-maxi.es\/wp-content\/uploads\/2026\/01\/manipuladores-maxi-768x1066.webp 768w, https:\/\/www.industrias-maxi.es\/wp-content\/uploads\/2026\/01\/manipuladores-maxi-1107x1536.webp 1107w, https:\/\/www.industrias-maxi.es\/wp-content\/uploads\/2026\/01\/manipuladores-maxi-1476x2048.webp 1476w, https:\/\/www.industrias-maxi.es\/wp-content\/uploads\/2026\/01\/manipuladores-maxi-500x694.webp 500w\" sizes=\"(max-width: 1824px) 100vw, 1824px\" \/><\/figure>\n<div class=\"wp-block-microbio-blocks-flex flex-align-start flex-justify-start flex-gap-0 flex-columns flex-max-width theme-margins\" style=\"--custom-gap:0;--flex-max-width:950px\">\n<h1 class=\"wp-block-heading\">Manipulateurs d\u2019assemblage pour des lignes industrielles plus s\u00fbres et plus efficaces<\/h1>\n\n\n\n<p>Chez Industrias Maxi, nous d\u00e9veloppons <strong>des manipulateurs d\u2019assemblage<\/strong> con\u00e7us pour am\u00e9liorer la productivit\u00e9, la s\u00e9curit\u00e9 et l\u2019ergonomie dans les cha\u00eenes de montage industrielles.<\/p>\n\n\n\n<p>Ces syst\u00e8mes permettent de manipuler les pi\u00e8ces de mani\u00e8re pr\u00e9cise, contr\u00f4l\u00e9e et sans effort physique de la part de l\u2019op\u00e9rateur, r\u00e9duisant ainsi les risques professionnels et optimisant chaque \u00e9tape du processus d\u2019assemblage.<\/p>\n\n\n\n<p>Qu\u2019il s\u2019agisse de soulever, de tourner, de positionner ou d\u2019assembler des pi\u00e8ces de diff\u00e9rentes dimensions et poids, nos manipulateurs s\u2019int\u00e8grent facilement dans des environnements de fabrication exigeants, offrant vitesse, stabilit\u00e9 et efficacit\u00e9.<\/p>\n\n\n\n<a class=\"wp-block-microbio-blocks-button btn-size-default btn-icon is-style-secondary\" target=\"\" href=\"https:\/\/www.industrias-maxi.es\/fr\/contact\/\" rel=\"noopener\" title=\"Aller sur la page de contact\"><span>Contactez-nous<\/span><svg width=\"15\" height=\"15\"><use xlink:href=\"\/wp-content\/plugins\/microbio-blocks\/assets\/images\/icons-library.svg?ver=2.0.0#arrow\"\/><\/svg><\/a>\n<\/div>\n<\/section>\n\n<section class=\"wp-block-microbio-blocks-section-v2 is-style-section-pd-xl has-grey-dark-1-background-color has-background child-wide section-align-center alignfull\" style=\"--min-height:0;--min-height-mobile:0\" data-animation-enter=\"alpha\">\n<div class=\"wp-block-microbio-blocks-grid grid-align-start grid-gap-sm\">\n<div class=\"wp-block-microbio-blocks-grid-cell grid-row-1 grid-column-6 grid-column-mobile-4\" style=\"--mobile-order:\">\n<h2 class=\"wp-block-heading\">Une technologie qui am\u00e9liore chaque assemblage<\/h2>\n<\/div>\n\n\n\n<div class=\"wp-block-microbio-blocks-grid-cell grid-row-1 grid-column-6 grid-column-mobile-4\" style=\"--mobile-order:\">\n<p>Les <strong>manipulateurs d\u2019assemblage que<\/strong> nous concevons vous permettent de contr\u00f4ler pr\u00e9cis\u00e9ment le mouvement des pi\u00e8ces lors du placement ou de l\u2019assemblage, surtout lors de t\u00e2ches r\u00e9p\u00e9titives ou physiquement exigeantes.<\/p>\n\n\n\n<p>Sa conception s\u2019adapte au produit, \u00e0 l\u2019environnement de travail et au type d\u2019op\u00e9ration, permettant d\u2019am\u00e9liorer \u00e0 la fois le rythme de production et la qualit\u00e9 du r\u00e9sultat final.<\/p>\n\n\n\n<p>De plus, leur int\u00e9gration dans la ligne peut se faire de mani\u00e8re ind\u00e9pendante ou dans le cadre d\u2019un syst\u00e8me automatis\u00e9 plus large, selon le degr\u00e9 d\u2019automatisation requis par le client.<\/p>\n<\/div>\n<\/div>\n\n\n\n<div class=\"wp-block-microbio-blocks-flex flex-align-stretch flex-justify-start flex-gap-0 flex-columns no-wrap table-style-border\" style=\"margin-top:var(--wp--preset--spacing--space-xxl);--custom-gap:0\">\n<div class=\"wp-block-microbio-blocks-grid grid-align-start grid-gap-sm\">\n<div class=\"wp-block-microbio-blocks-grid-cell grid-row-1 grid-column-6 grid-column-mobile-4\" style=\"--mobile-order:\">\n<div class=\"wp-block-microbio-blocks-flex flex-align-start flex-justify-start no-wrap flex-max-width\" style=\"--custom-gap:28px;--flex-max-width:500px\">\n<p class=\"shrink-0 has-secondary-color has-text-color has-link-color has-heading-3-font-size wp-elements-43af5f375da71d5bb5dfa8762b80fe97\">01<\/p>\n\n\n\n<p class=\"has-secondary-color has-text-color has-link-color has-heading-3-font-size wp-elements-34cbae052f279fea49cf4176044ade53\">Manutention de pi\u00e8ces lourdes ou volumineuses<\/p>\n<\/div>\n<\/div>\n\n\n\n<div class=\"wp-block-microbio-blocks-grid-cell grid-row-1 grid-column-6 grid-column-mobile-4\" style=\"--mobile-order:\">\n<p>L\u2019un des principaux avantages des manipulateurs est leur capacit\u00e9 \u00e0 travailler avec des pi\u00e8ces encombrantes, lourdes ou difficiles d\u2019acc\u00e8s, tout en maintenant la s\u00e9curit\u00e9 de l\u2019op\u00e9rateur et l\u2019int\u00e9grit\u00e9 du produit.<\/p>\n\n\n\n<p>Gr\u00e2ce \u00e0 des syst\u00e8mes d\u2019assistance pneumatiques, \u00e9lectriques ou hydrauliques, nous facilitons le mouvement, le levage ou le positionnement exact des composants sans effort physique et avec une stabilit\u00e9 totale.<\/p>\n\n\n\n<p>Cela est particuli\u00e8rement pertinent dans des secteurs tels que l\u2019automobile, l\u2019a\u00e9ronautique ou l\u2019assemblage d\u2019appareils \u00e9lectrom\u00e9nagers grand format.<\/p>\n<\/div>\n<\/div>\n\n\n\n<div class=\"wp-block-microbio-blocks-grid grid-align-start grid-gap-sm\">\n<div class=\"wp-block-microbio-blocks-grid-cell grid-row-1 grid-column-6 grid-column-mobile-4\" style=\"--mobile-order:\">\n<div class=\"wp-block-microbio-blocks-flex flex-align-start flex-justify-start no-wrap flex-max-width\" style=\"--custom-gap:28px;--flex-max-width:500px\">\n<p class=\"shrink-0 has-secondary-color has-text-color has-link-color has-heading-3-font-size wp-elements-b5335293f9c7ef5153661b8d39ee3de9\">02<\/p>\n\n\n\n<p class=\"has-secondary-color has-text-color has-link-color has-heading-3-font-size wp-elements-99004a42689b51941f6170530ecfc904\">Adaptation totale au produit et \u00e0 l\u2019op\u00e9rateur<\/p>\n<\/div>\n<\/div>\n\n\n\n<div class=\"wp-block-microbio-blocks-grid-cell grid-row-1 grid-column-6 grid-column-mobile-4\" style=\"--mobile-order:\">\n<p>Chaque manipulateur est con\u00e7u sur mesure, en fonction de la g\u00e9om\u00e9trie, du poids et de la fragilit\u00e9 du produit, mais en tenant aussi compte de l\u2019interaction directe avec l\u2019op\u00e9rateur.<br\/>Nous configurons les points de prise, les axes de rotation, les amplitudes de mouvement et les \u00e9l\u00e9ments de contr\u00f4le pour rendre le syst\u00e8me intuitif, confortable et s\u00fbr.<\/p>\n\n\n\n<p>L\u2019objectif est que l\u2019op\u00e9rateur travaille sans encombre, r\u00e9duise les efforts inutiles et conserve le contr\u00f4le total de la pi\u00e8ce en permanence.<\/p>\n<\/div>\n<\/div>\n\n\n\n<div class=\"wp-block-microbio-blocks-grid grid-align-start grid-gap-sm\">\n<div class=\"wp-block-microbio-blocks-grid-cell grid-row-1 grid-column-6 grid-column-mobile-4\" style=\"--mobile-order:\">\n<div class=\"wp-block-microbio-blocks-flex flex-align-start flex-justify-start no-wrap flex-max-width\" style=\"--custom-gap:28px;--flex-max-width:500px\">\n<p class=\"shrink-0 has-secondary-color has-text-color has-link-color has-heading-3-font-size wp-elements-63d88fb07e5d1c58d8c1582c043c42c7\">03<\/p>\n\n\n\n<p class=\"has-secondary-color has-text-color has-link-color has-heading-3-font-size wp-elements-b95f026d63f79199e3fbffb1f2c69270\">Ergonomie et s\u00e9curit\u00e9 au travail<\/p>\n<\/div>\n<\/div>\n\n\n\n<div class=\"wp-block-microbio-blocks-grid-cell grid-row-1 grid-column-6 grid-column-mobile-4\" style=\"--mobile-order:\">\n<p>L\u2019ergonomie est l\u2019un des grands avantages des manipulateurs de montage. En \u00e9liminant le levage manuel et les mouvements r\u00e9p\u00e9titifs, un environnement de travail plus s\u00fbr, plus efficace et durable est cr\u00e9\u00e9. <\/p>\n\n\n\n<p>Ces solutions pr\u00e9viennent non seulement les blessures musculosquelettiques, mais am\u00e9liorent aussi le bien-\u00eatre de l\u2019\u00e9quipe, r\u00e9duisent l\u2019absent\u00e9isme et am\u00e9liorent la performance op\u00e9rationnelle.<\/p>\n<\/div>\n<\/div>\n\n\n\n<div class=\"wp-block-microbio-blocks-grid grid-align-start grid-gap-sm\">\n<div class=\"wp-block-microbio-blocks-grid-cell grid-row-1 grid-column-6 grid-column-mobile-4\" style=\"--mobile-order:\">\n<div class=\"wp-block-microbio-blocks-flex flex-align-start flex-justify-start no-wrap flex-max-width\" style=\"--custom-gap:28px;--flex-max-width:500px\">\n<p class=\"shrink-0 has-secondary-color has-text-color has-link-color has-heading-3-font-size wp-elements-31dda16de6e42938f01690059956e0b9\">04<\/p>\n\n\n\n<p class=\"has-secondary-color has-text-color has-link-color has-heading-3-font-size wp-elements-3ceee141908ee5e597a58ec42f32e789\">R\u00e9duction des tensions et des blessures musculaires<\/p>\n<\/div>\n<\/div>\n\n\n\n<div class=\"wp-block-microbio-blocks-grid-cell grid-row-1 grid-column-6 grid-column-mobile-4\" style=\"--mobile-order:\">\n<p>Les manipulateurs agissent comme une extension de l\u2019op\u00e9rateur, prenant en charge le poids et la complexit\u00e9 de la manipulation.<\/p>\n\n\n\n<p>Cela \u00e9limine la tension sur le dos, les \u00e9paules et les bras, pr\u00e9vient les blessures par surmenage et permet de maintenir la productivit\u00e9 sans compromettre la sant\u00e9 au travail.<\/p>\n\n\n\n<p>De plus, dans les processus r\u00e9p\u00e9titifs ou de longue dur\u00e9e, le soutien physique fourni par ces syst\u00e8mes est essentiel pour maintenir une performance constante tout au long de la journ\u00e9e.<\/p>\n<\/div>\n<\/div>\n<\/div>\n<\/section>\n\n<section class=\"wp-block-microbio-blocks-section-v2 is-style-section-pd-xl has-grey-light-2-background-color has-background child-wide section-align-center alignfull\" style=\"--min-height:0;--min-height-mobile:0\" data-animation-enter=\"alpha\">\n<div class=\"wp-block-microbio-blocks-flex aligncenter flex-align-center flex-justify-start flex-gap-0 flex-columns flex-align-self-center\" style=\"--custom-gap:0\">\n<h2 class=\"wp-block-heading has-text-align-center\">Services o\u00f9 les manipulateurs sont essentiels<\/h2>\n<\/div>\n\n\n\n<div class=\"wp-block-microbio-blocks-grid-auto grid-align-stretch grid-gap-custom fill-grid\" style=\"margin-top:var(--wp--preset--spacing--space-lg);--_cell-min-width:648px;--_grid-gap-custom:32px\">\n<div class=\"wp-block-microbio-blocks-flex flex-align-stretch flex-justify-start flex-gap-0 flex-columns no-wrap\" style=\"--custom-gap:0\">\n<figure class=\"wp-block-image size-large border-grey-medium-2\"><img decoding=\"async\" width=\"1824\" height=\"1026\" src=\"https:\/\/www.industrias-maxi.es\/wp-content\/uploads\/2026\/01\/manipuladores-maxi-edited.webp\" alt=\"\" class=\"wp-image-982\" srcset=\"https:\/\/www.industrias-maxi.es\/wp-content\/uploads\/2026\/01\/manipuladores-maxi-edited.webp 1824w, https:\/\/www.industrias-maxi.es\/wp-content\/uploads\/2026\/01\/manipuladores-maxi-edited-300x169.webp 300w, https:\/\/www.industrias-maxi.es\/wp-content\/uploads\/2026\/01\/manipuladores-maxi-edited-1024x576.webp 1024w, https:\/\/www.industrias-maxi.es\/wp-content\/uploads\/2026\/01\/manipuladores-maxi-edited-768x432.webp 768w, https:\/\/www.industrias-maxi.es\/wp-content\/uploads\/2026\/01\/manipuladores-maxi-edited-1536x864.webp 1536w, https:\/\/www.industrias-maxi.es\/wp-content\/uploads\/2026\/01\/manipuladores-maxi-edited-500x281.webp 500w\" sizes=\"(max-width: 1824px) 100vw, 1824px\" \/><\/figure>\n\n\n\n<div class=\"wp-block-microbio-blocks-flex flex-align-stretch flex-justify-space-between flex-gap-0 flex-columns no-wrap theme-margins border-grey-medium-2 padding-card-small h-100\" style=\"--custom-gap:0\">\n<div class=\"wp-block-microbio-blocks-flex flex-align-start flex-justify-start flex-columns theme-margins\" style=\"--custom-gap:16px\">\n<h3 class=\"wp-block-heading has-heading-4-font-size\">Montage des manipulateurs<\/h3>\n\n\n\n<p>Assistance \u00e0 l\u2019op\u00e9rateur pour d\u00e9placer, positionner ou assembler de mani\u00e8re s\u00fbre et ergonomique des pi\u00e8ces lourdes ou encombrantes.<\/p>\n<\/div>\n\n\n\n<div class=\"wp-block-microbio-blocks-flex flex-align-stretch flex-justify-start flex-gap-0 flex-columns no-wrap\" style=\"--custom-gap:0\">\n<hr\/>\n\n\n\n<a class=\"wp-block-microbio-blocks-button btn-size-default btn-icon\" target=\"\" href=\"https:\/\/www.industrias-maxi.es\/fr\/automobile\/montage-des-manipulateurs\/\" rel=\"noopener\" title=\"\"><span>En savoir plus  <\/span><svg width=\"15\" height=\"15\"><use xlink:href=\"\/wp-content\/plugins\/microbio-blocks\/assets\/images\/icons-library.svg?ver=2.0.0#arrow\"\/><\/svg><\/a>\n<\/div>\n<\/div>\n<\/div>\n<\/div>\n<\/section>\n\n<section class=\"wp-block-microbio-blocks-section-v2 is-style-section-pd-xl has-primary-darkest-background-color has-background child-wide section-align-center alignfull gsap-animation-enter\" style=\"--min-height:0;--min-height-mobile:0\" data-animation-enter=\"alpha\">\n<div class=\"wp-block-microbio-blocks-flex aligncenter flex-align-center flex-justify-start flex-gap-0 flex-columns flex-max-width flex-align-self-center theme-margins\" style=\"--custom-gap:0;--flex-max-width:910px\">\n<h2 class=\"wp-block-heading has-text-align-center\">Pourquoi choisir Maxi Industries ?<\/h2>\n\n\n\n<p class=\"has-text-align-center\">Notre m\u00e9thodologie combine ing\u00e9nierie collaborative, pr\u00e9-simulation, fabrication interne et support apr\u00e8s-vente, garantissant la continuit\u00e9 et la performance du syst\u00e8me \u00e0 long terme.<\/p>\n<\/div>\n\n\n\n<div class=\"wp-block-microbio-blocks-grid grid-align-stretch grid-gap-none grid-border-inner grid-border-inner-clients grid-border-inner-clients-3\" style=\"margin-top:var(--wp--preset--spacing--space-m)\">\n<div class=\"wp-block-microbio-blocks-grid-cell grid-row-1 grid-column-4 grid-column-mobile-4\" style=\"--mobile-order:\">\n<div class=\"wp-block-microbio-blocks-flex flex-align-start flex-justify-end flex-columns shrink\" style=\"--custom-gap:16px\">\n<span class=\"wp-block-microbio-blocks-icon icon-size-default has-secondary-color has-text-color has-link-color wp-elements-d96b39cc02359fd5927704a20edae01a\"><svg><use xlink:href=\"\/wp-content\/themes\/industrias-maxi-theme\/assets\/img\/maxi-icons.svg?ver=#thumb-fill\"\/><\/svg><\/span>\n\n\n\n<h3 class=\"wp-block-heading has-heading-4-font-size\">Exp\u00e9rience et leadership<\/h3>\n\n\n\n<p>Avec plus de 50 ans d\u2019exp\u00e9rience dans le secteur, nous travaillons avec de grands clients proposant des solutions industrielles r\u00e9pondant aux plus hauts standards de qualit\u00e9 et de fiabilit\u00e9.<\/p>\n<\/div>\n<\/div>\n\n\n\n<div class=\"wp-block-microbio-blocks-grid-cell grid-row-1 grid-column-4 grid-column-mobile-4\" style=\"--mobile-order:\">\n<div class=\"wp-block-microbio-blocks-flex flex-align-start flex-justify-end flex-columns shrink\" style=\"--custom-gap:16px\">\n<span class=\"wp-block-microbio-blocks-icon icon-size-default has-secondary-color has-text-color has-link-color wp-elements-1f8e8738f72cd2bd2e5a916c2d7cfc01\"><svg><use xlink:href=\"\/wp-content\/themes\/industrias-maxi-theme\/assets\/img\/maxi-icons.svg#team\"\/><\/svg><\/span>\n\n\n\n<h3 class=\"wp-block-heading has-heading-4-font-size\">Solutions personnalis\u00e9es<\/h3>\n\n\n\n<p>Chaque projet est unique. Nous concevons des solutions cl\u00e9s en main sur mesure qui optimisent l\u2019efficacit\u00e9 et les ressources de votre entreprise, en s\u2019adaptant \u00e0 vos besoins sp\u00e9cifiques. <\/p>\n<\/div>\n<\/div>\n\n\n\n<div class=\"wp-block-microbio-blocks-grid-cell grid-row-1 grid-column-4 grid-column-mobile-4\" style=\"--mobile-order:\">\n<div class=\"wp-block-microbio-blocks-flex flex-align-start flex-justify-end flex-columns shrink\" style=\"--custom-gap:16px\">\n<span class=\"wp-block-microbio-blocks-icon icon-size-default has-secondary-color has-text-color has-link-color wp-elements-27718dffe8489d43ad3d4108330961fe\"><svg><use xlink:href=\"\/wp-content\/themes\/industrias-maxi-theme\/assets\/img\/maxi-icons.svg#message\"\/><\/svg><\/span>\n\n\n\n<h3 class=\"wp-block-heading has-heading-4-font-size\">Support technique<\/h3>\n\n\n\n<p>Nous proposons un support apr\u00e8s-vente et une formation technique, garantissant que nos solutions continuent de fonctionner \u00e0 leur meilleur niveau et que votre \u00e9quipe est toujours pr\u00e9par\u00e9e.<\/p>\n<\/div>\n<\/div>\n<\/div>\n<\/section>\n\n<section class=\"wp-block-microbio-blocks-section-v2 child-wide section-align-center alignfull\" style=\"margin-top:var(--wp--preset--spacing--space-lg);margin-bottom:var(--wp--preset--spacing--space-lg);padding-top:0;padding-bottom:0;--min-height:0;--min-height-mobile:0\" data-animation-enter=\"alpha\">\n<div class=\"wp-block-microbio-blocks-flex aligncenter flex-align-center flex-justify-space-between flex-gap-2 micro-banner-padding has-secondary-background-color has-background\" style=\"--custom-gap:0\">\n<div class=\"wp-block-microbio-blocks-flex flex-align-start flex-justify-start flex-gap-0 flex-max-width theme-margins\" style=\"--custom-gap:0;--flex-max-width:560px\">\n<h3 class=\"wp-block-heading\">Voulez-vous am\u00e9liorer votre cha\u00eene de montage ?<\/h3>\n\n\n\n<p style=\"padding-top:var(--wp--preset--spacing--space-xs)\">Avec nos <strong>manipulateurs d\u2019assemblage<\/strong>, vous pouvez transformer votre processus d\u2019assemblage, r\u00e9duire l\u2019effort physique, am\u00e9liorer la pr\u00e9cision et accro\u00eetre la s\u00e9curit\u00e9 de l\u2019environnement de travail.<\/p>\n<\/div>\n\n\n\n<a class=\"wp-block-microbio-blocks-button btn-size-default btn-icon\" target=\"\" href=\"https:\/\/www.industrias-maxi.es\/fr\/contact\/\" rel=\"noopener\" title=\"  Aller sur la page de contact\"><span>Contact<\/span><svg width=\"15\" height=\"15\"><use xlink:href=\"\/wp-content\/plugins\/microbio-blocks\/assets\/images\/icons-library.svg?ver=2.0.0#arrow\"\/><\/svg><\/a>\n<\/div>\n<\/section>\n","protected":false},"excerpt":{"rendered":"","protected":false},"author":1,"featured_media":0,"parent":1375,"menu_order":0,"comment_status":"closed","ping_status":"closed","template":"","meta":{"footnotes":""},"class_list":["post-1215","page","type-page","status-publish","hentry"],"_links":{"self":[{"href":"https:\/\/www.industrias-maxi.es\/fr\/wp-json\/wp\/v2\/pages\/1215","targetHints":{"allow":["GET"]}}],"collection":[{"href":"https:\/\/www.industrias-maxi.es\/fr\/wp-json\/wp\/v2\/pages"}],"about":[{"href":"https:\/\/www.industrias-maxi.es\/fr\/wp-json\/wp\/v2\/types\/page"}],"author":[{"embeddable":true,"href":"https:\/\/www.industrias-maxi.es\/fr\/wp-json\/wp\/v2\/users\/1"}],"replies":[{"embeddable":true,"href":"https:\/\/www.industrias-maxi.es\/fr\/wp-json\/wp\/v2\/comments?post=1215"}],"version-history":[{"count":3,"href":"https:\/\/www.industrias-maxi.es\/fr\/wp-json\/wp\/v2\/pages\/1215\/revisions"}],"predecessor-version":[{"id":1471,"href":"https:\/\/www.industrias-maxi.es\/fr\/wp-json\/wp\/v2\/pages\/1215\/revisions\/1471"}],"up":[{"embeddable":true,"href":"https:\/\/www.industrias-maxi.es\/fr\/wp-json\/wp\/v2\/pages\/1375"}],"wp:attachment":[{"href":"https:\/\/www.industrias-maxi.es\/fr\/wp-json\/wp\/v2\/media?parent=1215"}],"curies":[{"name":"wp","href":"https:\/\/api.w.org\/{rel}","templated":true}]}}