{"id":1232,"date":"2025-09-23T10:35:03","date_gmt":"2025-09-23T08:35:03","guid":{"rendered":"https:\/\/www.industrias-maxi.es\/secteurs\/"},"modified":"2026-02-06T14:43:17","modified_gmt":"2026-02-06T13:43:17","slug":"secteurs","status":"publish","type":"page","link":"https:\/\/www.industrias-maxi.es\/fr\/secteurs\/","title":{"rendered":"Secteurs"},"content":{"rendered":"\n<section class=\"wp-block-microbio-blocks-section-v2 is-style-section-pd-xl has-black-background-color has-background child-wide section-align-end alignfull section-bg section-ramp section-bg-ramp-theme\" style=\"--min-height:60vh;--min-height-mobile:0;--img:url('https:\/\/www.industrias-maxi.es\/wp-content\/uploads\/2025\/09\/industrias-maxi-gallery-011.webp');--focal:50% 50%;--img-mobile:url('https:\/\/www.industrias-maxi.es\/wp-content\/uploads\/2025\/09\/industrias-maxi-gallery-011-1024x683.webp');--focal-mobile:50% 50%;--img-large:url('https:\/\/www.industrias-maxi.es\/wp-content\/uploads\/2025\/09\/industrias-maxi-gallery-011-1024x683.webp')\" data-animation-enter=\"alpha\">\n<div class=\"wp-block-microbio-blocks-flex flex-align-start flex-justify-start flex-gap-0 flex-columns flex-max-width theme-margins\" style=\"--custom-gap:0;--flex-max-width:950px\">\n<h1 class=\"wp-block-heading\">Secteurs industriels auxquels nous apportons des solutions<\/h1>\n\n\n\n<p>Chez Industrias Maxi, nous d\u00e9veloppons des solutions technologiques sur mesure pour des entreprises de diff\u00e9rents secteurs industriels. Chacune pose des d\u00e9fis sp\u00e9cifiques : pr\u00e9cision, cadence \u00e9lev\u00e9e, tra\u00e7abilit\u00e9 ou conformit\u00e9 r\u00e9glementaire. Avant d\u2019intervenir, nous analysons l\u2019environnement du client, ses contraintes et nos objectifs afin de concevoir et d\u2019int\u00e9grer des syst\u00e8mes qui automatisent, robotisent et optimisent leurs processus de production.  <\/p>\n<\/div>\n<\/section>\n\n<section class=\"wp-block-microbio-blocks-section-v2 is-style-section-pd-xl has-grey-light-2-background-color has-background child-wide section-align-center alignfull\" style=\"--min-height:0;--min-height-mobile:0\" data-animation-enter=\"alpha\">\n<div class=\"wp-block-microbio-blocks-flex aligncenter flex-align-center flex-justify-start flex-gap-0 flex-columns flex-max-width flex-align-self-center theme-margins\" style=\"--custom-gap:0;--flex-max-width:910px\">\n<h2 class=\"wp-block-heading has-text-align-center\">Secteurs dans lesquels nous travaillons<\/h2>\n\n\n\n<p class=\"has-text-align-center\">D\u00e9couvrez comment nous appliquons l\u2019automatisation et la robotique dans diff\u00e9rents secteurs industriels :<\/p>\n<\/div>\n\n\n\n<div class=\"wp-block-microbio-blocks-grid-auto  grid-align-stretch grid-gap-custom\" style=\"margin-top:var(--wp--preset--spacing--space-lg);--_cell-min-width:250px;--_grid-gap-custom:32px\">\n<div class=\"wp-block-microbio-blocks-flex flex-align-start flex-justify-start flex-columns border-grey-medium-2 padding-card-small\" style=\"--custom-gap:16px\">\n<span class=\"wp-block-microbio-blocks-icon icon-size-default maxi-icon-box has-primary-darkest-color has-grey-light-1-background-color has-text-color has-background has-link-color wp-elements-53b15f9059866d3112eb52bcf795b8f0\"><svg><use xlink:href=\"\/wp-content\/themes\/industrias-maxi-theme\/assets\/img\/maxi-icons.svg#plane\"\/><\/svg><\/span>\n\n\n\n<h3 class=\"wp-block-heading\">A\u00e9ronautique<\/h3>\n\n\n\n<p>Solutions de pr\u00e9cision pour l\u2019outillage, l\u2019assemblage structurel et le contr\u00f4le dimensionnel.<\/p>\n\n\n\n<a class=\"wp-block-microbio-blocks-button btn-size-default btn-icon\" target=\"\" href=\"https:\/\/www.industrias-maxi.es\/fr\/aeronautique\/\" rel=\"noopener\" title=\"\"><span>Voir la suite<\/span><svg width=\"15\" height=\"15\"><use xlink:href=\"\/wp-content\/plugins\/microbio-blocks\/assets\/images\/icons-library.svg?ver=2.0.0#arrow\"\/><\/svg><\/a>\n<\/div>\n\n\n\n<div class=\"wp-block-microbio-blocks-flex flex-align-start flex-justify-end flex-columns border-grey-medium-2 padding-card-small\" style=\"--custom-gap:16px\">\n<span class=\"wp-block-microbio-blocks-icon icon-size-default maxi-icon-box has-primary-darkest-color has-grey-light-1-background-color has-text-color has-background has-link-color wp-elements-03f42f205052b1a5999ea47bcd71c377\"><svg><use xlink:href=\"\/wp-content\/themes\/industrias-maxi-theme\/assets\/img\/maxi-icons.svg#burguer\"\/><\/svg><\/span>\n\n\n\n<h3 class=\"wp-block-heading\">Alimentation<\/h3>\n\n\n\n<p>Automatisation de fin de ligne, palettes, tra\u00e7abilit\u00e9 et contr\u00f4le qualit\u00e9.<\/p>\n\n\n\n<a class=\"wp-block-microbio-blocks-button btn-size-default btn-icon\" target=\"\" href=\"https:\/\/www.industrias-maxi.es\/fr\/alimentation\/\" rel=\"noopener\" title=\"\"><span>Voir la suite<\/span><svg width=\"15\" height=\"15\"><use xlink:href=\"\/wp-content\/plugins\/microbio-blocks\/assets\/images\/icons-library.svg?ver=2.0.0#arrow\"\/><\/svg><\/a>\n<\/div>\n\n\n\n<div class=\"wp-block-microbio-blocks-flex flex-align-start flex-justify-end flex-columns border-grey-medium-2 padding-card-small\" style=\"--custom-gap:16px\">\n<span class=\"wp-block-microbio-blocks-icon icon-size-default maxi-icon-box has-primary-darkest-color has-grey-light-1-background-color has-text-color has-background has-link-color wp-elements-290f0177d32cc4b53133c475de73cbed\"><svg><use xlink:href=\"\/wp-content\/themes\/industrias-maxi-theme\/assets\/img\/maxi-icons.svg#car\"\/><\/svg><\/span>\n\n\n\n<h3 class=\"wp-block-heading\">Automobile<\/h3>\n\n\n\n<p>Soudure robotique, manipulateurs d\u2019assemblage et lignes flexibles pour une cadence \u00e9lev\u00e9e.<\/p>\n\n\n\n<a class=\"wp-block-microbio-blocks-button btn-size-default btn-icon\" target=\"\" href=\"https:\/\/www.industrias-maxi.es\/fr\/automobile\/\" rel=\"noopener\" title=\"\"><span>Voir la suite<\/span><svg width=\"15\" height=\"15\"><use xlink:href=\"\/wp-content\/plugins\/microbio-blocks\/assets\/images\/icons-library.svg?ver=2.0.0#arrow\"\/><\/svg><\/a>\n<\/div>\n\n\n\n<div class=\"wp-block-microbio-blocks-flex flex-align-start flex-justify-end flex-columns border-grey-medium-2 padding-card-small\" style=\"--custom-gap:16px\">\n<span class=\"wp-block-microbio-blocks-icon icon-size-default maxi-icon-box has-primary-darkest-color has-grey-light-1-background-color has-text-color has-background has-link-color wp-elements-e18a26bbd740d6a26ed52a269dabb3a5\"><svg><use xlink:href=\"\/wp-content\/themes\/industrias-maxi-theme\/assets\/img\/maxi-icons.svg#gears\"\/><\/svg><\/span>\n\n\n\n<h3 class=\"wp-block-heading\">Industriel<\/h3>\n\n\n\n<p>Automatisation des proc\u00e9d\u00e9s, usinage de grandes pi\u00e8ces et lignes de fabrication compl\u00e8tes.<\/p>\n\n\n\n<a class=\"wp-block-microbio-blocks-button btn-size-default btn-icon\" target=\"\" href=\"https:\/\/www.industrias-maxi.es\/fr\/industriel\/\" rel=\"noopener\" title=\"\"><span>Voir la suite<\/span><svg width=\"15\" height=\"15\"><use xlink:href=\"\/wp-content\/plugins\/microbio-blocks\/assets\/images\/icons-library.svg?ver=2.0.0#arrow\"\/><\/svg><\/a>\n<\/div>\n<\/div>\n<\/section>\n\n<section class=\"wp-block-microbio-blocks-section-v2 is-style-section-pd-xl child-wide section-align-center alignfull\" style=\"--min-height:0;--min-height-mobile:0\" data-animation-enter=\"alpha\">\n<div class=\"wp-block-microbio-blocks-grid grid-align-stretch grid-gap-none border-grid\">\n<div class=\"wp-block-microbio-blocks-grid-cell grid-row-1 grid-column-7 grid-column-mobile-4\" style=\"--mobile-order:\">\n<div class=\"wp-block-microbio-blocks-flex flex-align-start flex-justify-start flex-gap-0 flex-max-width theme-margins\" style=\"--custom-gap:0;--flex-max-width:617px\">\n<h2 class=\"wp-block-heading\">L\u2019automatisation et la robotique con\u00e7ues pour tous les environnements<\/h2>\n\n\n\n<p>Chaque secteur pr\u00e9sente des d\u00e9fis uniques. Travailler dans un environnement de fabrication a\u00e9ronautique n\u2019est pas la m\u00eame chose que de travailler sur une ligne d\u2019emballage alimentaire ou dans une usine automobile. <\/p>\n\n\n\n<p>C\u2019est pourquoi nous concevons des solutions sp\u00e9cifiques pour chaque secteur, en tenant compte de facteurs tels que :<\/p>\n\n\n\n<ul class=\"wp-block-list\">\n<li>Les conditions de l\u2019environnement (temp\u00e9rature, propret\u00e9, s\u00e9curit\u00e9)<\/li>\n\n\n\n<li>Le type de produit ou de pi\u00e8ce \u00e0 manipuler<\/li>\n\n\n\n<li>Taux de production et temps de cycle<\/li>\n\n\n\n<li>Les exigences de qualit\u00e9 et de tra\u00e7abilit\u00e9.<\/li>\n<\/ul>\n\n\n\n<p>Nous mettons en \u0153uvre des technologies flexibles et \u00e9volutives, allant des cellules robotiques aux gammes compl\u00e8tes, qui peuvent cro\u00eetre et s\u2019adapter \u00e0 mesure que les besoins des clients \u00e9voluent.<\/p>\n<\/div>\n<\/div>\n\n\n\n<div class=\"wp-block-microbio-blocks-grid-cell grid-row-1 grid-column-5 grid-column-mobile-4\" style=\"--mobile-order:\">\n<figure class=\"wp-block-image size-large\"><img decoding=\"async\" width=\"1024\" height=\"1024\" src=\"https:\/\/www.industrias-maxi.es\/wp-content\/uploads\/2025\/09\/industrias-maxi-gallery-012-1024x1024.webp\" alt=\"\" class=\"wp-image-351\" srcset=\"https:\/\/www.industrias-maxi.es\/wp-content\/uploads\/2025\/09\/industrias-maxi-gallery-012-1024x1024.webp 1024w, https:\/\/www.industrias-maxi.es\/wp-content\/uploads\/2025\/09\/industrias-maxi-gallery-012-300x300.webp 300w, https:\/\/www.industrias-maxi.es\/wp-content\/uploads\/2025\/09\/industrias-maxi-gallery-012-150x150.webp 150w, https:\/\/www.industrias-maxi.es\/wp-content\/uploads\/2025\/09\/industrias-maxi-gallery-012-768x768.webp 768w, https:\/\/www.industrias-maxi.es\/wp-content\/uploads\/2025\/09\/industrias-maxi-gallery-012-1536x1536.webp 1536w, https:\/\/www.industrias-maxi.es\/wp-content\/uploads\/2025\/09\/industrias-maxi-gallery-012-500x500.webp 500w, https:\/\/www.industrias-maxi.es\/wp-content\/uploads\/2025\/09\/industrias-maxi-gallery-012.webp 1920w\" sizes=\"(max-width: 1024px) 100vw, 1024px\" \/><\/figure>\n<\/div>\n<\/div>\n<\/section>\n\n<section class=\"wp-block-microbio-blocks-section-v2 is-style-section-pd-xl child-wide section-align-center alignfull\" style=\"--min-height:0;--min-height-mobile:0\" data-animation-enter=\"alpha\">\n<div class=\"wp-block-microbio-blocks-grid grid-align-stretch grid-gap-none border-grid\">\n<div class=\"wp-block-microbio-blocks-grid-cell grid-row-1 grid-column-5 grid-column-mobile-4\" style=\"--mobile-order:\">\n<figure class=\"wp-block-image size-large\"><img decoding=\"async\" width=\"1024\" height=\"1024\" src=\"https:\/\/www.industrias-maxi.es\/wp-content\/uploads\/2026\/01\/soluciones-llave-en-mano-1024x1024.webp\" alt=\"\" class=\"wp-image-952\" srcset=\"https:\/\/www.industrias-maxi.es\/wp-content\/uploads\/2026\/01\/soluciones-llave-en-mano-1024x1024.webp 1024w, https:\/\/www.industrias-maxi.es\/wp-content\/uploads\/2026\/01\/soluciones-llave-en-mano-300x300.webp 300w, https:\/\/www.industrias-maxi.es\/wp-content\/uploads\/2026\/01\/soluciones-llave-en-mano-150x150.webp 150w, https:\/\/www.industrias-maxi.es\/wp-content\/uploads\/2026\/01\/soluciones-llave-en-mano-768x768.webp 768w, https:\/\/www.industrias-maxi.es\/wp-content\/uploads\/2026\/01\/soluciones-llave-en-mano-1536x1536.webp 1536w, https:\/\/www.industrias-maxi.es\/wp-content\/uploads\/2026\/01\/soluciones-llave-en-mano-500x500.webp 500w, https:\/\/www.industrias-maxi.es\/wp-content\/uploads\/2026\/01\/soluciones-llave-en-mano.webp 1920w\" sizes=\"(max-width: 1024px) 100vw, 1024px\" \/><\/figure>\n<\/div>\n\n\n\n<div class=\"wp-block-microbio-blocks-grid-cell grid-row-1 grid-column-7 grid-column-mobile-4\" style=\"--mobile-order:-1\">\n<div class=\"wp-block-microbio-blocks-flex flex-align-start flex-justify-start flex-gap-0 flex-max-width theme-margins\" style=\"--custom-gap:0;--flex-max-width:617px\">\n<h2 class=\"wp-block-heading\">Des solutions cl\u00e9s en main pour transformer la production<\/h2>\n\n\n\n<p>Nous proposons une approche globale : nous analysons, concevons, fabriquons, installons et accompagnons. Chaque projet commence par une \u00e9tude technique du processus et se termine par une solution pr\u00eate \u00e0 l\u2019emploi, int\u00e9gr\u00e9e aux machines, \u00e0 la disposition et aux syst\u00e8mes existants du client. <\/p>\n\n\n\n<p>Nous travaillons en \u00e9troite collaboration avec les \u00e9quipes internes, apportant des analyses externes et une expertise intersectorielle afin que chaque solution ait un impact r\u00e9el sur la production.<\/p>\n<\/div>\n<\/div>\n<\/div>\n<\/section>\n\n<section class=\"wp-block-microbio-blocks-section-v2 is-style-section-pd-xl has-primary-darkest-background-color has-background child-wide section-align-center alignfull gsap-animation-enter\" style=\"--min-height:0;--min-height-mobile:0\" data-animation-enter=\"alpha\">\n<div class=\"wp-block-microbio-blocks-flex aligncenter flex-align-center flex-justify-start flex-gap-0 flex-columns flex-max-width flex-align-self-center theme-margins\" style=\"--custom-gap:0;--flex-max-width:910px\">\n<h2 class=\"wp-block-heading has-text-align-center\">Pourquoi choisir Maxi Industries ?<\/h2>\n\n\n\n<p class=\"has-text-align-center\">Notre m\u00e9thodologie combine ing\u00e9nierie collaborative, pr\u00e9-simulation, fabrication interne et support apr\u00e8s-vente, garantissant la continuit\u00e9 et la performance du syst\u00e8me \u00e0 long terme.<\/p>\n<\/div>\n\n\n\n<div class=\"wp-block-microbio-blocks-grid grid-align-stretch grid-gap-none grid-border-inner grid-border-inner-clients grid-border-inner-clients-3\" style=\"margin-top:var(--wp--preset--spacing--space-m)\">\n<div class=\"wp-block-microbio-blocks-grid-cell grid-row-1 grid-column-4 grid-column-mobile-4\" style=\"--mobile-order:\">\n<div class=\"wp-block-microbio-blocks-flex flex-align-start flex-justify-end flex-columns shrink\" style=\"--custom-gap:16px\">\n<span class=\"wp-block-microbio-blocks-icon icon-size-default has-secondary-color has-text-color has-link-color wp-elements-d96b39cc02359fd5927704a20edae01a\"><svg><use xlink:href=\"\/wp-content\/themes\/industrias-maxi-theme\/assets\/img\/maxi-icons.svg?ver=#thumb-fill\"\/><\/svg><\/span>\n\n\n\n<h3 class=\"wp-block-heading has-heading-4-font-size\">Exp\u00e9rience et leadership<\/h3>\n\n\n\n<p>Avec plus de 50 ans d\u2019exp\u00e9rience dans le secteur, nous travaillons avec de grands clients proposant des solutions industrielles r\u00e9pondant aux plus hauts standards de qualit\u00e9 et de fiabilit\u00e9.<\/p>\n<\/div>\n<\/div>\n\n\n\n<div class=\"wp-block-microbio-blocks-grid-cell grid-row-1 grid-column-4 grid-column-mobile-4\" style=\"--mobile-order:\">\n<div class=\"wp-block-microbio-blocks-flex flex-align-start flex-justify-end flex-columns shrink\" style=\"--custom-gap:16px\">\n<span class=\"wp-block-microbio-blocks-icon icon-size-default has-secondary-color has-text-color has-link-color wp-elements-1f8e8738f72cd2bd2e5a916c2d7cfc01\"><svg><use xlink:href=\"\/wp-content\/themes\/industrias-maxi-theme\/assets\/img\/maxi-icons.svg#team\"\/><\/svg><\/span>\n\n\n\n<h3 class=\"wp-block-heading has-heading-4-font-size\">Solutions personnalis\u00e9es<\/h3>\n\n\n\n<p>Chaque projet est unique. Nous concevons des solutions cl\u00e9s en main sur mesure qui optimisent l\u2019efficacit\u00e9 et les ressources de votre entreprise, en s\u2019adaptant \u00e0 vos besoins sp\u00e9cifiques. <\/p>\n<\/div>\n<\/div>\n\n\n\n<div class=\"wp-block-microbio-blocks-grid-cell grid-row-1 grid-column-4 grid-column-mobile-4\" style=\"--mobile-order:\">\n<div class=\"wp-block-microbio-blocks-flex flex-align-start flex-justify-end flex-columns shrink\" style=\"--custom-gap:16px\">\n<span class=\"wp-block-microbio-blocks-icon icon-size-default has-secondary-color has-text-color has-link-color wp-elements-27718dffe8489d43ad3d4108330961fe\"><svg><use xlink:href=\"\/wp-content\/themes\/industrias-maxi-theme\/assets\/img\/maxi-icons.svg#message\"\/><\/svg><\/span>\n\n\n\n<h3 class=\"wp-block-heading has-heading-4-font-size\">Support technique<\/h3>\n\n\n\n<p>Nous proposons un support apr\u00e8s-vente et une formation technique, garantissant que nos solutions continuent de fonctionner \u00e0 leur meilleur niveau et que votre \u00e9quipe est toujours pr\u00e9par\u00e9e.<\/p>\n<\/div>\n<\/div>\n<\/div>\n<\/section>\n\n<section class=\"wp-block-microbio-blocks-section-v2 child-wide section-align-center alignfull\" style=\"padding-bottom:var(--wp--preset--spacing--space-m);--min-height:0;--min-height-mobile:0\" data-animation-enter=\"alpha\">\n<div class=\"wp-block-microbio-blocks-flex aligncenter flex-align-center flex-justify-space-between flex-gap-2 micro-banner-padding has-secondary-background-color has-background\" style=\"margin-top:var(--wp--preset--spacing--space-lg);margin-bottom:var(--wp--preset--spacing--space-lg);--custom-gap:0\">\n<div class=\"wp-block-microbio-blocks-flex flex-align-start flex-justify-start flex-gap-0 flex-max-width theme-margins\" style=\"--custom-gap:0;--flex-max-width:560px\">\n<h3 class=\"wp-block-heading\">Voulez-vous savoir comment nous pouvons vous aider dans votre secteur ?<\/h3>\n\n\n\n<p>Chez Industrias Maxi, nous concevons des solutions industrielles adapt\u00e9es aux besoins r\u00e9els de votre secteur. Nous automatisons avec discernement, int\u00e9grons avec pr\u00e9cision et livrons des r\u00e9sultats mesurables. <\/p>\n<\/div>\n\n\n\n<a class=\"wp-block-microbio-blocks-button btn-size-default btn-icon\" target=\"\" href=\"https:\/\/www.industrias-maxi.es\/fr\/contact\/\" rel=\"noopener\" title=\"  Aller sur la page de contact\"><span>Parlons<\/span><svg width=\"15\" height=\"15\"><use xlink:href=\"\/wp-content\/plugins\/microbio-blocks\/assets\/images\/icons-library.svg?ver=2.0.0#arrow\"\/><\/svg><\/a>\n<\/div>\n<\/section>\n","protected":false},"excerpt":{"rendered":"","protected":false},"author":1,"featured_media":0,"parent":0,"menu_order":0,"comment_status":"closed","ping_status":"closed","template":"","meta":{"footnotes":""},"class_list":["post-1232","page","type-page","status-publish","hentry"],"_links":{"self":[{"href":"https:\/\/www.industrias-maxi.es\/fr\/wp-json\/wp\/v2\/pages\/1232","targetHints":{"allow":["GET"]}}],"collection":[{"href":"https:\/\/www.industrias-maxi.es\/fr\/wp-json\/wp\/v2\/pages"}],"about":[{"href":"https:\/\/www.industrias-maxi.es\/fr\/wp-json\/wp\/v2\/types\/page"}],"author":[{"embeddable":true,"href":"https:\/\/www.industrias-maxi.es\/fr\/wp-json\/wp\/v2\/users\/1"}],"replies":[{"embeddable":true,"href":"https:\/\/www.industrias-maxi.es\/fr\/wp-json\/wp\/v2\/comments?post=1232"}],"version-history":[{"count":3,"href":"https:\/\/www.industrias-maxi.es\/fr\/wp-json\/wp\/v2\/pages\/1232\/revisions"}],"predecessor-version":[{"id":1435,"href":"https:\/\/www.industrias-maxi.es\/fr\/wp-json\/wp\/v2\/pages\/1232\/revisions\/1435"}],"wp:attachment":[{"href":"https:\/\/www.industrias-maxi.es\/fr\/wp-json\/wp\/v2\/media?parent=1232"}],"curies":[{"name":"wp","href":"https:\/\/api.w.org\/{rel}","templated":true}]}}