{"id":1268,"date":"2025-09-23T12:01:08","date_gmt":"2025-09-23T10:01:08","guid":{"rendered":"https:\/\/www.industrias-maxi.es\/industriel\/lignes-de-fabrication-automatique\/"},"modified":"2026-02-09T10:28:57","modified_gmt":"2026-02-09T09:28:57","slug":"lignes-de-fabrication-automatique","status":"publish","type":"page","link":"https:\/\/www.industrias-maxi.es\/fr\/industriel\/lignes-de-fabrication-automatique\/","title":{"rendered":"Lignes de fabrication automatique"},"content":{"rendered":"\n<section class=\"wp-block-microbio-blocks-section-v2 is-style-section-pd-xl has-grey-dark-1-background-color has-background child-wide section-align-end alignfull section-bg section-ramp section-bg-ramp-theme\" style=\"--min-height:60vh;--min-height-mobile:0;--img:url('https:\/\/www.industrias-maxi.es\/wp-content\/uploads\/2025\/09\/industrias-maxi-gallery-027.webp');--focal:50% 50%;--img-mobile:url('https:\/\/www.industrias-maxi.es\/wp-content\/uploads\/2025\/09\/industrias-maxi-gallery-027-1024x683.webp');--focal-mobile:50% 50%;--img-large:url('https:\/\/www.industrias-maxi.es\/wp-content\/uploads\/2025\/09\/industrias-maxi-gallery-027-1024x683.webp')\" data-animation-enter=\"alpha\">\n<div class=\"wp-block-microbio-blocks-flex flex-align-start flex-justify-start flex-gap-0 flex-columns flex-max-width theme-margins\" style=\"--custom-gap:0;--flex-max-width:950px\">\n<span class=\"wp-block-microbio-blocks-badge badge-size-default is-style-white\">SECTEUR INDUSTRIEL<\/span>\n\n\n\n<h1 class=\"wp-block-heading\">Des lignes de fabrication automatiques pour faire \u00e9voluer votre production avec contr\u00f4le et pr\u00e9cision<\/h1>\n\n\n\n<p>Dans un environnement industriel o\u00f9 la vitesse, la tra\u00e7abilit\u00e9 et la qualit\u00e9 sont essentielles, <strong>les cha\u00eenes de fabrication automatis\u00e9es<\/strong> permettent aux entreprises d\u2019augmenter leur capacit\u00e9 de production sans perdre le contr\u00f4le de chaque \u00e9tape du processus.<\/p>\n\n\n\n<p>Chez Industrias Maxi, nous concevons et int\u00e9grons des lignes automatis\u00e9es compl\u00e8tes, allant de l\u2019assemblage \u00e0 la fin de la ligne, adapt\u00e9es aux besoins de chaque usine et de chaque produit.<\/p>\n\n\n\n<p>L\u2019objectif est clair : <strong>automatiser intelligemment, sans rigidit\u00e9 ni interruptions, afin d\u2019obtenir une production plus rapide, plus pr\u00e9cise et plus rentable<\/strong>.<\/p>\n\n\n\n<a class=\"wp-block-microbio-blocks-button btn-size-default btn-icon is-style-secondary\" target=\"\" href=\"https:\/\/www.industrias-maxi.es\/fr\/contact\/\" rel=\"noopener\" title=\"Contactez-nous\"><span>Contactez-nous<\/span><svg width=\"15\" height=\"15\"><use xlink:href=\"\/wp-content\/plugins\/microbio-blocks\/assets\/images\/icons-library.svg?ver=2.0.0#arrow\"\/><\/svg><\/a>\n<\/div>\n<\/section>\n\n<section class=\"wp-block-microbio-blocks-section-v2 is-style-section-pd-xl child-wide section-align-center alignfull gsap-animation-enter\" style=\"--min-height:0;--min-height-mobile:0\" data-animation-enter=\"bottom-to-top\">\n<div class=\"wp-block-microbio-blocks-grid grid-align-start grid-gap-lg\">\n<div class=\"wp-block-microbio-blocks-grid-cell grid-row-1 grid-column-6 grid-column-mobile-4\" style=\"--mobile-order:\">\n<h2 class=\"wp-block-heading\">Automatisez l\u2019ensemble du processus du d\u00e9but \u00e0 la fin<\/h2>\n<\/div>\n\n\n\n<div class=\"wp-block-microbio-blocks-grid-cell grid-row-1 grid-column-6 grid-column-mobile-4\" style=\"--mobile-order:\">\n<p class=\"has-text-align-left\">Nos solutions ne se limitent pas \u00e0 une station sp\u00e9cifique : nous concevons des lignes compl\u00e8tes o\u00f9 chaque phase est connect\u00e9e et coordonn\u00e9e.<\/p>\n\n\n\n<p class=\"has-text-align-left\">De l\u2019alimentation des mat\u00e9riaux \u00e0 l\u2019emballage final et \u00e0 la palette, nous int\u00e9grons les technologies n\u00e9cessaires afin que le flux de production soit continu, sans goulets d\u2019\u00e9tranglement ni angles morts.<\/p>\n<\/div>\n<\/div>\n\n\n\n<div class=\"wp-block-microbio-blocks-flex flex-align-stretch flex-justify-start flex-gap-0 flex-columns no-wrap theme-margins table-style-border table-style-border-light\" style=\"margin-top:var(--wp--preset--spacing--space-xl);--custom-gap:0\">\n<div class=\"wp-block-microbio-blocks-grid grid-align-stretch grid-gap-lg\">\n<div class=\"wp-block-microbio-blocks-grid-cell grid-row-1 grid-column-6 grid-column-mobile-4\" style=\"--mobile-order:-1\">\n<div class=\"wp-block-microbio-blocks-flex flex-align-start flex-justify-start flex-gap-0 flex-max-width\" style=\"--custom-gap:0;--flex-max-width:450px\">\n<h3 class=\"wp-block-heading has-primary-color has-text-color has-link-color wp-elements-1c361a8c30b6d445fa5f49cad0139ebd\">Int\u00e9gration des stations d\u2019assemblage, de manutention et de contr\u00f4le<\/h3>\n<\/div>\n<\/div>\n\n\n\n<div class=\"wp-block-microbio-blocks-grid-cell grid-row-1 grid-column-6 grid-column-mobile-4\" style=\"--mobile-order:\">\n<p>Nous avons unifi\u00e9 plusieurs postes de travail au sein d\u2019une seule ligne automatis\u00e9e :<\/p>\n\n\n\n<ul class=\"wp-block-list\">\n<li><strong>Assemblage technique des composants<\/strong><\/li>\n\n\n\n<li><strong>Manipulation des pi\u00e8ces mobiles<\/strong><\/li>\n\n\n\n<li><strong>V\u00e9rification et contr\u00f4le des param\u00e8tres critiques<\/strong><\/li>\n<\/ul>\n\n\n\n<p>Cela vous permet de maintenir le rythme, de r\u00e9duire les erreurs manuelles et de vous assurer que chaque produit passe exactement par les phases n\u00e9cessaires.<\/p>\n<\/div>\n<\/div>\n\n\n\n<div class=\"wp-block-microbio-blocks-grid grid-align-stretch grid-gap-lg\">\n<div class=\"wp-block-microbio-blocks-grid-cell grid-row-1 grid-column-6 grid-column-mobile-4\" style=\"--mobile-order:-1\">\n<div class=\"wp-block-microbio-blocks-flex flex-align-start flex-justify-start flex-gap-0 flex-max-width\" style=\"--custom-gap:0;--flex-max-width:450px\">\n<h3 class=\"wp-block-heading has-primary-color has-text-color has-link-color wp-elements-1dcef460dc83b776fb1ea64a0bbefa84\">Convoyeur, palette et syst\u00e8mes de fin de ligne<\/h3>\n<\/div>\n<\/div>\n\n\n\n<div class=\"wp-block-microbio-blocks-grid-cell grid-row-1 grid-column-6 grid-column-mobile-4\" style=\"--mobile-order:\">\n<p>Nous int\u00e9grons <strong>des syst\u00e8mes de convoyeurs automatis\u00e9s<\/strong>, <strong>des paletteurs robotis\u00e9s<\/strong> et des stations de fin de ligne qui permettent de maintenir le d\u00e9bit sans intervention manuelle.<\/p>\n\n\n\n<p>Ces \u00e9l\u00e9ments garantissent <strong>une logistique interne fluide<\/strong>, r\u00e9duisent les temps d\u2019attente et permettent de g\u00e9rer la production en temps r\u00e9el.<\/p>\n<\/div>\n<\/div>\n\n\n\n<div class=\"wp-block-microbio-blocks-grid grid-align-stretch grid-gap-lg\">\n<div class=\"wp-block-microbio-blocks-grid-cell grid-row-1 grid-column-6 grid-column-mobile-4\" style=\"--mobile-order:-1\">\n<div class=\"wp-block-microbio-blocks-flex flex-align-start flex-justify-start flex-gap-0 flex-max-width\" style=\"--custom-gap:0;--flex-max-width:450px\">\n<h3 class=\"wp-block-heading has-primary-color has-text-color has-link-color wp-elements-4f485ab63149d8a42729eb4c70afe3b9\">Technologie modulaire pour \u00e9voluer selon vos besoins<\/h3>\n<\/div>\n<\/div>\n\n\n\n<div class=\"wp-block-microbio-blocks-grid-cell grid-row-1 grid-column-6 grid-column-mobile-4\" style=\"--mobile-order:\">\n<p>Nous concevons des lignes <strong>de fabrication modulaires et \u00e9volutives<\/strong>, pr\u00eates \u00e0 s\u2019adapter \u00e0 de nouveaux produits, \u00e0 augmenter la capacit\u00e9 ou \u00e0 ajouter des stations suppl\u00e9mentaires \u00e0 l\u2019avenir.<\/p>\n\n\n\n<p>Cela vous permet <strong>d\u2019investir progressivement<\/strong> sans restructurer toute l\u2019usine ni assumer des co\u00fbts inutiles.<\/p>\n<\/div>\n<\/div>\n<\/div>\n<\/section>\n\n<section class=\"wp-block-microbio-blocks-section-v2 is-style-section-pd-xl has-grey-light-2-background-color has-background child-wide section-align-center alignfull gsap-animation-enter\" style=\"--min-height:0;--min-height-mobile:0\" data-animation-enter=\"bottom-to-top\">\n<div class=\"wp-block-microbio-blocks-grid grid-align-start grid-gap-lg\">\n<div class=\"wp-block-microbio-blocks-grid-cell grid-row-1 grid-column-6 grid-column-mobile-4\" style=\"--mobile-order:\">\n<h2 class=\"wp-block-heading\">R\u00e9duire le temps, les erreurs et les co\u00fbts op\u00e9rationnels<\/h2>\n<\/div>\n\n\n\n<div class=\"wp-block-microbio-blocks-grid-cell grid-row-1 grid-column-6 grid-column-mobile-4\" style=\"--mobile-order:\">\n<p class=\"has-text-align-left\">L\u2019automatisation industrielle n\u2019augmente pas seulement la vitesse, elle r\u00e9duit aussi la variabilit\u00e9 et am\u00e9liore la stabilit\u00e9 des proc\u00e9d\u00e9s, ce qui entra\u00eene moins d\u2019erreurs, moins de remaniement et une utilisation accrue des ressources.<\/p>\n<\/div>\n<\/div>\n\n\n\n<div class=\"wp-block-microbio-blocks-flex flex-align-stretch flex-justify-start flex-gap-0 flex-columns no-wrap theme-margins table-style-border\" style=\"margin-top:var(--wp--preset--spacing--space-xl);--custom-gap:0\">\n<div class=\"wp-block-microbio-blocks-grid grid-align-stretch grid-gap-lg\">\n<div class=\"wp-block-microbio-blocks-grid-cell grid-row-1 grid-column-6 grid-column-mobile-4\" style=\"--mobile-order:-1\">\n<div class=\"wp-block-microbio-blocks-flex flex-align-start flex-justify-start flex-gap-0 flex-max-width\" style=\"--custom-gap:0;--flex-max-width:450px\">\n<h3 class=\"wp-block-heading has-primary-color has-text-color has-link-color wp-elements-b43958b5568f45f58faf059cd9d872b5\">Production continue avec moins d\u2019intervention humaine<\/h3>\n<\/div>\n<\/div>\n\n\n\n<div class=\"wp-block-microbio-blocks-grid-cell grid-row-1 grid-column-6 grid-column-mobile-4\" style=\"--mobile-order:\">\n<p>Une ligne automatis\u00e9e fonctionne en continu, sans interruptions inutiles ni d\u00e9pendances critiques du personnel.<\/p>\n\n\n\n<p>Cela vous permet de suivre le rythme m\u00eame sur de longues journ\u00e9es, r\u00e9duit la fatigue des \u00e9quipements et am\u00e9liore la performance globale de l\u2019usine.<\/p>\n<\/div>\n<\/div>\n\n\n\n<div class=\"wp-block-microbio-blocks-grid grid-align-stretch grid-gap-lg\">\n<div class=\"wp-block-microbio-blocks-grid-cell grid-row-1 grid-column-6 grid-column-mobile-4\" style=\"--mobile-order:-1\">\n<div class=\"wp-block-microbio-blocks-flex flex-align-start flex-justify-start flex-gap-0 flex-max-width\" style=\"--custom-gap:0;--flex-max-width:450px\">\n<h3 class=\"wp-block-heading has-primary-color has-text-color has-link-color wp-elements-37c5ce795684a1b5a957de406f1d0ebb\">Contr\u00f4le automatique de la qualit\u00e9 \u00e0 chaque \u00e9tape<\/h3>\n<\/div>\n<\/div>\n\n\n\n<div class=\"wp-block-microbio-blocks-grid-cell grid-row-1 grid-column-6 grid-column-mobile-4\" style=\"--mobile-order:\">\n<p>Nous int\u00e9grons <strong>des syst\u00e8mes de vision artificielle, des capteurs de pr\u00e9cision et des logiciels d\u2019analyse<\/strong> pour valider le produit \u00e0 chaque \u00e9tape du processus.<\/p>\n\n\n\n<p>Cela permet <strong>de d\u00e9tecter les \u00e9carts en temps r\u00e9el<\/strong>, d\u2019effectuer des ajustements automatiques et de garantir que le produit final r\u00e9pond aux normes les plus \u00e9lev\u00e9es sans avoir besoin d\u2019inspection manuelle.<\/p>\n<\/div>\n<\/div>\n<\/div>\n<\/section>\n\n<section class=\"wp-block-microbio-blocks-section-v2 is-style-section-pd-xl has-white-background-color has-background child-wide section-align-center alignfull gsap-animation-enter\" style=\"--min-height:0;--min-height-mobile:0\" data-animation-enter=\"alpha\">\n<div class=\"wp-block-microbio-blocks-flex aligncenter flex-align-center flex-justify-start flex-gap-0 flex-columns flex-max-width flex-align-self-center theme-margins\" style=\"--custom-gap:0;--flex-max-width:910px\">\n<h2 class=\"wp-block-heading has-text-align-center\">Conception sur mesure pour chaque type de produit ou secteur<\/h2>\n\n\n\n<p class=\"has-text-align-center\">Chaque cha\u00eene de fabrication automatis\u00e9e que nous d\u00e9veloppons repose sur l\u2019analyse du produit, du secteur et de l\u2019environnement de travail.<br\/>Nous concevons des solutions pour des secteurs tels que :<\/p>\n<\/div>\n\n\n\n<div class=\"wp-block-microbio-blocks-grid-auto grid-align-stretch grid-gap-custom\" style=\"margin-top:var(--wp--preset--spacing--space-lg);--_cell-min-width:250px;--_grid-gap-custom:32px\">\n<div class=\"wp-block-microbio-blocks-flex flex-align-start flex-justify-start flex-columns border-grey-medium-2 padding-card-small\" style=\"--custom-gap:16px\">\n<span class=\"wp-block-microbio-blocks-icon icon-size-default maxi-icon-box has-primary-darkest-color has-grey-light-1-background-color has-text-color has-background has-link-color wp-elements-53b15f9059866d3112eb52bcf795b8f0\"><svg><use xlink:href=\"\/wp-content\/themes\/industrias-maxi-theme\/assets\/img\/maxi-icons.svg#plane\"\/><\/svg><\/span>\n\n\n\n<h3 class=\"wp-block-heading\">Machines industrielles et biens d\u2019\u00e9quipement<\/h3>\n<\/div>\n\n\n\n<div class=\"wp-block-microbio-blocks-flex flex-align-start flex-justify-start flex-columns border-grey-medium-2 padding-card-small\" style=\"--custom-gap:16px\">\n<span class=\"wp-block-microbio-blocks-icon icon-size-default maxi-icon-box has-primary-darkest-color has-grey-light-1-background-color has-text-color has-background has-link-color wp-elements-53b15f9059866d3112eb52bcf795b8f0\"><svg><use xlink:href=\"\/wp-content\/themes\/industrias-maxi-theme\/assets\/img\/maxi-icons.svg#plane\"\/><\/svg><\/span>\n\n\n\n<h3 class=\"wp-block-heading\">Composants \u00e9lectriques, \u00e9lectroniques ou m\u00e9caniques<\/h3>\n<\/div>\n\n\n\n<div class=\"wp-block-microbio-blocks-flex flex-align-start flex-justify-start flex-columns border-grey-medium-2 padding-card-small\" style=\"--custom-gap:16px\">\n<span class=\"wp-block-microbio-blocks-icon icon-size-default maxi-icon-box has-primary-darkest-color has-grey-light-1-background-color has-text-color has-background has-link-color wp-elements-53b15f9059866d3112eb52bcf795b8f0\"><svg><use xlink:href=\"\/wp-content\/themes\/industrias-maxi-theme\/assets\/img\/maxi-icons.svg#plane\"\/><\/svg><\/span>\n\n\n\n<h3 class=\"wp-block-heading\">\u00c9nergie et \u00e9nergies renouvelables<\/h3>\n<\/div>\n<\/div>\n\n\n\n<div class=\"wp-block-microbio-blocks-flex flex-align-start flex-justify-start flex-gap-0 flex-max-width flex-align-self-center\" style=\"margin-top:var(--wp--preset--spacing--space-lg);--custom-gap:0;--flex-max-width:900px\">\n<p class=\"has-text-align-center\">Nous adaptons les syst\u00e8mes d\u2019alimentation, de montage, de fixation, de contr\u00f4le et de sortie selon les caract\u00e9ristiques sp\u00e9cifiques de chaque application, assurant <strong>une int\u00e9gration parfaite et des r\u00e9sultats optimaux d\u00e8s le premier cycle<\/strong>.<\/p>\n<\/div>\n<\/section>\n\n<section class=\"wp-block-microbio-blocks-section-v2 is-style-section-pd-xl has-grey-light-1-background-color has-background child-wide section-align-center alignfull\" style=\"--min-height:0;--min-height-mobile:0\" data-animation-enter=\"alpha\">\n<div class=\"wp-block-microbio-blocks-animate-block gsap-animation-enter\" data-animation-enter=\"bottom-to-top\" data-animation-scroll=\"bottom\" data-animation-scroll-measure=\"100\" data-animation-scroll-mobile=\"none\" data-animation-scroll-mobile-measure=\"50\">\n<div class=\"wp-block-microbio-blocks-flex aligncenter flex-align-center flex-justify-space-between flex-gap-2 micro-banner-padding has-white-background-color has-background\" style=\"--custom-gap:0\">\n<div class=\"wp-block-microbio-blocks-flex flex-align-start flex-justify-start flex-gap-0 flex-columns flex-max-width theme-margins\" style=\"margin-top:0;margin-bottom:0;--custom-gap:0;--flex-max-width:560px\">\n<h3 class=\"wp-block-heading\" style=\"margin-top:0;margin-bottom:0\">Produits associ\u00e9s<\/h3>\n\n\n\n<p style=\"padding-top:var(--wp--preset--spacing--space-xs);padding-bottom:0\">D\u00e9couvrez nos solutions Industrie 4.0<\/p>\n<\/div>\n\n\n\n<a class=\"wp-block-microbio-blocks-button btn-size-default btn-icon\" target=\"\" href=\"https:\/\/www.industrias-maxi.es\/fr\/ce-que-nous-faisons\/industrie-4-0\/\" rel=\"noopener\" title=\"\"><span>voir Industrie 4.0<\/span><svg width=\"15\" height=\"15\"><use xlink:href=\"\/wp-content\/plugins\/microbio-blocks\/assets\/images\/icons-library.svg?ver=2.0.0#arrow\"\/><\/svg><\/a>\n<\/div>\n<\/div>\n<\/section>\n\n<section class=\"wp-block-microbio-blocks-section-v2 is-style-section-pd-xl has-primary-darkest-background-color has-background child-wide section-align-center alignfull gsap-animation-enter\" style=\"--min-height:0;--min-height-mobile:0\" data-animation-enter=\"alpha\">\n<div class=\"wp-block-microbio-blocks-flex aligncenter flex-align-center flex-justify-start flex-gap-0 flex-columns flex-max-width flex-align-self-center theme-margins\" style=\"--custom-gap:0;--flex-max-width:910px\">\n<h2 class=\"wp-block-heading has-text-align-center\">Pourquoi choisir Maxi Industries ?<\/h2>\n\n\n\n<p class=\"has-text-align-center\">Notre m\u00e9thodologie combine ing\u00e9nierie collaborative, pr\u00e9-simulation, fabrication interne et support apr\u00e8s-vente, garantissant la continuit\u00e9 et la performance du syst\u00e8me \u00e0 long terme.<\/p>\n<\/div>\n\n\n\n<div class=\"wp-block-microbio-blocks-grid grid-align-stretch grid-gap-none grid-border-inner grid-border-inner-clients grid-border-inner-clients-3\" style=\"margin-top:var(--wp--preset--spacing--space-m)\">\n<div class=\"wp-block-microbio-blocks-grid-cell grid-row-1 grid-column-4 grid-column-mobile-4\" style=\"--mobile-order:\">\n<div class=\"wp-block-microbio-blocks-flex flex-align-start flex-justify-end flex-columns shrink\" style=\"--custom-gap:16px\">\n<span class=\"wp-block-microbio-blocks-icon icon-size-default has-secondary-color has-text-color has-link-color wp-elements-d96b39cc02359fd5927704a20edae01a\"><svg><use xlink:href=\"\/wp-content\/themes\/industrias-maxi-theme\/assets\/img\/maxi-icons.svg?ver=#thumb-fill\"\/><\/svg><\/span>\n\n\n\n<h3 class=\"wp-block-heading has-heading-4-font-size\">Exp\u00e9rience et leadership<\/h3>\n\n\n\n<p>Avec plus de 50 ans d\u2019exp\u00e9rience dans le secteur, nous travaillons avec de grands clients proposant des solutions industrielles r\u00e9pondant aux plus hauts standards de qualit\u00e9 et de fiabilit\u00e9.<\/p>\n<\/div>\n<\/div>\n\n\n\n<div class=\"wp-block-microbio-blocks-grid-cell grid-row-1 grid-column-4 grid-column-mobile-4\" style=\"--mobile-order:\">\n<div class=\"wp-block-microbio-blocks-flex flex-align-start flex-justify-end flex-columns shrink\" style=\"--custom-gap:16px\">\n<span class=\"wp-block-microbio-blocks-icon icon-size-default has-secondary-color has-text-color has-link-color wp-elements-1f8e8738f72cd2bd2e5a916c2d7cfc01\"><svg><use xlink:href=\"\/wp-content\/themes\/industrias-maxi-theme\/assets\/img\/maxi-icons.svg#team\"\/><\/svg><\/span>\n\n\n\n<h3 class=\"wp-block-heading has-heading-4-font-size\">Solutions personnalis\u00e9es<\/h3>\n\n\n\n<p>Chaque projet est unique. Nous concevons des solutions cl\u00e9s en main sur mesure qui optimisent l\u2019efficacit\u00e9 et les ressources de votre entreprise, en s\u2019adaptant \u00e0 vos besoins sp\u00e9cifiques. <\/p>\n<\/div>\n<\/div>\n\n\n\n<div class=\"wp-block-microbio-blocks-grid-cell grid-row-1 grid-column-4 grid-column-mobile-4\" style=\"--mobile-order:\">\n<div class=\"wp-block-microbio-blocks-flex flex-align-start flex-justify-end flex-columns shrink\" style=\"--custom-gap:16px\">\n<span class=\"wp-block-microbio-blocks-icon icon-size-default has-secondary-color has-text-color has-link-color wp-elements-27718dffe8489d43ad3d4108330961fe\"><svg><use xlink:href=\"\/wp-content\/themes\/industrias-maxi-theme\/assets\/img\/maxi-icons.svg#message\"\/><\/svg><\/span>\n\n\n\n<h3 class=\"wp-block-heading has-heading-4-font-size\">Support technique<\/h3>\n\n\n\n<p>Nous proposons un support apr\u00e8s-vente et une formation technique, garantissant que nos solutions continuent de fonctionner \u00e0 leur meilleur niveau et que votre \u00e9quipe est toujours pr\u00e9par\u00e9e.<\/p>\n<\/div>\n<\/div>\n<\/div>\n<\/section>\n\n<section class=\"wp-block-microbio-blocks-section-v2 child-wide section-align-center alignfull\" style=\"margin-top:var(--wp--preset--spacing--space-lg);margin-bottom:var(--wp--preset--spacing--space-lg);--min-height:0;--min-height-mobile:0\" data-animation-enter=\"alpha\">\n<div class=\"wp-block-microbio-blocks-flex aligncenter flex-align-center flex-justify-space-between flex-gap-2 micro-banner-padding has-secondary-background-color has-background\" style=\"--custom-gap:0\">\n<div class=\"wp-block-microbio-blocks-flex flex-align-start flex-justify-start flex-gap-0 flex-max-width theme-margins\" style=\"margin-top:0;margin-bottom:0;--custom-gap:0;--flex-max-width:560px\">\n<h3 class=\"wp-block-heading\" style=\"margin-top:0;margin-bottom:0\">Faites cro\u00eetre votre secteur avec des lignes de fabrication automatis\u00e9es<\/h3>\n\n\n\n<p style=\"padding-top:var(--wp--preset--spacing--space-xs);padding-bottom:0\">Automatisez votre production, r\u00e9duisez les co\u00fbts et prenez le contr\u00f4le. Nous concevons des lignes de fabrication automatique afin que vous puissiez commencer \u00e0 \u00eatre plus comp\u00e9titif d\u00e8s aujourd\u2019hui. <\/p>\n<\/div>\n\n\n\n<a class=\"wp-block-microbio-blocks-button btn-size-default btn-icon\" target=\"\" href=\"https:\/\/www.industrias-maxi.es\/fr\/contact\/\" rel=\"noopener\" title=\"  Aller sur la page de contact\"><span>Contact<\/span><svg width=\"15\" height=\"15\"><use xlink:href=\"\/wp-content\/plugins\/microbio-blocks\/assets\/images\/icons-library.svg?ver=2.0.0#arrow\"\/><\/svg><\/a>\n<\/div>\n<\/section>\n","protected":false},"excerpt":{"rendered":"","protected":false},"author":1,"featured_media":0,"parent":1164,"menu_order":0,"comment_status":"closed","ping_status":"closed","template":"","meta":{"footnotes":""},"class_list":["post-1268","page","type-page","status-publish","hentry"],"_links":{"self":[{"href":"https:\/\/www.industrias-maxi.es\/fr\/wp-json\/wp\/v2\/pages\/1268","targetHints":{"allow":["GET"]}}],"collection":[{"href":"https:\/\/www.industrias-maxi.es\/fr\/wp-json\/wp\/v2\/pages"}],"about":[{"href":"https:\/\/www.industrias-maxi.es\/fr\/wp-json\/wp\/v2\/types\/page"}],"author":[{"embeddable":true,"href":"https:\/\/www.industrias-maxi.es\/fr\/wp-json\/wp\/v2\/users\/1"}],"replies":[{"embeddable":true,"href":"https:\/\/www.industrias-maxi.es\/fr\/wp-json\/wp\/v2\/comments?post=1268"}],"version-history":[{"count":3,"href":"https:\/\/www.industrias-maxi.es\/fr\/wp-json\/wp\/v2\/pages\/1268\/revisions"}],"predecessor-version":[{"id":1570,"href":"https:\/\/www.industrias-maxi.es\/fr\/wp-json\/wp\/v2\/pages\/1268\/revisions\/1570"}],"up":[{"embeddable":true,"href":"https:\/\/www.industrias-maxi.es\/fr\/wp-json\/wp\/v2\/pages\/1164"}],"wp:attachment":[{"href":"https:\/\/www.industrias-maxi.es\/fr\/wp-json\/wp\/v2\/media?parent=1268"}],"curies":[{"name":"wp","href":"https:\/\/api.w.org\/{rel}","templated":true}]}}