{"id":1292,"date":"2025-09-23T11:41:12","date_gmt":"2025-09-23T09:41:12","guid":{"rendered":"https:\/\/www.industrias-maxi.es\/alimentation\/fin-de-la-ligne\/"},"modified":"2026-02-09T10:24:39","modified_gmt":"2026-02-09T09:24:39","slug":"fin-de-la-ligne","status":"publish","type":"page","link":"https:\/\/www.industrias-maxi.es\/fr\/alimentation\/fin-de-la-ligne\/","title":{"rendered":"Fin de la ligne"},"content":{"rendered":"\n<section class=\"wp-block-microbio-blocks-section-v2 is-style-section-pd-xl has-grey-dark-1-background-color has-background child-wide section-align-end alignfull section-ramp section-bg-ramp-theme\" style=\"--min-height:60vh;--min-height-mobile:0;--focal:56.00000000000001% 63%;--focal-mobile:50% 50%\" data-animation-enter=\"alpha\"><figure class=\"wp-block-image size-full section-img-bg\"><img decoding=\"async\" width=\"1657\" height=\"933\" src=\"https:\/\/www.industrias-maxi.es\/wp-content\/uploads\/2025\/12\/Alimentacion-planta-completa.webp\" alt=\"\" class=\"wp-image-837\" srcset=\"https:\/\/www.industrias-maxi.es\/wp-content\/uploads\/2025\/12\/Alimentacion-planta-completa.webp 1657w, https:\/\/www.industrias-maxi.es\/wp-content\/uploads\/2025\/12\/Alimentacion-planta-completa-300x169.webp 300w, https:\/\/www.industrias-maxi.es\/wp-content\/uploads\/2025\/12\/Alimentacion-planta-completa-1024x577.webp 1024w, https:\/\/www.industrias-maxi.es\/wp-content\/uploads\/2025\/12\/Alimentacion-planta-completa-768x432.webp 768w, https:\/\/www.industrias-maxi.es\/wp-content\/uploads\/2025\/12\/Alimentacion-planta-completa-1536x865.webp 1536w, https:\/\/www.industrias-maxi.es\/wp-content\/uploads\/2025\/12\/Alimentacion-planta-completa-500x282.webp 500w\" sizes=\"(max-width: 1657px) 100vw, 1657px\" \/><\/figure>\n<div class=\"wp-block-microbio-blocks-flex flex-align-start flex-justify-start flex-gap-0 flex-columns flex-max-width theme-margins\" style=\"--custom-gap:0;--flex-max-width:950px\">\n<span class=\"wp-block-microbio-blocks-badge badge-size-default is-style-white\">SECTEUR ALIMENTAIRE<\/span>\n\n\n\n<h1 class=\"wp-block-heading\">Des solutions compl\u00e8tes pour automatiser la fin de votre cha\u00eene de production<\/h1>\n\n\n\n<p>La <strong>fin de ligne<\/strong> est une phase critique dans tout processus industriel : elle constitue le dernier point de contr\u00f4le, la fermeture du produit et le d\u00e9but de la distribution. Chez Industrias Maxi, nous concevons des solutions compl\u00e8tes pour automatiser cette \u00e9tape, en int\u00e9grant tous les processus n\u00e9cessaires avant la r\u00e9partition. <\/p>\n\n\n\n<p>De l\u2019emballage \u00e0 la palette, en passant par la pes\u00e9e, l\u2019\u00e9tiquetage ou l\u2019emballage, chaque syst\u00e8me s\u2019adapte au rythme, au format et aux exigences sp\u00e9cifiques de chaque client. L\u2019objectif est clair : <strong>r\u00e9duire les temps, minimiser les erreurs et s\u2019assurer que chaque produit soit pr\u00eat, contr\u00f4l\u00e9 et tra\u00e7able<\/strong>. <\/p>\n\n\n\n<a class=\"wp-block-microbio-blocks-button btn-size-default btn-icon is-style-secondary\" target=\"\" href=\"https:\/\/www.industrias-maxi.es\/fr\/contact\/\" rel=\"noopener\" title=\"Contactez-nous\"><span>Contactez-nous<\/span><svg width=\"15\" height=\"15\"><use xlink:href=\"\/wp-content\/plugins\/microbio-blocks\/assets\/images\/icons-library.svg?ver=2.0.0#arrow\"\/><\/svg><\/a>\n<\/div>\n<\/section>\n\n<section class=\"wp-block-microbio-blocks-section-v2 is-style-section-pd-xl child-wide section-align-center alignfull gsap-animation-enter\" style=\"--min-height:0;--min-height-mobile:0\" data-animation-enter=\"bottom-to-top\">\n<div class=\"wp-block-microbio-blocks-grid grid-align-start grid-gap-lg\">\n<div class=\"wp-block-microbio-blocks-grid-cell grid-row-1 grid-column-6 grid-column-mobile-4\" style=\"--mobile-order:\">\n<h2 class=\"wp-block-heading\">Automatisez les t\u00e2ches cl\u00e9s avant l\u2019exp\u00e9dition<\/h2>\n<\/div>\n\n\n\n<div class=\"wp-block-microbio-blocks-grid-cell grid-row-1 grid-column-6 grid-column-mobile-4\" style=\"--mobile-order:\">\n<p class=\"has-text-align-left\">En automatisant la fin de la ligne, vous \u00e9liminez les t\u00e2ches r\u00e9p\u00e9titives, lib\u00e9rez des ressources humaines et garantissez une plus grande coh\u00e9rence dans l\u2019emballage et le choix des commandes.<\/p>\n\n\n\n<p class=\"has-text-align-left\">Nos solutions combinent la manipulation, le contr\u00f4le et les technologies de communication pour faire passer le produit dans les derni\u00e8res \u00e9tapes sans intervention manuelle et avec une tra\u00e7abilit\u00e9 compl\u00e8te.<\/p>\n<\/div>\n<\/div>\n\n\n\n<div class=\"wp-block-microbio-blocks-flex flex-align-stretch flex-justify-start flex-gap-0 flex-columns no-wrap theme-margins table-style-border table-style-border-light\" style=\"margin-top:var(--wp--preset--spacing--space-xl);--custom-gap:0\">\n<div class=\"wp-block-microbio-blocks-grid grid-align-stretch grid-gap-lg\">\n<div class=\"wp-block-microbio-blocks-grid-cell grid-row-1 grid-column-6 grid-column-mobile-4\" style=\"--mobile-order:-1\">\n<div class=\"wp-block-microbio-blocks-flex flex-align-start flex-justify-start flex-gap-0 flex-max-width\" style=\"--custom-gap:0;--flex-max-width:450px\">\n<h3 class=\"wp-block-heading has-primary-color has-text-color has-link-color wp-elements-d948e1942b7ee07327aeea68ec394dcb\">Emballage automatique et palette<\/h3>\n<\/div>\n<\/div>\n\n\n\n<div class=\"wp-block-microbio-blocks-grid-cell grid-row-1 grid-column-6 grid-column-mobile-4\" style=\"--mobile-order:\">\n<p>Nous int\u00e9grons des syst\u00e8mes qui <strong>organisent, regroupent et palettisent<\/strong> les produits automatiquement, selon le mod\u00e8le de transport le plus efficace.<\/p>\n\n\n\n<p>Des m\u00e9rous aux robots de palette, chaque \u00e9quipe travaille en synchronisation avec le flux de production pour \u00e9viter les goulots d\u2019\u00e9tranglement et garantir que le produit est <strong>toujours pr\u00eat \u00e0 \u00eatre lanc\u00e9<\/strong>.<\/p>\n<\/div>\n<\/div>\n\n\n\n<div class=\"wp-block-microbio-blocks-grid grid-align-stretch grid-gap-lg\">\n<div class=\"wp-block-microbio-blocks-grid-cell grid-row-1 grid-column-6 grid-column-mobile-4\" style=\"--mobile-order:-1\">\n<div class=\"wp-block-microbio-blocks-flex flex-align-start flex-justify-start flex-gap-0 flex-max-width\" style=\"--custom-gap:0;--flex-max-width:450px\">\n<h3 class=\"wp-block-heading has-primary-color has-text-color has-link-color wp-elements-a251c4cf39c05730de710d24ce2ad827\">Pes\u00e9e, \u00e9tiquetage et v\u00e9rification de la vision artificielle<\/h3>\n<\/div>\n<\/div>\n\n\n\n<div class=\"wp-block-microbio-blocks-grid-cell grid-row-1 grid-column-6 grid-column-mobile-4\" style=\"--mobile-order:\">\n<p>Nous ajoutons des <strong>stations de pes\u00e9e dynamiques<\/strong>, <strong>des syst\u00e8mes d\u2019application automatique d\u2019\u00e9tiquettes<\/strong> et <strong>de vision artificielle<\/strong> pour v\u00e9rifier les codes, la pr\u00e9sence des \u00e9tiquettes, l\u2019int\u00e9grit\u00e9 du colis ou le positionnement correct.<\/p>\n\n\n\n<p>Tout se fait en temps r\u00e9el, avec des alertes automatiques et un journal des donn\u00e9es pour l\u2019audit ou le contr\u00f4le qualit\u00e9 interne.<\/p>\n<\/div>\n<\/div>\n\n\n\n<div class=\"wp-block-microbio-blocks-grid grid-align-stretch grid-gap-lg\">\n<div class=\"wp-block-microbio-blocks-grid-cell grid-row-1 grid-column-6 grid-column-mobile-4\" style=\"--mobile-order:-1\">\n<div class=\"wp-block-microbio-blocks-flex flex-align-start flex-justify-start flex-gap-0 flex-max-width\" style=\"--custom-gap:0;--flex-max-width:450px\">\n<h3 class=\"wp-block-heading has-primary-color has-text-color has-link-color wp-elements-b89561e5a68270ff105f1d78bffe2ab6\">Bandage, enveloppement et contr\u00f4le qualit\u00e9 final<\/h3>\n<\/div>\n<\/div>\n\n\n\n<div class=\"wp-block-microbio-blocks-grid-cell grid-row-1 grid-column-6 grid-column-mobile-4\" style=\"--mobile-order:\">\n<p>Le syst\u00e8me peut \u00eatre compl\u00e9t\u00e9 avec <strong>des machines automatiques de bandage et d\u2019emballage<\/strong>, garantissant que chaque palette est prot\u00e9g\u00e9e et conforme aux exigences logistiques.<\/p>\n\n\n\n<p>De plus, nous appliquons des contr\u00f4les qualit\u00e9 finaux qui garantissent que le produit atteint sa destination <strong>sans incidents, sans erreurs et dans des conditions optimales<\/strong>.<\/p>\n<\/div>\n<\/div>\n<\/div>\n<\/section>\n\n<section class=\"wp-block-microbio-blocks-section-v2 is-style-section-pd-xl has-grey-light-2-background-color has-background child-wide section-align-center alignfull gsap-animation-enter\" style=\"--min-height:0;--min-height-mobile:0\" data-animation-enter=\"bottom-to-top\">\n<div class=\"wp-block-microbio-blocks-grid grid-align-start grid-gap-lg\">\n<div class=\"wp-block-microbio-blocks-grid-cell grid-row-1 grid-column-6 grid-column-mobile-4\" style=\"--mobile-order:\">\n<h2 class=\"wp-block-heading\">Nous concevons des syst\u00e8mes sur mesure pour chaque secteur industriel<\/h2>\n<\/div>\n\n\n\n<div class=\"wp-block-microbio-blocks-grid-cell grid-row-1 grid-column-6 grid-column-mobile-4\" style=\"--mobile-order:\">\n<p class=\"has-text-align-left\">Toutes les lign\u00e9es ne se valent pas, ni tous les produits ne n\u00e9cessitent le m\u00eame traitement.<\/p>\n\n\n\n<p class=\"has-text-align-left\">C\u2019est pourquoi nos <strong>solutions de fin de gamme<\/strong> sont con\u00e7ues sp\u00e9cifiquement pour chaque cas, en tenant compte du format, du produit, du volume de production et des conditions environnementales.<\/p>\n<\/div>\n<\/div>\n\n\n\n<div class=\"wp-block-microbio-blocks-flex flex-align-stretch flex-justify-start flex-gap-0 flex-columns no-wrap theme-margins table-style-border\" style=\"margin-top:var(--wp--preset--spacing--space-xl);--custom-gap:0\">\n<div class=\"wp-block-microbio-blocks-grid grid-align-stretch grid-gap-lg\">\n<div class=\"wp-block-microbio-blocks-grid-cell grid-row-1 grid-column-6 grid-column-mobile-4\" style=\"--mobile-order:-1\">\n<div class=\"wp-block-microbio-blocks-flex flex-align-start flex-justify-start flex-gap-0 flex-max-width\" style=\"--custom-gap:0;--flex-max-width:450px\">\n<h3 class=\"wp-block-heading has-primary-color has-text-color has-link-color wp-elements-0380d70100db1310cc2a46230dbef611\">Adaptation totale au format produit et au rythme de production<\/h3>\n<\/div>\n<\/div>\n\n\n\n<div class=\"wp-block-microbio-blocks-grid-cell grid-row-1 grid-column-6 grid-column-mobile-4\" style=\"--mobile-order:\">\n<p>Nous concevons des syst\u00e8mes qui manipulent avec pr\u00e9cision <strong>les plateaux, bouteilles, cartons, sacs, produits fragiles ou \u00e0 grand volume<\/strong>, en maintenant la stabilit\u00e9 du proc\u00e9d\u00e9 quel que soit le type de r\u00e9f\u00e9rence.<\/p>\n\n\n\n<p>Nous ajustons la vitesse et la configuration pour maintenir l\u2019efficacit\u00e9 sur des lignes \u00e0 cadence \u00e9lev\u00e9e ou dans des processus plus flexibles et vari\u00e9s.<\/p>\n<\/div>\n<\/div>\n\n\n\n<div class=\"wp-block-microbio-blocks-grid grid-align-stretch grid-gap-lg\">\n<div class=\"wp-block-microbio-blocks-grid-cell grid-row-1 grid-column-6 grid-column-mobile-4\" style=\"--mobile-order:-1\">\n<div class=\"wp-block-microbio-blocks-flex flex-align-start flex-justify-start flex-gap-0 flex-max-width\" style=\"--custom-gap:0;--flex-max-width:450px\">\n<h3 class=\"wp-block-heading has-primary-color has-text-color has-link-color wp-elements-dfa9c0b79807ee568887f3ffd6652ed2\">Int\u00e9gration avec les machines existantes et tra\u00e7abilit\u00e9<\/h3>\n<\/div>\n<\/div>\n\n\n\n<div class=\"wp-block-microbio-blocks-grid-cell grid-row-1 grid-column-6 grid-column-mobile-4\" style=\"--mobile-order:\">\n<p>Nos solutions s\u2019int\u00e8grent facilement aux <strong>syst\u00e8mes de transport, aux PLC, aux ERP ou aux outils de tra\u00e7abilit\u00e9<\/strong> d\u00e9j\u00e0 en place.<\/p>\n\n\n\n<p>Cela nous permet de garder le contr\u00f4le de chaque unit\u00e9 produite jusqu\u2019au moment de l\u2019exp\u00e9dition, garantissant une tra\u00e7abilit\u00e9 compl\u00e8te et sans rupture d\u2019information.<\/p>\n<\/div>\n<\/div>\n\n\n\n<div class=\"wp-block-microbio-blocks-grid grid-align-stretch grid-gap-lg\">\n<div class=\"wp-block-microbio-blocks-grid-cell grid-row-1 grid-column-6 grid-column-mobile-4\" style=\"--mobile-order:-1\">\n<div class=\"wp-block-microbio-blocks-flex flex-align-start flex-justify-start flex-gap-0 flex-max-width\" style=\"--custom-gap:0;--flex-max-width:450px\">\n<h3 class=\"wp-block-heading has-primary-color has-text-color has-link-color wp-elements-76310fe96cb6cc153d1ad6b5494a7660\">Solutions \u00e9volutives pour des lignes nouvelles ou d\u00e9j\u00e0 op\u00e9rationnelles<\/h3>\n<\/div>\n<\/div>\n\n\n\n<div class=\"wp-block-microbio-blocks-grid-cell grid-row-1 grid-column-6 grid-column-mobile-4\" style=\"--mobile-order:\">\n<p>Que vous ayez besoin de moderniser une ligne de fonctionnement ou de mettre en place une nouvelle centrale, nos solutions sont <strong>\u00e9volutives et modulaires<\/strong>.<\/p>\n\n\n\n<p>Cela vous permet de cro\u00eetre par phases, d\u2019int\u00e9grer des am\u00e9liorations progressives ou d\u2019adapter le syst\u00e8me aux nouvelles r\u00e9f\u00e9rences de produits sans r\u00e9investir dans l\u2019ensemble de l\u2019infrastructure.<\/p>\n<\/div>\n<\/div>\n\n\n\n<div class=\"wp-block-microbio-blocks-grid grid-align-stretch grid-gap-lg\">\n<div class=\"wp-block-microbio-blocks-grid-cell grid-row-1 grid-column-6 grid-column-mobile-4\" style=\"--mobile-order:-1\">\n<div class=\"wp-block-microbio-blocks-flex flex-align-start flex-justify-start flex-gap-0 flex-max-width\" style=\"--custom-gap:0;--flex-max-width:450px\">\n<h3 class=\"wp-block-heading has-primary-color has-text-color has-link-color wp-elements-62ee536c86cfbe58ff36d6f41e606f2a\">R\u00e9duire les erreurs, am\u00e9liorer les temps et gagner en fiabilit\u00e9<\/h3>\n<\/div>\n<\/div>\n\n\n\n<div class=\"wp-block-microbio-blocks-grid-cell grid-row-1 grid-column-6 grid-column-mobile-4\" style=\"--mobile-order:\">\n<p>Automatiser la fin de file aide \u00e0 r\u00e9duire les erreurs d\u2019emballage ou d\u2019\u00e9tiquetage, \u00e0 \u00e9viter les t\u00e2ches r\u00e9p\u00e9titives qui g\u00e9n\u00e8rent de la fatigue, et \u00e0 lib\u00e9rer des ressources humaines pour des fonctions \u00e0 plus grande valeur ajout\u00e9e.<\/p>\n\n\n\n<p>De plus, vous garantissez un <strong>d\u00e9bit plus stable, pr\u00e9visible et tra\u00e7able<\/strong>, avec moins de refus logistiques et plus de confiance de la part du client final.<\/p>\n<\/div>\n<\/div>\n<\/div>\n<\/section>\n\n<section class=\"wp-block-microbio-blocks-section-v2 is-style-section-pd-xl has-grey-light-1-background-color has-background child-wide section-align-center alignfull\" style=\"--min-height:0;--min-height-mobile:0\" data-animation-enter=\"alpha\">\n<div class=\"wp-block-microbio-blocks-flex aligncenter flex-align-center flex-justify-space-between flex-gap-2 micro-banner-padding has-white-background-color has-background\" style=\"--custom-gap:0\">\n<div class=\"wp-block-microbio-blocks-flex flex-align-start flex-justify-start flex-gap-0 flex-columns flex-max-width theme-margins\" style=\"margin-top:0;margin-bottom:0;--custom-gap:0;--flex-max-width:560px\">\n<h3 class=\"wp-block-heading\" style=\"margin-top:0;margin-bottom:0\">Produits associ\u00e9s<\/h3>\n\n\n\n<p style=\"padding-top:var(--wp--preset--spacing--space-xs);padding-bottom:0\">D\u00e9couvrez nos lignes de production<\/p>\n<\/div>\n\n\n\n<a class=\"wp-block-microbio-blocks-button btn-size-default btn-icon\" target=\"\" href=\"https:\/\/www.industrias-maxi.es\/fr\/ce-que-nous-faisons\/lignes-de-production\/\" rel=\"noopener\" title=\"\"><span>voir les lignes de production<\/span><svg width=\"15\" height=\"15\"><use xlink:href=\"\/wp-content\/plugins\/microbio-blocks\/assets\/images\/icons-library.svg?ver=2.0.0#arrow\"\/><\/svg><\/a>\n<\/div>\n<\/section>\n\n<section class=\"wp-block-microbio-blocks-section-v2 is-style-section-pd-xl has-primary-darkest-background-color has-background child-wide section-align-center alignfull gsap-animation-enter\" style=\"--min-height:0;--min-height-mobile:0\" data-animation-enter=\"alpha\">\n<div class=\"wp-block-microbio-blocks-flex aligncenter flex-align-center flex-justify-start flex-gap-0 flex-columns flex-max-width flex-align-self-center theme-margins\" style=\"--custom-gap:0;--flex-max-width:910px\">\n<h2 class=\"wp-block-heading has-text-align-center\">Pourquoi choisir Maxi Industries ?<\/h2>\n\n\n\n<p class=\"has-text-align-center\">Notre m\u00e9thodologie combine ing\u00e9nierie collaborative, pr\u00e9-simulation, fabrication interne et support apr\u00e8s-vente, garantissant la continuit\u00e9 et la performance du syst\u00e8me \u00e0 long terme.<\/p>\n<\/div>\n\n\n\n<div class=\"wp-block-microbio-blocks-grid grid-align-stretch grid-gap-none grid-border-inner grid-border-inner-clients grid-border-inner-clients-3\" style=\"margin-top:var(--wp--preset--spacing--space-m)\">\n<div class=\"wp-block-microbio-blocks-grid-cell grid-row-1 grid-column-4 grid-column-mobile-4\" style=\"--mobile-order:\">\n<div class=\"wp-block-microbio-blocks-flex flex-align-start flex-justify-end flex-columns shrink\" style=\"--custom-gap:16px\">\n<span class=\"wp-block-microbio-blocks-icon icon-size-default has-secondary-color has-text-color has-link-color wp-elements-d96b39cc02359fd5927704a20edae01a\"><svg><use xlink:href=\"\/wp-content\/themes\/industrias-maxi-theme\/assets\/img\/maxi-icons.svg?ver=#thumb-fill\"\/><\/svg><\/span>\n\n\n\n<h3 class=\"wp-block-heading has-heading-4-font-size\">Exp\u00e9rience et leadership<\/h3>\n\n\n\n<p>Avec plus de 50 ans d\u2019exp\u00e9rience dans le secteur, nous travaillons avec de grands clients proposant des solutions industrielles r\u00e9pondant aux plus hauts standards de qualit\u00e9 et de fiabilit\u00e9.<\/p>\n<\/div>\n<\/div>\n\n\n\n<div class=\"wp-block-microbio-blocks-grid-cell grid-row-1 grid-column-4 grid-column-mobile-4\" style=\"--mobile-order:\">\n<div class=\"wp-block-microbio-blocks-flex flex-align-start flex-justify-end flex-columns shrink\" style=\"--custom-gap:16px\">\n<span class=\"wp-block-microbio-blocks-icon icon-size-default has-secondary-color has-text-color has-link-color wp-elements-1f8e8738f72cd2bd2e5a916c2d7cfc01\"><svg><use xlink:href=\"\/wp-content\/themes\/industrias-maxi-theme\/assets\/img\/maxi-icons.svg#team\"\/><\/svg><\/span>\n\n\n\n<h3 class=\"wp-block-heading has-heading-4-font-size\">Solutions personnalis\u00e9es<\/h3>\n\n\n\n<p>Chaque projet est unique. Nous concevons des solutions cl\u00e9s en main sur mesure qui optimisent l\u2019efficacit\u00e9 et les ressources de votre entreprise, en s\u2019adaptant \u00e0 vos besoins sp\u00e9cifiques. <\/p>\n<\/div>\n<\/div>\n\n\n\n<div class=\"wp-block-microbio-blocks-grid-cell grid-row-1 grid-column-4 grid-column-mobile-4\" style=\"--mobile-order:\">\n<div class=\"wp-block-microbio-blocks-flex flex-align-start flex-justify-end flex-columns shrink\" style=\"--custom-gap:16px\">\n<span class=\"wp-block-microbio-blocks-icon icon-size-default has-secondary-color has-text-color has-link-color wp-elements-27718dffe8489d43ad3d4108330961fe\"><svg><use xlink:href=\"\/wp-content\/themes\/industrias-maxi-theme\/assets\/img\/maxi-icons.svg#message\"\/><\/svg><\/span>\n\n\n\n<h3 class=\"wp-block-heading has-heading-4-font-size\">Support technique<\/h3>\n\n\n\n<p>Nous proposons un support apr\u00e8s-vente et une formation technique, garantissant que nos solutions continuent de fonctionner \u00e0 leur meilleur niveau et que votre \u00e9quipe est toujours pr\u00e9par\u00e9e.<\/p>\n<\/div>\n<\/div>\n<\/div>\n<\/section>\n\n<section class=\"wp-block-microbio-blocks-section-v2 child-wide section-align-center alignfull\" style=\"margin-top:var(--wp--preset--spacing--space-lg);margin-bottom:var(--wp--preset--spacing--space-lg);--min-height:0;--min-height-mobile:0\" data-animation-enter=\"alpha\">\n<div class=\"wp-block-microbio-blocks-flex aligncenter flex-align-center flex-justify-space-between flex-gap-2 micro-banner-padding has-secondary-background-color has-background\" style=\"--custom-gap:0\">\n<div class=\"wp-block-microbio-blocks-flex flex-align-start flex-justify-start flex-gap-0 flex-max-width theme-margins\" style=\"margin-top:0;margin-bottom:0;--custom-gap:0;--flex-max-width:560px\">\n<h3 class=\"wp-block-heading\" style=\"margin-top:0;margin-bottom:0\">Faites de la fin de la ligne votre avantage concurrentiel<\/h3>\n\n\n\n<p style=\"padding-top:var(--wp--preset--spacing--space-xs);padding-bottom:0\">Automatiser la fin de ligne n\u2019est pas seulement une am\u00e9lioration op\u00e9rationnelle : c\u2019est un moyen d\u2019am\u00e9liorer l\u2019efficacit\u00e9, la fiabilit\u00e9 et la diff\u00e9renciation par rapport \u00e0 vos concurrents.<\/p>\n\n\n\n<p style=\"padding-top:var(--wp--preset--spacing--space-xs);padding-bottom:0\">Chez Industrias Maxi, nous vous aidons \u00e0 concevoir la solution qui correspond \u00e0 votre produit, \u00e0 votre usine et \u00e0 vos objectifs.<\/p>\n<\/div>\n\n\n\n<a class=\"wp-block-microbio-blocks-button btn-size-default btn-icon\" target=\"\" href=\"https:\/\/www.industrias-maxi.es\/fr\/contact\/\" rel=\"noopener\" title=\"  Aller sur la page de contact\"><span>Contact<\/span><svg width=\"15\" height=\"15\"><use xlink:href=\"\/wp-content\/plugins\/microbio-blocks\/assets\/images\/icons-library.svg?ver=2.0.0#arrow\"\/><\/svg><\/a>\n<\/div>\n<\/section>\n","protected":false},"excerpt":{"rendered":"","protected":false},"author":1,"featured_media":0,"parent":1171,"menu_order":0,"comment_status":"closed","ping_status":"closed","template":"","meta":{"footnotes":""},"class_list":["post-1292","page","type-page","status-publish","hentry"],"_links":{"self":[{"href":"https:\/\/www.industrias-maxi.es\/fr\/wp-json\/wp\/v2\/pages\/1292","targetHints":{"allow":["GET"]}}],"collection":[{"href":"https:\/\/www.industrias-maxi.es\/fr\/wp-json\/wp\/v2\/pages"}],"about":[{"href":"https:\/\/www.industrias-maxi.es\/fr\/wp-json\/wp\/v2\/types\/page"}],"author":[{"embeddable":true,"href":"https:\/\/www.industrias-maxi.es\/fr\/wp-json\/wp\/v2\/users\/1"}],"replies":[{"embeddable":true,"href":"https:\/\/www.industrias-maxi.es\/fr\/wp-json\/wp\/v2\/comments?post=1292"}],"version-history":[{"count":3,"href":"https:\/\/www.industrias-maxi.es\/fr\/wp-json\/wp\/v2\/pages\/1292\/revisions"}],"predecessor-version":[{"id":1535,"href":"https:\/\/www.industrias-maxi.es\/fr\/wp-json\/wp\/v2\/pages\/1292\/revisions\/1535"}],"up":[{"embeddable":true,"href":"https:\/\/www.industrias-maxi.es\/fr\/wp-json\/wp\/v2\/pages\/1171"}],"wp:attachment":[{"href":"https:\/\/www.industrias-maxi.es\/fr\/wp-json\/wp\/v2\/media?parent=1292"}],"curies":[{"name":"wp","href":"https:\/\/api.w.org\/{rel}","templated":true}]}}