{"id":1300,"date":"2025-09-23T11:55:29","date_gmt":"2025-09-23T09:55:29","guid":{"rendered":"https:\/\/www.industrias-maxi.es\/industriel\/usinage-a-grande-echelle\/"},"modified":"2026-02-06T10:13:29","modified_gmt":"2026-02-06T09:13:29","slug":"usinage-a-grande-echelle","status":"publish","type":"page","link":"https:\/\/www.industrias-maxi.es\/fr\/industriel\/usinage-a-grande-echelle\/","title":{"rendered":"Usinage \u00e0 grande \u00e9chelle"},"content":{"rendered":"\n<section class=\"wp-block-microbio-blocks-section-v2 is-style-section-pd-xl has-grey-dark-1-background-color has-background child-wide section-align-end alignfull section-ramp section-bg-ramp-theme\" style=\"--min-height:60vh;--min-height-mobile:0;--focal:49% 50%;--focal-mobile:50% 50%\" data-animation-enter=\"alpha\"><figure class=\"wp-block-image size-full section-img-bg\"><img decoding=\"async\" width=\"1215\" height=\"841\" src=\"https:\/\/www.industrias-maxi.es\/wp-content\/uploads\/2025\/12\/Mecanizado-Supra.webp\" alt=\"\" class=\"wp-image-795\" srcset=\"https:\/\/www.industrias-maxi.es\/wp-content\/uploads\/2025\/12\/Mecanizado-Supra.webp 1215w, https:\/\/www.industrias-maxi.es\/wp-content\/uploads\/2025\/12\/Mecanizado-Supra-300x208.webp 300w, https:\/\/www.industrias-maxi.es\/wp-content\/uploads\/2025\/12\/Mecanizado-Supra-1024x709.webp 1024w, https:\/\/www.industrias-maxi.es\/wp-content\/uploads\/2025\/12\/Mecanizado-Supra-768x532.webp 768w, https:\/\/www.industrias-maxi.es\/wp-content\/uploads\/2025\/12\/Mecanizado-Supra-500x346.webp 500w\" sizes=\"(max-width: 1215px) 100vw, 1215px\" \/><\/figure>\n<div class=\"wp-block-microbio-blocks-flex flex-align-start flex-justify-start flex-gap-0 flex-columns flex-max-width theme-margins\" style=\"--custom-gap:0;--flex-max-width:950px\">\n<span class=\"wp-block-microbio-blocks-badge badge-size-default is-style-white\">SECTEUR INDUSTRIEL<\/span>\n\n\n\n<h1 class=\"wp-block-heading\">Usinage \u00e0 grande \u00e9chelle pour des pi\u00e8ces techniques et de grande valeur<\/h1>\n\n\n\n<p><strong>L\u2019usinage de grandes pi\u00e8ces<\/strong> est essentiel pour les secteurs industriels travaillant avec des composants de grande valeur, o\u00f9 la pr\u00e9cision, la stabilit\u00e9 structurelle et les finitions techniques sont non n\u00e9gociables.<\/p>\n\n\n\n<p>Chez Industrias Maxi, nous disposons de la technologie, de l\u2019espace et de l\u2019exp\u00e9rience n\u00e9cessaires pour fabriquer et ajuster de grandes pi\u00e8ces selon les plus hauts standards de qualit\u00e9.<\/p>\n\n\n\n<p>Qu\u2019il s\u2019agisse de structures m\u00e9talliques, de pi\u00e8ces fonctionnelles, de bases usin\u00e9es ou de composants pour biens d\u2019\u00e9quipement, nous proposons des solutions compl\u00e8tes qui combinent <strong>capacit\u00e9 technique, contr\u00f4le dimensionnel et connaissance des proc\u00e9d\u00e9s<\/strong>.<\/p>\n\n\n\n<a class=\"wp-block-microbio-blocks-button btn-size-default btn-icon is-style-secondary\" target=\"\" href=\"https:\/\/www.industrias-maxi.es\/fr\/contact\/\" rel=\"noopener\" title=\"Contactez-nous\"><span>Contactez-nous<\/span><svg width=\"15\" height=\"15\"><use xlink:href=\"\/wp-content\/plugins\/microbio-blocks\/assets\/images\/icons-library.svg?ver=2.0.0#arrow\"\/><\/svg><\/a>\n<\/div>\n<\/section>\n\n<section class=\"wp-block-microbio-blocks-section-v2 is-style-section-pd-xl child-wide section-align-center alignfull gsap-animation-enter\" style=\"--min-height:0;--min-height-mobile:0\" data-animation-enter=\"bottom-to-top\">\n<div class=\"wp-block-microbio-blocks-grid  grid-align-start grid-gap-lg\">\n<div class=\"wp-block-microbio-blocks-grid-cell  grid-row-1 grid-column-6 grid-column-mobile-4\" style=\"--mobile-order:\">\n<h2 class=\"wp-block-heading\">Capacit\u00e9 \u00e9lev\u00e9e pour les grandes pi\u00e8ces et la g\u00e9om\u00e9trie complexe<\/h2>\n<\/div>\n\n\n\n<div class=\"wp-block-microbio-blocks-grid-cell  grid-row-1 grid-column-6 grid-column-mobile-4\" style=\"--mobile-order:\">\n<p class=\"has-text-align-left\">L\u2019usinage de grandes pi\u00e8ces demande non seulement du volume, mais aussi de la pr\u00e9cision.<br\/>Chez Industrias Maxi, nous travaillons avec <strong>des composants grand format<\/strong> pr\u00e9sentant des g\u00e9om\u00e9tries complexes, plusieurs faces d\u2019usinage, des cavit\u00e9s techniques ou des tol\u00e9rances serr\u00e9es.<\/p>\n\n\n\n<p class=\"has-text-align-left\">Gr\u00e2ce \u00e0 notre \u00e9quipement et au savoir-faire de notre \u00e9quipe technique, nous pouvons <strong>garantir une qualit\u00e9 dimensionnelle m\u00eame dans des pi\u00e8ces encombrantes et difficiles d\u2019acc\u00e8s<\/strong>.<\/p>\n<\/div>\n<\/div>\n\n\n\n<div class=\"wp-block-microbio-blocks-flex flex-align-stretch flex-justify-start flex-gap-0 flex-columns no-wrap theme-margins table-style-border table-style-border-light\" style=\"margin-top:var(--wp--preset--spacing--space-xl);--custom-gap:0\">\n<div class=\"wp-block-microbio-blocks-grid  grid-align-stretch grid-gap-lg\">\n<div class=\"wp-block-microbio-blocks-grid-cell  grid-row-1 grid-column-6 grid-column-mobile-4\" style=\"--mobile-order:-1\">\n<div class=\"wp-block-microbio-blocks-flex flex-align-start flex-justify-start flex-gap-0 flex-max-width\" style=\"--custom-gap:0;--flex-max-width:450px\">\n<h3 class=\"wp-block-heading has-primary-color has-text-color has-link-color wp-elements-2cfdbd8159dfdadaae45c079816f4fb1\">Centres d\u2019usinage CNC avec course \u00e9tendue<\/h3>\n<\/div>\n<\/div>\n\n\n\n<div class=\"wp-block-microbio-blocks-grid-cell  grid-row-1 grid-column-6 grid-column-mobile-4\" style=\"--mobile-order:\">\n<p>Nous disposons <strong>de centres d\u2019usinage CNC \u00e0 longue course<\/strong>, avec des axes adapt\u00e9s pour travailler sur des pi\u00e8ces longues, hautes ou larges, sans avoir \u00e0 repositionner la pi\u00e8ce en continu.<\/p>\n\n\n\n<p>Cela permet de maintenir la stabilit\u00e9 du proc\u00e9d\u00e9, de r\u00e9duire les temps d\u2019usinage et d\u2019assurer l\u2019alignement entre les surfaces critiques.<\/p>\n<\/div>\n<\/div>\n\n\n\n<div class=\"wp-block-microbio-blocks-grid  grid-align-stretch grid-gap-lg\">\n<div class=\"wp-block-microbio-blocks-grid-cell  grid-row-1 grid-column-6 grid-column-mobile-4\" style=\"--mobile-order:-1\">\n<div class=\"wp-block-microbio-blocks-flex flex-align-start flex-justify-start flex-gap-0 flex-max-width\" style=\"--custom-gap:0;--flex-max-width:450px\">\n<h3 class=\"wp-block-heading has-primary-color has-text-color has-link-color wp-elements-9bed720efdda6226a200118a226d9609\">Tol\u00e9rances serr\u00e9es m\u00eame sur des pi\u00e8ces \u00e0 fort volume<\/h3>\n<\/div>\n<\/div>\n\n\n\n<div class=\"wp-block-microbio-blocks-grid-cell  grid-row-1 grid-column-6 grid-column-mobile-4\" style=\"--mobile-order:\">\n<p>La pr\u00e9cision n\u2019est pas en contradiction avec la taille.<\/p>\n\n\n\n<p>Nous <strong>maintenons des tol\u00e9rances strictes<\/strong> m\u00eame sur des pi\u00e8ces d\u00e9passant plusieurs m\u00e8tres de longueur ou n\u00e9cessitant plusieurs op\u00e9rations d\u2019usinage.<\/p>\n\n\n\n<p>Ce contr\u00f4le est essentiel pour garantir que les pi\u00e8ces s\u2019int\u00e8grent dans les assemblages suivants sans avoir besoin d\u2019ajustements manuels ni de meulage suppl\u00e9mentaire.<\/p>\n<\/div>\n<\/div>\n<\/div>\n<\/section>\n\n<section class=\"wp-block-microbio-blocks-section-v2 is-style-section-pd-xl has-grey-light-2-background-color has-background child-wide section-align-center alignfull gsap-animation-enter\" style=\"--min-height:0;--min-height-mobile:0\" data-animation-enter=\"bottom-to-top\">\n<div class=\"wp-block-microbio-blocks-flex aligncenter flex-align-center flex-justify-start flex-gap-0 flex-columns flex-max-width flex-align-self-center theme-margins\" style=\"--custom-gap:0;--flex-max-width:910px\">\n<h2 class=\"wp-block-heading has-text-align-center\">Nous travaillons avec diff\u00e9rents mat\u00e9riaux et secteurs cl\u00e9s<\/h2>\n\n\n\n<p class=\"has-text-align-center\">Notre capacit\u00e9 d\u2019usinage est adapt\u00e9e \u00e0 une grande vari\u00e9t\u00e9 de mat\u00e9riaux :<\/p>\n<\/div>\n\n\n\n<div class=\"wp-block-microbio-blocks-grid-auto  grid-align-stretch grid-gap-custom\" style=\"margin-top:var(--wp--preset--spacing--space-lg);--_cell-min-width:250px;--_grid-gap-custom:32px\">\n<div class=\"wp-block-microbio-blocks-flex flex-align-start flex-justify-start flex-columns border-grey-medium-2 padding-card-small\" style=\"--custom-gap:16px\">\n<span class=\"wp-block-microbio-blocks-icon icon-size-default maxi-icon-box has-primary-darkest-color has-grey-light-1-background-color has-text-color has-background has-link-color wp-elements-53b15f9059866d3112eb52bcf795b8f0\"><svg><use xlink:href=\"\/wp-content\/themes\/industrias-maxi-theme\/assets\/img\/maxi-icons.svg#plane\"\/><\/svg><\/span>\n\n\n\n<h3 class=\"wp-block-heading\">Acier au carbone et inoxydable<\/h3>\n<\/div>\n\n\n\n<div class=\"wp-block-microbio-blocks-flex flex-align-start flex-justify-start flex-columns border-grey-medium-2 padding-card-small\" style=\"--custom-gap:16px\">\n<span class=\"wp-block-microbio-blocks-icon icon-size-default maxi-icon-box has-primary-darkest-color has-grey-light-1-background-color has-text-color has-background has-link-color wp-elements-53b15f9059866d3112eb52bcf795b8f0\"><svg><use xlink:href=\"\/wp-content\/themes\/industrias-maxi-theme\/assets\/img\/maxi-icons.svg#plane\"\/><\/svg><\/span>\n\n\n\n<h3 class=\"wp-block-heading\">Aluminium et alliages l\u00e9gers<\/h3>\n<\/div>\n\n\n\n<div class=\"wp-block-microbio-blocks-flex flex-align-start flex-justify-start flex-columns border-grey-medium-2 padding-card-small\" style=\"--custom-gap:16px\">\n<span class=\"wp-block-microbio-blocks-icon icon-size-default maxi-icon-box has-primary-darkest-color has-grey-light-1-background-color has-text-color has-background has-link-color wp-elements-53b15f9059866d3112eb52bcf795b8f0\"><svg><use xlink:href=\"\/wp-content\/themes\/industrias-maxi-theme\/assets\/img\/maxi-icons.svg#plane\"\/><\/svg><\/span>\n\n\n\n<h3 class=\"wp-block-heading\">Fonte, bronze, plastiques techniques et composites<\/h3>\n<\/div>\n<\/div>\n\n\n\n<div class=\"wp-block-microbio-blocks-flex flex-align-start flex-justify-start flex-gap-0 flex-max-width flex-align-self-center\" style=\"margin-top:var(--wp--preset--spacing--space-lg);--custom-gap:0;--flex-max-width:900px\">\n<p class=\"has-text-align-center\">Cela nous permet de r\u00e9pondre \u00e0 des secteurs industriels tels que <strong>l\u2019\u00e9nergie, les chemins de fer, les biens d\u2019\u00e9quipement, les machines sp\u00e9ciales ou les structures industrielles complexes<\/strong>.<\/p>\n<\/div>\n<\/section>\n\n<section class=\"wp-block-microbio-blocks-section-v2 is-style-section-pd-xl child-wide section-align-center alignfull section-ramp section-bg-ramp-gray gsap-animation-enter\" style=\"--min-height:0;--min-height-mobile:0\" data-animation-enter=\"bottom-to-top\">\n<div class=\"wp-block-microbio-blocks-grid  grid-align-stretch grid-gap-none border-grid\">\n<div class=\"wp-block-microbio-blocks-grid-cell  grid-row-1 grid-column-5 grid-column-mobile-4\" style=\"--mobile-order:\">\n<figure class=\"wp-block-image size-large\"><img decoding=\"async\" width=\"1024\" height=\"683\" src=\"https:\/\/www.industrias-maxi.es\/wp-content\/uploads\/2025\/12\/Mecanizado-Espana-1024x683.webp\" alt=\"\" class=\"wp-image-798\" srcset=\"https:\/\/www.industrias-maxi.es\/wp-content\/uploads\/2025\/12\/Mecanizado-Espana-1024x683.webp 1024w, https:\/\/www.industrias-maxi.es\/wp-content\/uploads\/2025\/12\/Mecanizado-Espana-300x200.webp 300w, https:\/\/www.industrias-maxi.es\/wp-content\/uploads\/2025\/12\/Mecanizado-Espana-768x512.webp 768w, https:\/\/www.industrias-maxi.es\/wp-content\/uploads\/2025\/12\/Mecanizado-Espana-1536x1025.webp 1536w, https:\/\/www.industrias-maxi.es\/wp-content\/uploads\/2025\/12\/Mecanizado-Espana-500x333.webp 500w, https:\/\/www.industrias-maxi.es\/wp-content\/uploads\/2025\/12\/Mecanizado-Espana.webp 2048w\" sizes=\"(max-width: 1024px) 100vw, 1024px\" \/><\/figure>\n<\/div>\n\n\n\n<div class=\"wp-block-microbio-blocks-grid-cell  grid-row-1 grid-column-7 grid-column-mobile-4\" style=\"--mobile-order:\">\n<div class=\"wp-block-microbio-blocks-flex flex-align-start flex-justify-start flex-gap-0 flex-max-width theme-margins\" style=\"--custom-gap:0;--flex-max-width:617px\">\n<h2 class=\"wp-block-heading\">Usinage unitaire, s\u00e9rie courte et r\u00e9paration de grandes pi\u00e8ces<\/h2>\n\n\n\n<p>Nous proposons des services \u00e0 la fois pour la fabrication de pi\u00e8ces uniques et de courtes s\u00e9ries de composants \u00e0 grand volume.<\/p>\n\n\n\n<p>De plus, nous effectuons la r\u00e9paration, la reconstruction ou l\u2019ajustement des pi\u00e8ces endommag\u00e9es ou us\u00e9es, les rendant \u00e0 leur \u00e9tat d\u2019origine ou am\u00e9lior\u00e9es, avec une garantie de qualit\u00e9 totale.<\/p>\n<\/div>\n<\/div>\n<\/div>\n<\/section>\n\n<section class=\"wp-block-microbio-blocks-section-v2 is-style-section-pd-xl has-grey-light-2-background-color has-background child-wide section-align-center alignfull gsap-animation-enter\" style=\"--min-height:0;--min-height-mobile:0\" data-animation-enter=\"bottom-to-top\">\n<div class=\"wp-block-microbio-blocks-grid  grid-align-start grid-gap-lg\">\n<div class=\"wp-block-microbio-blocks-grid-cell  grid-row-1 grid-column-6 grid-column-mobile-4\" style=\"--mobile-order:\">\n<h2 class=\"wp-block-heading\">Contr\u00f4le qualit\u00e9 total et tra\u00e7abilit\u00e9 du proc\u00e9d\u00e9<\/h2>\n<\/div>\n\n\n\n<div class=\"wp-block-microbio-blocks-grid-cell  grid-row-1 grid-column-6 grid-column-mobile-4\" style=\"--mobile-order:\">\n<p class=\"has-text-align-left\">Chaque projet que nous r\u00e9alisons est soumis \u00e0 un syst\u00e8me de contr\u00f4le qualit\u00e9 rigoureux, document\u00e9 et tra\u00e7able, de la r\u00e9ception du mat\u00e9riau \u00e0 la livraison finale.<\/p>\n<\/div>\n<\/div>\n\n\n\n<div class=\"wp-block-microbio-blocks-flex flex-align-stretch flex-justify-start flex-gap-0 flex-columns no-wrap theme-margins table-style-border\" style=\"margin-top:var(--wp--preset--spacing--space-xl);--custom-gap:0\">\n<div class=\"wp-block-microbio-blocks-grid  grid-align-stretch grid-gap-lg\">\n<div class=\"wp-block-microbio-blocks-grid-cell  grid-row-1 grid-column-6 grid-column-mobile-4\" style=\"--mobile-order:-1\">\n<div class=\"wp-block-microbio-blocks-flex flex-align-start flex-justify-start flex-gap-0 flex-max-width\" style=\"--custom-gap:0;--flex-max-width:450px\">\n<h3 class=\"wp-block-heading has-primary-color has-text-color has-link-color wp-elements-e41cebe25e4e0abab30a104d8ec47e05\">V\u00e9rification avec des \u00e9quipements de mesure grand format<\/h3>\n<\/div>\n<\/div>\n\n\n\n<div class=\"wp-block-microbio-blocks-grid-cell  grid-row-1 grid-column-6 grid-column-mobile-4\" style=\"--mobile-order:\">\n<p>Nous disposons <strong>de bras de mesure et de syst\u00e8mes de v\u00e9rification de coordonn\u00e9es<\/strong> sp\u00e9cialement adapt\u00e9s au contr\u00f4le de grandes pi\u00e8ces.<\/p>\n\n\n\n<p>Cela nous permet de valider avec une pr\u00e9cision compl\u00e8te les dimensions cl\u00e9s, les angles, les parall\u00e9lismes, ou les g\u00e9om\u00e9tries complexes et de laisser un enregistrement technique de chaque contr\u00f4le effectu\u00e9.<\/p>\n<\/div>\n<\/div>\n\n\n\n<div class=\"wp-block-microbio-blocks-grid  grid-align-stretch grid-gap-lg\">\n<div class=\"wp-block-microbio-blocks-grid-cell  grid-row-1 grid-column-6 grid-column-mobile-4\" style=\"--mobile-order:-1\">\n<div class=\"wp-block-microbio-blocks-flex flex-align-start flex-justify-start flex-gap-0 flex-max-width\" style=\"--custom-gap:0;--flex-max-width:450px\">\n<h3 class=\"wp-block-heading has-primary-color has-text-color has-link-color wp-elements-4b61e1d0edb7d2401c56dcc063dee127\">Finitions et r\u00e9glages selon les sp\u00e9cifications du client<\/h3>\n<\/div>\n<\/div>\n\n\n\n<div class=\"wp-block-microbio-blocks-grid-cell  grid-row-1 grid-column-6 grid-column-mobile-4\" style=\"--mobile-order:\">\n<p>Nous savons que chaque pi\u00e8ce a sa fonction. C\u2019est pourquoi nous personnalisons les <strong>finitions, filetages, bo\u00eetiers, surfaces critiques ou traitements finaux<\/strong> selon les besoins fonctionnels de chaque client. <\/p>\n\n\n\n<p>Cela garantit que la pi\u00e8ce est pr\u00eate \u00e0 \u00eatre mise en production ou \u00e0 un assemblage imm\u00e9diat, sans processus interm\u00e9diaires suppl\u00e9mentaires.<\/p>\n<\/div>\n<\/div>\n<\/div>\n<\/section>\n\n<section class=\"wp-block-microbio-blocks-section-v2 is-style-section-pd-xl has-grey-light-1-background-color has-background child-wide section-align-center alignfull\" style=\"--min-height:0;--min-height-mobile:0\" data-animation-enter=\"alpha\">\n<div class=\"wp-block-microbio-blocks-animate-block  gsap-animation-enter\" data-animation-enter=\"bottom-to-top\" data-animation-scroll=\"bottom\" data-animation-scroll-measure=\"100\" data-animation-scroll-mobile=\"none\" data-animation-scroll-mobile-measure=\"50\">\n<div class=\"wp-block-microbio-blocks-flex aligncenter flex-align-center flex-justify-space-between flex-gap-2 micro-banner-padding has-white-background-color has-background\" style=\"--custom-gap:0\">\n<div class=\"wp-block-microbio-blocks-flex flex-align-start flex-justify-start flex-gap-0 flex-columns flex-max-width theme-margins\" style=\"margin-top:0;margin-bottom:0;--custom-gap:0;--flex-max-width:560px\">\n<h3 class=\"wp-block-heading\" style=\"margin-top:0;margin-bottom:0\">Produits associ\u00e9s<\/h3>\n\n\n\n<p style=\"padding-top:var(--wp--preset--spacing--space-xs);padding-bottom:0\">D\u00e9couvrez notre Usinage des pi\u00e8ces<\/p>\n<\/div>\n\n\n\n<a class=\"wp-block-microbio-blocks-button btn-size-default btn-icon\" target=\"\" href=\"https:\/\/www.industrias-maxi.es\/fr\/usinage-des-pieces\/\" rel=\"noopener\" title=\"\"><span>voir Usinage des pi\u00e8ces<\/span><svg width=\"15\" height=\"15\"><use xlink:href=\"\/wp-content\/plugins\/microbio-blocks\/assets\/images\/icons-library.svg?ver=2.0.0#arrow\"\/><\/svg><\/a>\n<\/div>\n<\/div>\n<\/section>\n\n<section class=\"wp-block-microbio-blocks-section-v2 is-style-section-pd-xl has-primary-darkest-background-color has-background child-wide section-align-center alignfull gsap-animation-enter\" style=\"--min-height:0;--min-height-mobile:0\" data-animation-enter=\"alpha\">\n<div class=\"wp-block-microbio-blocks-flex aligncenter flex-align-center flex-justify-start flex-gap-0 flex-columns flex-max-width flex-align-self-center theme-margins\" style=\"--custom-gap:0;--flex-max-width:910px\">\n<h2 class=\"wp-block-heading has-text-align-center\">Pourquoi choisir Maxi Industries ?<\/h2>\n\n\n\n<p class=\"has-text-align-center\">Notre m\u00e9thodologie combine ing\u00e9nierie collaborative, pr\u00e9-simulation, fabrication interne et support apr\u00e8s-vente, garantissant la continuit\u00e9 et la performance du syst\u00e8me \u00e0 long terme.<\/p>\n<\/div>\n\n\n\n<div class=\"wp-block-microbio-blocks-grid grid-align-stretch grid-gap-none grid-border-inner grid-border-inner-clients grid-border-inner-clients-3\" style=\"margin-top:var(--wp--preset--spacing--space-m)\">\n<div class=\"wp-block-microbio-blocks-grid-cell grid-row-1 grid-column-4 grid-column-mobile-4\" style=\"--mobile-order:\">\n<div class=\"wp-block-microbio-blocks-flex flex-align-start flex-justify-end flex-columns shrink\" style=\"--custom-gap:16px\">\n<span class=\"wp-block-microbio-blocks-icon icon-size-default has-secondary-color has-text-color has-link-color wp-elements-d96b39cc02359fd5927704a20edae01a\"><svg><use xlink:href=\"\/wp-content\/themes\/industrias-maxi-theme\/assets\/img\/maxi-icons.svg?ver=#thumb-fill\"\/><\/svg><\/span>\n\n\n\n<h3 class=\"wp-block-heading has-heading-4-font-size\">Exp\u00e9rience et leadership<\/h3>\n\n\n\n<p>Avec plus de 50 ans d\u2019exp\u00e9rience dans le secteur, nous travaillons avec de grands clients proposant des solutions industrielles r\u00e9pondant aux plus hauts standards de qualit\u00e9 et de fiabilit\u00e9.<\/p>\n<\/div>\n<\/div>\n\n\n\n<div class=\"wp-block-microbio-blocks-grid-cell grid-row-1 grid-column-4 grid-column-mobile-4\" style=\"--mobile-order:\">\n<div class=\"wp-block-microbio-blocks-flex flex-align-start flex-justify-end flex-columns shrink\" style=\"--custom-gap:16px\">\n<span class=\"wp-block-microbio-blocks-icon icon-size-default has-secondary-color has-text-color has-link-color wp-elements-1f8e8738f72cd2bd2e5a916c2d7cfc01\"><svg><use xlink:href=\"\/wp-content\/themes\/industrias-maxi-theme\/assets\/img\/maxi-icons.svg#team\"\/><\/svg><\/span>\n\n\n\n<h3 class=\"wp-block-heading has-heading-4-font-size\">Solutions personnalis\u00e9es<\/h3>\n\n\n\n<p>Chaque projet est unique. Nous concevons des solutions cl\u00e9s en main sur mesure qui optimisent l\u2019efficacit\u00e9 et les ressources de votre entreprise, en s\u2019adaptant \u00e0 vos besoins sp\u00e9cifiques. <\/p>\n<\/div>\n<\/div>\n\n\n\n<div class=\"wp-block-microbio-blocks-grid-cell grid-row-1 grid-column-4 grid-column-mobile-4\" style=\"--mobile-order:\">\n<div class=\"wp-block-microbio-blocks-flex flex-align-start flex-justify-end flex-columns shrink\" style=\"--custom-gap:16px\">\n<span class=\"wp-block-microbio-blocks-icon icon-size-default has-secondary-color has-text-color has-link-color wp-elements-27718dffe8489d43ad3d4108330961fe\"><svg><use xlink:href=\"\/wp-content\/themes\/industrias-maxi-theme\/assets\/img\/maxi-icons.svg#message\"\/><\/svg><\/span>\n\n\n\n<h3 class=\"wp-block-heading has-heading-4-font-size\">Support technique<\/h3>\n\n\n\n<p>Nous proposons un support apr\u00e8s-vente et une formation technique, garantissant que nos solutions continuent de fonctionner \u00e0 leur meilleur niveau et que votre \u00e9quipe est toujours pr\u00e9par\u00e9e.<\/p>\n<\/div>\n<\/div>\n<\/div>\n<\/section>\n\n<section class=\"wp-block-microbio-blocks-section-v2 child-wide section-align-center alignfull\" style=\"margin-top:var(--wp--preset--spacing--space-lg);margin-bottom:var(--wp--preset--spacing--space-lg);--min-height:0;--min-height-mobile:0\" data-animation-enter=\"alpha\">\n<div class=\"wp-block-microbio-blocks-flex aligncenter flex-align-center flex-justify-space-between flex-gap-2 micro-banner-padding has-secondary-background-color has-background\" style=\"--custom-gap:0\">\n<div class=\"wp-block-microbio-blocks-flex flex-align-start flex-justify-start flex-gap-0 flex-max-width theme-margins\" style=\"margin-top:0;margin-bottom:0;--custom-gap:0;--flex-max-width:560px\">\n<h3 class=\"wp-block-heading\" style=\"margin-top:0;margin-bottom:0\">Avez-vous une grosse pi\u00e8ce qui n\u00e9cessite un usinage de pr\u00e9cision ?<\/h3>\n\n\n\n<p style=\"padding-top:var(--wp--preset--spacing--space-xs);padding-bottom:0\">Chez Industrias Maxi, nous disposons de la technologie et de l\u2019exp\u00e9rience n\u00e9cessaires pour usiner des pi\u00e8ces grand format avec une pr\u00e9cision, une qualit\u00e9 et une tra\u00e7abilit\u00e9 maximales.<\/p>\n\n\n\n<p style=\"padding-top:var(--wp--preset--spacing--space-xs);padding-bottom:0\">Parlez-nous de votre cas et nous vous aiderons \u00e0 d\u00e9velopper une solution technique fiable, adapt\u00e9e \u00e0 vos besoins et avec une garantie de r\u00e9sultats.<\/p>\n<\/div>\n\n\n\n<a class=\"wp-block-microbio-blocks-button btn-size-default btn-icon\" target=\"\" href=\"https:\/\/www.industrias-maxi.es\/fr\/contact\/\" rel=\"noopener\" title=\"  Aller sur la page de contact\"><span>Contact<\/span><svg width=\"15\" height=\"15\"><use xlink:href=\"\/wp-content\/plugins\/microbio-blocks\/assets\/images\/icons-library.svg?ver=2.0.0#arrow\"\/><\/svg><\/a>\n<\/div>\n<\/section>\n","protected":false},"excerpt":{"rendered":"","protected":false},"author":1,"featured_media":0,"parent":1164,"menu_order":0,"comment_status":"closed","ping_status":"closed","template":"","meta":{"footnotes":""},"class_list":["post-1300","page","type-page","status-publish","hentry"],"_links":{"self":[{"href":"https:\/\/www.industrias-maxi.es\/fr\/wp-json\/wp\/v2\/pages\/1300","targetHints":{"allow":["GET"]}}],"collection":[{"href":"https:\/\/www.industrias-maxi.es\/fr\/wp-json\/wp\/v2\/pages"}],"about":[{"href":"https:\/\/www.industrias-maxi.es\/fr\/wp-json\/wp\/v2\/types\/page"}],"author":[{"embeddable":true,"href":"https:\/\/www.industrias-maxi.es\/fr\/wp-json\/wp\/v2\/users\/1"}],"replies":[{"embeddable":true,"href":"https:\/\/www.industrias-maxi.es\/fr\/wp-json\/wp\/v2\/comments?post=1300"}],"version-history":[{"count":1,"href":"https:\/\/www.industrias-maxi.es\/fr\/wp-json\/wp\/v2\/pages\/1300\/revisions"}],"predecessor-version":[{"id":1301,"href":"https:\/\/www.industrias-maxi.es\/fr\/wp-json\/wp\/v2\/pages\/1300\/revisions\/1301"}],"up":[{"embeddable":true,"href":"https:\/\/www.industrias-maxi.es\/fr\/wp-json\/wp\/v2\/pages\/1164"}],"wp:attachment":[{"href":"https:\/\/www.industrias-maxi.es\/fr\/wp-json\/wp\/v2\/media?parent=1300"}],"curies":[{"name":"wp","href":"https:\/\/api.w.org\/{rel}","templated":true}]}}