{"id":1362,"date":"2025-09-17T17:45:00","date_gmt":"2025-09-17T15:45:00","guid":{"rendered":"https:\/\/www.industrias-maxi.es\/moules-aeronautiques\/"},"modified":"2026-02-06T14:53:38","modified_gmt":"2026-02-06T13:53:38","slug":"moules-aeronautiques","status":"publish","type":"page","link":"https:\/\/www.industrias-maxi.es\/fr\/ce-que-nous-faisons\/moules-aeronautiques\/","title":{"rendered":"Moules a\u00e9ronautiques"},"content":{"rendered":"\n<section class=\"wp-block-microbio-blocks-section-v2 is-style-section-pd-xl has-grey-dark-1-background-color has-background child-wide section-align-end alignfull section-ramp section-bg-ramp-theme\" style=\"--min-height:60vh;--min-height-mobile:0;--focal:50% 50%;--focal-mobile:50% 50%\" data-animation-enter=\"alpha\"><figure class=\"wp-block-image size-full section-img-bg\"><img decoding=\"async\" width=\"2048\" height=\"1536\" src=\"https:\/\/www.industrias-maxi.es\/wp-content\/uploads\/2025\/12\/Aeronautica.webp\" alt=\"\" class=\"wp-image-849\" srcset=\"https:\/\/www.industrias-maxi.es\/wp-content\/uploads\/2025\/12\/Aeronautica.webp 2048w, https:\/\/www.industrias-maxi.es\/wp-content\/uploads\/2025\/12\/Aeronautica-300x225.webp 300w, https:\/\/www.industrias-maxi.es\/wp-content\/uploads\/2025\/12\/Aeronautica-1024x768.webp 1024w, https:\/\/www.industrias-maxi.es\/wp-content\/uploads\/2025\/12\/Aeronautica-768x576.webp 768w, https:\/\/www.industrias-maxi.es\/wp-content\/uploads\/2025\/12\/Aeronautica-1536x1152.webp 1536w, https:\/\/www.industrias-maxi.es\/wp-content\/uploads\/2025\/12\/Aeronautica-500x375.webp 500w\" sizes=\"(max-width: 2048px) 100vw, 2048px\" \/><\/figure>\n<div class=\"wp-block-microbio-blocks-flex flex-align-start flex-justify-start flex-gap-0 flex-columns flex-max-width theme-margins\" style=\"--custom-gap:0;--flex-max-width:950px\">\n<h1 class=\"wp-block-heading\">Moules de pr\u00e9cision pour pi\u00e8ces en fibre de carbone dans le secteur a\u00e9ronautique<\/h1>\n\n\n\n<p>Chez Industrias Maxi, nous concevons et <strong>fabriquons des moules pour des pi\u00e8ces en fibre de carbone<\/strong> , adapt\u00e9s aux normes exigeantes de l\u2019industrie a\u00e9ronautique.<\/p>\n\n\n\n<p>Nos moules garantissent la pr\u00e9cision dimensionnelle, la r\u00e9sistance thermique et la compatibilit\u00e9 avec des proc\u00e9d\u00e9s tr\u00e8s complexes. Chaque projet est abord\u00e9 dans une perspective technique rigoureuse, adapt\u00e9e aux mat\u00e9riaux composites et aux environnements de fabrication dans lesquels ils seront int\u00e9gr\u00e9s. <\/p>\n\n\n\n<p>Nous collaborons avec les constructeurs a\u00e9ronautiques pour fournir des solutions d\u2019outillages permettant la production de composants structurels de la plus haute qualit\u00e9, r\u00e9p\u00e9tabilit\u00e9 et efficacit\u00e9.<\/p>\n\n\n\n<a class=\"wp-block-microbio-blocks-button btn-size-default btn-icon is-style-secondary\" target=\"\" href=\"https:\/\/www.industrias-maxi.es\/fr\/contact\/\" rel=\"noopener\" title=\"Aller sur la page de contact\"><span>Contactez-nous<\/span><svg width=\"15\" height=\"15\"><use xlink:href=\"\/wp-content\/plugins\/microbio-blocks\/assets\/images\/icons-library.svg?ver=2.0.0#arrow\"\/><\/svg><\/a>\n<\/div>\n<\/section>\n\n<section class=\"wp-block-microbio-blocks-section-v2 is-style-section-pd-xl has-grey-dark-1-background-color has-background child-wide section-align-center alignfull\" style=\"--min-height:0;--min-height-mobile:0\" data-animation-enter=\"alpha\">\n<div class=\"wp-block-microbio-blocks-grid  grid-align-start grid-gap-sm\">\n<div class=\"wp-block-microbio-blocks-grid-cell  grid-row-1 grid-column-6 grid-column-mobile-4\" style=\"--mobile-order:\">\n<h2 class=\"wp-block-heading\">Haute technologie pour des mat\u00e9riaux performants<\/h2>\n<\/div>\n\n\n\n<div class=\"wp-block-microbio-blocks-grid-cell  grid-row-1 grid-column-6 grid-column-mobile-4\" style=\"--mobile-order:\">\n<p>La fibre de carbone n\u00e9cessite des moules capables de r\u00e9sister aux processus de durcissement \u00e0 haute temp\u00e9rature et pression, sans perte de stabilit\u00e9 ni de d\u00e9formation.<\/p>\n\n\n\n<p>Nous concevons <strong>des moules techniques<\/strong> adapt\u00e9s \u00e0 des proc\u00e9d\u00e9s de fabrication avanc\u00e9s avec des compos\u00e9s : r\u00e9sistants, durables et avec des finitions optimis\u00e9es afin d\u2019obtenir des surfaces propres et sans d\u00e9fauts, pr\u00eates \u00e0 \u00eatre assembl\u00e9es ou post-traitement.<\/p>\n<\/div>\n<\/div>\n\n\n\n<div class=\"wp-block-microbio-blocks-flex flex-align-stretch flex-justify-start flex-gap-0 flex-columns no-wrap table-style-border\" style=\"margin-top:var(--wp--preset--spacing--space-xxl);--custom-gap:0\">\n<div class=\"wp-block-microbio-blocks-grid  grid-align-start grid-gap-sm\">\n<div class=\"wp-block-microbio-blocks-grid-cell  grid-row-1 grid-column-6 grid-column-mobile-4\" style=\"--mobile-order:\">\n<div class=\"wp-block-microbio-blocks-flex flex-align-start flex-justify-start no-wrap flex-max-width\" style=\"--custom-gap:28px;--flex-max-width:500px\">\n<p class=\"shrink-0 has-secondary-color has-text-color has-link-color has-heading-3-font-size wp-elements-43af5f375da71d5bb5dfa8762b80fe97\">01<\/p>\n\n\n\n<p class=\"has-secondary-color has-text-color has-link-color has-heading-3-font-size wp-elements-14ecec3ca33630eddf29b9155121da1f\">Moules pr\u00e9-infusion, infusion et RTM<\/p>\n<\/div>\n<\/div>\n\n\n\n<div class=\"wp-block-microbio-blocks-grid-cell  grid-row-1 grid-column-6 grid-column-mobile-4\" style=\"--mobile-order:\">\n<p>Nous fabriquons des moules compatibles avec diff\u00e9rentes technologies de formage :<\/p>\n\n\n\n<ul class=\"wp-block-list\">\n<li><strong>Pr\u00e9-gestations<\/strong>, o\u00f9 le contr\u00f4le thermique et la pression sont essentiels.<\/li>\n\n\n\n<li><strong>Infusion de r\u00e9sine<\/strong>, qui n\u00e9cessite des g\u00e9om\u00e9tries pr\u00e9cises et des canaux sp\u00e9cifiques.<\/li>\n\n\n\n<li><strong>RTM (Plasmage par transfert de r\u00e9sine),<\/strong> avec des solutions scell\u00e9es et robustes. Nous adaptons chaque moule \u00e0 la m\u00e9thode et au cycle de production afin d\u2019assurer un ajustement parfait entre la pi\u00e8ce, le proc\u00e9d\u00e9 et l\u2019environnement de durcition. <\/li>\n<\/ul>\n<\/div>\n<\/div>\n\n\n\n<div class=\"wp-block-microbio-blocks-grid  grid-align-start grid-gap-sm\">\n<div class=\"wp-block-microbio-blocks-grid-cell  grid-row-1 grid-column-6 grid-column-mobile-4\" style=\"--mobile-order:\">\n<div class=\"wp-block-microbio-blocks-flex flex-align-start flex-justify-start no-wrap flex-max-width\" style=\"--custom-gap:28px;--flex-max-width:500px\">\n<p class=\"shrink-0 has-secondary-color has-text-color has-link-color has-heading-3-font-size wp-elements-b5335293f9c7ef5153661b8d39ee3de9\">02<\/p>\n\n\n\n<p class=\"has-secondary-color has-text-color has-link-color has-heading-3-font-size wp-elements-a5b2b70bb94bf9e0fbd81be0a002a707\">Soutien autoclave et four<\/p>\n<\/div>\n<\/div>\n\n\n\n<div class=\"wp-block-microbio-blocks-grid-cell  grid-row-1 grid-column-6 grid-column-mobile-4\" style=\"--mobile-order:\">\n<p>Nos moules sont con\u00e7us pour r\u00e9sister \u00e0 des cycles thermiques exigeants, que ce soit dans les autoclaves ou les fours industriels.<\/p>\n\n\n\n<p>Nous utilisons des mat\u00e9riaux m\u00e9talliques ou composites techniques \u00e0 faible dilatation thermique, ce qui garantit la stabilit\u00e9 dimensionnelle du moule et sa capacit\u00e9 \u00e0 fonctionner de mani\u00e8re r\u00e9p\u00e9t\u00e9e sans d\u00e9gradation structurelle.<\/p>\n<\/div>\n<\/div>\n\n\n\n<div class=\"wp-block-microbio-blocks-grid  grid-align-start grid-gap-sm\">\n<div class=\"wp-block-microbio-blocks-grid-cell  grid-row-1 grid-column-6 grid-column-mobile-4\" style=\"--mobile-order:\">\n<div class=\"wp-block-microbio-blocks-flex flex-align-start flex-justify-start no-wrap flex-max-width\" style=\"--custom-gap:28px;--flex-max-width:500px\">\n<p class=\"shrink-0 has-secondary-color has-text-color has-link-color has-heading-3-font-size wp-elements-63d88fb07e5d1c58d8c1582c043c42c7\">03<\/p>\n\n\n\n<p class=\"has-secondary-color has-text-color has-link-color has-heading-3-font-size wp-elements-d4a02b1f05c1a4f4673e2d06b7cc700b\">Tol\u00e9rances serr\u00e9es et finitions premium<\/p>\n<\/div>\n<\/div>\n\n\n\n<div class=\"wp-block-microbio-blocks-grid-cell  grid-row-1 grid-column-6 grid-column-mobile-4\" style=\"--mobile-order:\">\n<p>Nous travaillons sous des tol\u00e9rances tr\u00e8s strictes, garantissant la r\u00e9p\u00e9tabilit\u00e9 de chaque pi\u00e8ce et \u00e9vitant les ajustements ult\u00e9rieurs.<\/p>\n\n\n\n<p>Les finitions de surface sont contr\u00f4l\u00e9es en d\u00e9tail pour faciliter le d\u00e9moulage, am\u00e9liorer la texture finale et r\u00e9duire le besoin d\u2019usinage suppl\u00e9mentaire sur la pi\u00e8ce produite. Cela r\u00e9duit les temps de cycle et am\u00e9liore la performance globale du proc\u00e9d\u00e9. <\/p>\n<\/div>\n<\/div>\n<\/div>\n<\/section>\n\n<section class=\"wp-block-microbio-blocks-section-v2 is-style-section-pd-xl has-grey-light-2-background-color has-background child-wide section-align-center alignfull\" style=\"--min-height:0;--min-height-mobile:0\" data-animation-enter=\"alpha\">\n<div class=\"wp-block-microbio-blocks-flex aligncenter flex-align-center flex-justify-start flex-gap-0 flex-columns flex-max-width flex-align-self-center theme-margins\" style=\"--custom-gap:0;--flex-max-width:910px\">\n<h2 class=\"wp-block-heading has-text-align-center\">Conception et fabrication personnalis\u00e9es de moules a\u00e9ronautiques<\/h2>\n\n\n\n<p class=\"has-text-align-center\">Chaque moule est unique, comme chaque composant structurel d\u2019un avion. Chez Industrias Maxi, nous d\u00e9veloppons des moules personnalis\u00e9s \u00e0 partir de z\u00e9ro, en fonction des besoins r\u00e9els du client et du composant.   <\/p>\n\n\n\n<p class=\"has-text-align-center\">Notre \u00e9quipe technique collabore depuis la phase d\u2019ing\u00e9nierie conceptuelle jusqu\u2019\u00e0 la fabrication finale, garantissant une solution qui s\u2019int\u00e8gre parfaitement \u00e0 vos flux de travail.<\/p>\n<\/div>\n\n\n\n<div class=\"wp-block-microbio-blocks-grid-auto  grid-align-stretch grid-gap-custom\" style=\"margin-top:var(--wp--preset--spacing--space-lg);--_cell-min-width:250px;--_grid-gap-custom:32px\">\n<div class=\"wp-block-microbio-blocks-flex flex-align-start flex-justify-start flex-columns no-wrap border-grey-medium-2 padding-card-small min-h-250\" style=\"--custom-gap:16px\">\n<span class=\"wp-block-microbio-blocks-icon icon-size-default maxi-icon-box has-primary-darkest-color has-grey-light-1-background-color has-text-color has-background has-link-color wp-elements-15ec2357ae4b4aeb98adc883f5f1b2b0\"><svg><use xlink:href=\"\/wp-content\/themes\/industrias-maxi-theme\/assets\/img\/maxi-icons.svg#conveyor\"\/><\/svg><\/span>\n\n\n\n<h3 class=\"wp-block-heading has-primary-darkest-color has-text-color has-link-color has-heading-4-font-size wp-elements-0548d89ffa5b743fccdbf66e195d8c7a\">Ing\u00e9nierie collaborative et simulation 3D<\/h3>\n\n\n\n<p>Nous travaillons avec des mod\u00e8les CAO et des simulations 3D pour valider les g\u00e9om\u00e9tries, anticiper les points critiques et garantir que le moule fonctionnera dans des conditions r\u00e9elles.<\/p>\n\n\n\n<p>Cette approche r\u00e9duit les risques, optimise la conception et permet de valider les outillages avant m\u00eame le d\u00e9but de la fabrication, r\u00e9duisant ainsi les temps et \u00e9vitant les erreurs de production.<\/p>\n<\/div>\n\n\n\n<div class=\"wp-block-microbio-blocks-flex flex-align-start flex-justify-start flex-columns no-wrap border-grey-medium-2 padding-card-small min-h-250\" style=\"--custom-gap:16px\">\n<span class=\"wp-block-microbio-blocks-icon icon-size-default maxi-icon-box has-primary-darkest-color has-grey-light-1-background-color has-text-color has-background has-link-color wp-elements-4bd8a8b044f705897833c14deb68d76a\"><svg><use xlink:href=\"\/wp-content\/themes\/industrias-maxi-theme\/assets\/img\/maxi-icons.svg#holding\"\/><\/svg><\/span>\n\n\n\n<h3 class=\"wp-block-heading has-primary-darkest-color has-text-color has-link-color has-heading-4-font-size wp-elements-75f73628707240b282cd9a4a9158e015\">Mat\u00e9riaux techniques et rev\u00eatements sp\u00e9ciaux<\/h3>\n\n\n\n<p>Nous s\u00e9lectionnons les mat\u00e9riaux en fonction du type de pi\u00e8ce, de l\u2019environnement d\u2019utilisation et du nombre attendu de cycles.<\/p>\n\n\n\n<p>Nous int\u00e9grons des rev\u00eatements antiadh\u00e9sifs, des traitements thermiques et des solutions hybrides pour am\u00e9liorer la durabilit\u00e9, la facilit\u00e9 d\u2019entretien et garantir des performances constantes dans des environnements exigeants.<\/p>\n<\/div>\n\n\n\n<div class=\"wp-block-microbio-blocks-flex flex-align-start flex-justify-start flex-columns no-wrap border-grey-medium-2 padding-card-small min-h-250\" style=\"--custom-gap:16px\">\n<span class=\"wp-block-microbio-blocks-icon icon-size-default maxi-icon-box has-primary-darkest-color has-grey-light-1-background-color has-text-color has-background has-link-color wp-elements-9dea72d41f5536a805bcb92239d78dc3\"><svg><use xlink:href=\"\/wp-content\/themes\/industrias-maxi-theme\/assets\/img\/maxi-icons.svg#leaf\"\/><\/svg><\/span>\n\n\n\n<h3 class=\"wp-block-heading has-primary-darkest-color has-text-color has-link-color has-heading-4-font-size wp-elements-57fc72c710917d1c8a27641e32ce3e08\">Optimisation du cycle de production<\/h3>\n\n\n\n<p>Nous concevons les moules non seulement pour fabriquer des pi\u00e8ces, mais aussi pour am\u00e9liorer l\u2019efficacit\u00e9 de l\u2019ensemble du processus :<\/p>\n\n\n\n<ul class=\"wp-block-list\">\n<li>Temps de durcissement plus courts<\/li>\n\n\n\n<li>D\u00e9moulage plus rapide et plus s\u00fbr<\/li>\n\n\n\n<li>R\u00e9duction des d\u00e9fauts r\u00e9currents<\/li>\n\n\n\n<li>Int\u00e9gration avec les syst\u00e8mes automatis\u00e9s<\/li>\n\n\n\n<li>Tout cela contribue \u00e0 une production plus agile, rentable et fiable.<\/li>\n<\/ul>\n<\/div>\n<\/div>\n<\/section>\n\n<section class=\"wp-block-microbio-blocks-section-v2 is-style-section-pd-xl has-grey-light-2-background-color has-background child-wide section-align-center alignfull\" style=\"--min-height:0;--min-height-mobile:0\" data-animation-enter=\"alpha\">\n<div class=\"wp-block-microbio-blocks-flex aligncenter flex-align-center flex-justify-start flex-gap-0 flex-columns flex-align-self-center\" style=\"--custom-gap:0\">\n<h2 class=\"wp-block-heading has-text-align-center\">Services o\u00f9 les moules a\u00e9ronautiques sont essentiels<\/h2>\n<\/div>\n\n\n\n<div class=\"wp-block-microbio-blocks-grid-auto  grid-align-stretch grid-gap-custom fill-grid\" style=\"margin-top:var(--wp--preset--spacing--space-lg);--_cell-min-width:680px;--_grid-gap-custom:32px\">\n<div class=\"wp-block-microbio-blocks-flex flex-align-stretch flex-justify-start flex-gap-0 flex-columns no-wrap\" style=\"--custom-gap:0\">\n<figure class=\"wp-block-image size-large border-grey-medium-2 w-100\"><img decoding=\"async\" width=\"768\" height=\"1024\" src=\"https:\/\/www.industrias-maxi.es\/wp-content\/uploads\/2025\/12\/Aeronautica-Molde-1-768x1024.webp\" alt=\"\" class=\"wp-image-848\" srcset=\"https:\/\/www.industrias-maxi.es\/wp-content\/uploads\/2025\/12\/Aeronautica-Molde-1-768x1024.webp 768w, https:\/\/www.industrias-maxi.es\/wp-content\/uploads\/2025\/12\/Aeronautica-Molde-1-225x300.webp 225w, https:\/\/www.industrias-maxi.es\/wp-content\/uploads\/2025\/12\/Aeronautica-Molde-1-500x667.webp 500w, https:\/\/www.industrias-maxi.es\/wp-content\/uploads\/2025\/12\/Aeronautica-Molde-1.webp 1152w\" sizes=\"(max-width: 768px) 100vw, 768px\" \/><\/figure>\n\n\n\n<div class=\"wp-block-microbio-blocks-flex flex-align-start flex-justify-start flex-columns no-wrap border-grey-medium-2 padding-card-small\" style=\"--custom-gap:16px\">\n<h3 class=\"wp-block-heading has-heading-4-font-size\">Outils a\u00e9ronautiques<\/h3>\n\n\n\n<p>Outils techniques pour l\u2019assemblage, le contr\u00f4le et la manipulation des composants a\u00e9ronautiques avec une pr\u00e9cision et une fiabilit\u00e9 maximales.<\/p>\n\n\n\n<hr\/>\n\n\n\n<a class=\"wp-block-microbio-blocks-button btn-size-default btn-icon\" target=\"\" href=\"https:\/\/www.industrias-maxi.es\/fr\/aeronautique\/outils-aeronautiques\/\" rel=\"noopener\" title=\"\"><span>En savoir plus  <\/span><svg width=\"15\" height=\"15\"><use xlink:href=\"\/wp-content\/plugins\/microbio-blocks\/assets\/images\/icons-library.svg?ver=2.0.0#arrow\"\/><\/svg><\/a>\n<\/div>\n<\/div>\n<\/div>\n<\/section>\n\n<section class=\"wp-block-microbio-blocks-section-v2 is-style-section-pd-xl has-primary-darkest-background-color has-background child-wide section-align-center alignfull gsap-animation-enter\" style=\"--min-height:0;--min-height-mobile:0\" data-animation-enter=\"alpha\">\n<div class=\"wp-block-microbio-blocks-flex aligncenter flex-align-center flex-justify-start flex-gap-0 flex-columns flex-max-width flex-align-self-center theme-margins\" style=\"--custom-gap:0;--flex-max-width:910px\">\n<h2 class=\"wp-block-heading has-text-align-center\">Pourquoi choisir Maxi Industries ?<\/h2>\n\n\n\n<p class=\"has-text-align-center\">Notre m\u00e9thodologie combine ing\u00e9nierie collaborative, pr\u00e9-simulation, fabrication interne et support apr\u00e8s-vente, garantissant la continuit\u00e9 et la performance du syst\u00e8me \u00e0 long terme.<\/p>\n<\/div>\n\n\n\n<div class=\"wp-block-microbio-blocks-grid grid-align-stretch grid-gap-none grid-border-inner grid-border-inner-clients grid-border-inner-clients-3\" style=\"margin-top:var(--wp--preset--spacing--space-m)\">\n<div class=\"wp-block-microbio-blocks-grid-cell grid-row-1 grid-column-4 grid-column-mobile-4\" style=\"--mobile-order:\">\n<div class=\"wp-block-microbio-blocks-flex flex-align-start flex-justify-end flex-columns shrink\" style=\"--custom-gap:16px\">\n<span class=\"wp-block-microbio-blocks-icon icon-size-default has-secondary-color has-text-color has-link-color wp-elements-d96b39cc02359fd5927704a20edae01a\"><svg><use xlink:href=\"\/wp-content\/themes\/industrias-maxi-theme\/assets\/img\/maxi-icons.svg?ver=#thumb-fill\"\/><\/svg><\/span>\n\n\n\n<h3 class=\"wp-block-heading has-heading-4-font-size\">Exp\u00e9rience et leadership<\/h3>\n\n\n\n<p>Avec plus de 50 ans d\u2019exp\u00e9rience dans le secteur, nous travaillons avec de grands clients proposant des solutions industrielles r\u00e9pondant aux plus hauts standards de qualit\u00e9 et de fiabilit\u00e9.<\/p>\n<\/div>\n<\/div>\n\n\n\n<div class=\"wp-block-microbio-blocks-grid-cell grid-row-1 grid-column-4 grid-column-mobile-4\" style=\"--mobile-order:\">\n<div class=\"wp-block-microbio-blocks-flex flex-align-start flex-justify-end flex-columns shrink\" style=\"--custom-gap:16px\">\n<span class=\"wp-block-microbio-blocks-icon icon-size-default has-secondary-color has-text-color has-link-color wp-elements-1f8e8738f72cd2bd2e5a916c2d7cfc01\"><svg><use xlink:href=\"\/wp-content\/themes\/industrias-maxi-theme\/assets\/img\/maxi-icons.svg#team\"\/><\/svg><\/span>\n\n\n\n<h3 class=\"wp-block-heading has-heading-4-font-size\">Solutions personnalis\u00e9es<\/h3>\n\n\n\n<p>Chaque projet est unique. Nous concevons des solutions cl\u00e9s en main sur mesure qui optimisent l\u2019efficacit\u00e9 et les ressources de votre entreprise, en s\u2019adaptant \u00e0 vos besoins sp\u00e9cifiques. <\/p>\n<\/div>\n<\/div>\n\n\n\n<div class=\"wp-block-microbio-blocks-grid-cell grid-row-1 grid-column-4 grid-column-mobile-4\" style=\"--mobile-order:\">\n<div class=\"wp-block-microbio-blocks-flex flex-align-start flex-justify-end flex-columns shrink\" style=\"--custom-gap:16px\">\n<span class=\"wp-block-microbio-blocks-icon icon-size-default has-secondary-color has-text-color has-link-color wp-elements-27718dffe8489d43ad3d4108330961fe\"><svg><use xlink:href=\"\/wp-content\/themes\/industrias-maxi-theme\/assets\/img\/maxi-icons.svg#message\"\/><\/svg><\/span>\n\n\n\n<h3 class=\"wp-block-heading has-heading-4-font-size\">Support technique<\/h3>\n\n\n\n<p>Nous proposons un support apr\u00e8s-vente et une formation technique, garantissant que nos solutions continuent de fonctionner \u00e0 leur meilleur niveau et que votre \u00e9quipe est toujours pr\u00e9par\u00e9e.<\/p>\n<\/div>\n<\/div>\n<\/div>\n<\/section>\n\n<section class=\"wp-block-microbio-blocks-section-v2 child-wide section-align-center alignfull\" style=\"margin-top:var(--wp--preset--spacing--space-lg);margin-bottom:var(--wp--preset--spacing--space-lg);padding-top:0;padding-bottom:0;--min-height:0;--min-height-mobile:0\" data-animation-enter=\"alpha\">\n<div class=\"wp-block-microbio-blocks-flex aligncenter flex-align-center flex-justify-space-between flex-gap-2 micro-banner-padding has-secondary-background-color has-background\" style=\"--custom-gap:0\">\n<div class=\"wp-block-microbio-blocks-flex flex-align-start flex-justify-start flex-gap-0 flex-max-width theme-margins\" style=\"--custom-gap:0;--flex-max-width:560px\">\n<h3 class=\"wp-block-heading\">Vous avez besoin d\u2019un moule qui donne le meilleur de lui-m\u00eame ?<\/h3>\n\n\n\n<p style=\"padding-top:var(--wp--preset--spacing--space-xs)\">Chez Maxi Industries, nous d\u00e9veloppons des moules pour des pi\u00e8ces en fibre de carbone qui r\u00e9pondent aux plus hauts standards de pr\u00e9cision, de durabilit\u00e9 et de performance. Vous cherchez un fournisseur qui comprend les d\u00e9fis techniques du secteur a\u00e9ronautique ? Nous sommes pr\u00eats \u00e0 aider.  <\/p>\n<\/div>\n\n\n\n<a class=\"wp-block-microbio-blocks-button btn-size-default btn-icon\" target=\"\" href=\"https:\/\/www.industrias-maxi.es\/fr\/contact\/\" rel=\"noopener\" title=\"  Aller sur la page de contact\"><span>Contact<\/span><svg width=\"15\" height=\"15\"><use xlink:href=\"\/wp-content\/plugins\/microbio-blocks\/assets\/images\/icons-library.svg?ver=2.0.0#arrow\"\/><\/svg><\/a>\n<\/div>\n<\/section>\n","protected":false},"excerpt":{"rendered":"","protected":false},"author":1,"featured_media":0,"parent":1375,"menu_order":0,"comment_status":"closed","ping_status":"closed","template":"","meta":{"footnotes":""},"class_list":["post-1362","page","type-page","status-publish","hentry"],"_links":{"self":[{"href":"https:\/\/www.industrias-maxi.es\/fr\/wp-json\/wp\/v2\/pages\/1362","targetHints":{"allow":["GET"]}}],"collection":[{"href":"https:\/\/www.industrias-maxi.es\/fr\/wp-json\/wp\/v2\/pages"}],"about":[{"href":"https:\/\/www.industrias-maxi.es\/fr\/wp-json\/wp\/v2\/types\/page"}],"author":[{"embeddable":true,"href":"https:\/\/www.industrias-maxi.es\/fr\/wp-json\/wp\/v2\/users\/1"}],"replies":[{"embeddable":true,"href":"https:\/\/www.industrias-maxi.es\/fr\/wp-json\/wp\/v2\/comments?post=1362"}],"version-history":[{"count":3,"href":"https:\/\/www.industrias-maxi.es\/fr\/wp-json\/wp\/v2\/pages\/1362\/revisions"}],"predecessor-version":[{"id":1463,"href":"https:\/\/www.industrias-maxi.es\/fr\/wp-json\/wp\/v2\/pages\/1362\/revisions\/1463"}],"up":[{"embeddable":true,"href":"https:\/\/www.industrias-maxi.es\/fr\/wp-json\/wp\/v2\/pages\/1375"}],"wp:attachment":[{"href":"https:\/\/www.industrias-maxi.es\/fr\/wp-json\/wp\/v2\/media?parent=1362"}],"curies":[{"name":"wp","href":"https:\/\/api.w.org\/{rel}","templated":true}]}}