{"id":1367,"date":"2025-09-05T14:16:17","date_gmt":"2025-09-05T12:16:17","guid":{"rendered":"https:\/\/www.industrias-maxi.es\/industrie-4-0\/"},"modified":"2026-02-06T14:57:49","modified_gmt":"2026-02-06T13:57:49","slug":"industrie-4-0","status":"publish","type":"page","link":"https:\/\/www.industrias-maxi.es\/fr\/ce-que-nous-faisons\/industrie-4-0\/","title":{"rendered":"Industrie 4.0"},"content":{"rendered":"\n<section class=\"wp-block-microbio-blocks-section-v2 is-style-section-pd-xl has-grey-dark-1-background-color has-background child-wide section-align-end alignfull section-ramp section-bg-ramp-theme\" style=\"--min-height:60vh;--min-height-mobile:0;--focal:50% 50%;--focal-mobile:50% 50%\" data-animation-enter=\"alpha\"><figure class=\"wp-block-image size-full section-img-bg\"><img decoding=\"async\" width=\"2048\" height=\"1369\" src=\"https:\/\/www.industrias-maxi.es\/wp-content\/uploads\/2025\/12\/Industrial-Bien-de-Equipo-1.webp\" alt=\"\" class=\"wp-image-851\" srcset=\"https:\/\/www.industrias-maxi.es\/wp-content\/uploads\/2025\/12\/Industrial-Bien-de-Equipo-1.webp 2048w, https:\/\/www.industrias-maxi.es\/wp-content\/uploads\/2025\/12\/Industrial-Bien-de-Equipo-1-300x201.webp 300w, https:\/\/www.industrias-maxi.es\/wp-content\/uploads\/2025\/12\/Industrial-Bien-de-Equipo-1-1024x685.webp 1024w, https:\/\/www.industrias-maxi.es\/wp-content\/uploads\/2025\/12\/Industrial-Bien-de-Equipo-1-768x513.webp 768w, https:\/\/www.industrias-maxi.es\/wp-content\/uploads\/2025\/12\/Industrial-Bien-de-Equipo-1-1536x1027.webp 1536w, https:\/\/www.industrias-maxi.es\/wp-content\/uploads\/2025\/12\/Industrial-Bien-de-Equipo-1-500x334.webp 500w\" sizes=\"(max-width: 2048px) 100vw, 2048px\" \/><\/figure>\n<div class=\"wp-block-microbio-blocks-flex flex-align-start flex-justify-start flex-gap-0 flex-columns flex-max-width theme-margins\" style=\"--custom-gap:0;--flex-max-width:950px\">\n<h1 class=\"wp-block-heading\">Transformez votre entreprise avec des solutions intelligentes de l\u2019Industrie 4.0<\/h1>\n\n\n\n<p>Chez Industrias Maxi, nous promouvons l\u2019\u00e9volution technologique des usines de production gr\u00e2ce \u00e0 des solutions avanc\u00e9es Industrie 4.0. Cette approche n\u2019est pas seulement une tendance : c\u2019est un mod\u00e8le qui vous permet de transformer profond\u00e9ment les processus industriels, d\u2019augmenter l\u2019efficacit\u00e9, d\u2019am\u00e9liorer la qualit\u00e9 du produit final et de renforcer la comp\u00e9titivit\u00e9 de votre entreprise. <\/p>\n\n\n\n<p>Nous appliquons la robotique, les capteurs, l\u2019IoT, l\u2019intelligence des donn\u00e9es et les syst\u00e8mes cyber-physiques pour automatiser, connecter et optimiser les environnements industriels en temps r\u00e9el, avec des r\u00e9sultats mesurables et durables.<\/p>\n\n\n\n<a class=\"wp-block-microbio-blocks-button btn-size-default btn-icon is-style-secondary\" target=\"\" href=\"https:\/\/www.industrias-maxi.es\/fr\/contact\/\" rel=\"noopener\" title=\"Aller sur la page de contact\"><span>Contactez-nous<\/span><svg width=\"15\" height=\"15\"><use xlink:href=\"\/wp-content\/plugins\/microbio-blocks\/assets\/images\/icons-library.svg?ver=2.0.0#arrow\"\/><\/svg><\/a>\n<\/div>\n<\/section>\n\n<section class=\"wp-block-microbio-blocks-section-v2 is-style-section-pd-xl has-grey-dark-1-background-color has-background child-wide section-align-center alignfull\" style=\"--min-height:0;--min-height-mobile:0\" data-animation-enter=\"alpha\">\n<div class=\"wp-block-microbio-blocks-grid grid-align-start grid-gap-sm\">\n<div class=\"wp-block-microbio-blocks-grid-cell grid-row-1 grid-column-6 grid-column-mobile-4\" style=\"--mobile-order:\">\n<h2 class=\"wp-block-heading\">Une technologie qui augmente votre productivit\u00e9<\/h2>\n<\/div>\n\n\n\n<div class=\"wp-block-microbio-blocks-grid-cell grid-row-1 grid-column-6 grid-column-mobile-4\" style=\"--mobile-order:\">\n<p>Les technologies de l\u2019industrie 4.0 permettent de repousser les limites de l\u2019automatisation traditionnelle. L\u2019interconnexion entre machines, syst\u00e8mes et op\u00e9rateurs, combin\u00e9e \u00e0 l\u2019analyse des donn\u00e9es et \u00e0 l\u2019intelligence artificielle, facilite une prise de d\u00e9cision rapide et pr\u00e9cise, adapt\u00e9e \u00e0 l\u2019\u00e9volution de l\u2019environnement de production. <\/p>\n\n\n\n<p>Nos solutions vous permettent de d\u00e9tecter les inefficacit\u00e9s, d\u2019anticiper les d\u00e9faillances, de r\u00e9duire les erreurs humaines et de faire \u00e9voluer la production avec un meilleur contr\u00f4le. Il ne s\u2019agit pas seulement de mettre en \u0153uvre la technologie, mais de concevoir un syst\u00e8me capable d\u2019apprendre, de s\u2019adapter et d\u2019\u00e9voluer avec vous. <\/p>\n<\/div>\n<\/div>\n\n\n\n<div class=\"wp-block-microbio-blocks-flex flex-align-stretch flex-justify-start flex-gap-0 flex-columns no-wrap table-style-border\" style=\"margin-top:var(--wp--preset--spacing--space-xxl);--custom-gap:0\">\n<div class=\"wp-block-microbio-blocks-grid grid-align-start grid-gap-sm\">\n<div class=\"wp-block-microbio-blocks-grid-cell grid-row-1 grid-column-6 grid-column-mobile-4\" style=\"--mobile-order:\">\n<div class=\"wp-block-microbio-blocks-flex flex-align-start flex-justify-start no-wrap flex-max-width\" style=\"--custom-gap:28px;--flex-max-width:500px\">\n<p class=\"shrink-0 has-secondary-color has-text-color has-link-color has-heading-3-font-size wp-elements-43af5f375da71d5bb5dfa8762b80fe97\">01<\/p>\n\n\n\n<p class=\"has-secondary-color has-text-color has-link-color has-heading-3-font-size wp-elements-f67f51938f56bf51dcf29d2069e5b87a\">Automatisation des proc\u00e9d\u00e9s industriels<\/p>\n<\/div>\n<\/div>\n\n\n\n<div class=\"wp-block-microbio-blocks-grid-cell grid-row-1 grid-column-6 grid-column-mobile-4\" style=\"--mobile-order:\">\n<p>Automatiser les t\u00e2ches critiques r\u00e9duit les temps de cycle, minimise les erreurs et lib\u00e8re les ressources humaines pour des activit\u00e9s \u00e0 plus grande valeur.<\/p>\n\n\n\n<p>Chez Maxi Industries, nous concevons des syst\u00e8mes automatis\u00e9s robustes et adaptables, allant des stations de travail robotis\u00e9es aux cha\u00eenes de production compl\u00e8tes. Cela permet un d\u00e9bit accru, des co\u00fbts d\u2019exploitation r\u00e9duits et garantit une qualit\u00e9 plus constante dans chaque unit\u00e9 produite. <\/p>\n<\/div>\n<\/div>\n\n\n\n<div class=\"wp-block-microbio-blocks-grid grid-align-start grid-gap-sm\">\n<div class=\"wp-block-microbio-blocks-grid-cell grid-row-1 grid-column-6 grid-column-mobile-4\" style=\"--mobile-order:\">\n<div class=\"wp-block-microbio-blocks-flex flex-align-start flex-justify-start no-wrap flex-max-width\" style=\"--custom-gap:28px;--flex-max-width:500px\">\n<p class=\"shrink-0 has-secondary-color has-text-color has-link-color has-heading-3-font-size wp-elements-b5335293f9c7ef5153661b8d39ee3de9\">02<\/p>\n\n\n\n<p class=\"has-secondary-color has-text-color has-link-color has-heading-3-font-size wp-elements-792a3c2d18a8d0bac11472cf506ec65d\">Int\u00e9gration des syst\u00e8mes IoT et cyber-physiques<\/p>\n<\/div>\n<\/div>\n\n\n\n<div class=\"wp-block-microbio-blocks-grid-cell grid-row-1 grid-column-6 grid-column-mobile-4\" style=\"--mobile-order:\">\n<p>Nous connectons capteurs, \u00e9quipements et syst\u00e8mes \u00e0 l\u2019aide de solutions industrielles IoT et cyberphysiques, g\u00e9n\u00e9rant un r\u00e9seau intelligent qui collecte et transmet en temps r\u00e9el des donn\u00e9es cl\u00e9s.<\/p>\n\n\n\n<p>Cela vous permet de visualiser l\u2019\u00e9tat de la production, de g\u00e9n\u00e9rer des alertes automatiques, de mettre en place une maintenance pr\u00e9dictive et d\u2019ajuster les param\u00e8tres critiques en temps r\u00e9el. Chaque donn\u00e9e devient un outil de contr\u00f4le, de tra\u00e7abilit\u00e9 et d\u2019am\u00e9lioration continue. <\/p>\n<\/div>\n<\/div>\n\n\n\n<div class=\"wp-block-microbio-blocks-grid grid-align-start grid-gap-sm\">\n<div class=\"wp-block-microbio-blocks-grid-cell grid-row-1 grid-column-6 grid-column-mobile-4\" style=\"--mobile-order:\">\n<div class=\"wp-block-microbio-blocks-flex flex-align-start flex-justify-start no-wrap flex-max-width\" style=\"--custom-gap:28px;--flex-max-width:500px\">\n<p class=\"shrink-0 has-secondary-color has-text-color has-link-color has-heading-3-font-size wp-elements-63d88fb07e5d1c58d8c1582c043c42c7\">03<\/p>\n\n\n\n<p class=\"has-secondary-color has-text-color has-link-color has-heading-3-font-size wp-elements-cf1e79735ce936a0b1d0f006f6b73f83\">Surveillance et analyse en temps r\u00e9el<\/p>\n<\/div>\n<\/div>\n\n\n\n<div class=\"wp-block-microbio-blocks-grid-cell grid-row-1 grid-column-6 grid-column-mobile-4\" style=\"--mobile-order:\">\n<p>La num\u00e9risation de l\u2019environnement de production permet d\u2019acc\u00e9der \u00e0 des informations pr\u00e9cises, en temps r\u00e9el et depuis n\u2019importe quel appareil.<\/p>\n\n\n\n<p>Avec nos plateformes de surveillance, vous pouvez surveiller centralis\u00e9ment chaque cellule, ligne ou centrale, identifier les d\u00e9viations et agir avant qu\u2019elles ne deviennent des incidents. Cela se traduit par un contr\u00f4le op\u00e9rationnel plus pr\u00e9cis, une meilleure disponibilit\u00e9 des \u00e9quipements et une prise de d\u00e9cision bas\u00e9e sur des donn\u00e9es objectives. <\/p>\n<\/div>\n<\/div>\n<\/div>\n<\/section>\n\n<section class=\"wp-block-microbio-blocks-section-v2 is-style-section-pd-xl has-grey-light-2-background-color has-background child-wide section-align-center alignfull\" style=\"--min-height:0;--min-height-mobile:0\" data-animation-enter=\"alpha\">\n<div class=\"wp-block-microbio-blocks-flex aligncenter flex-align-center flex-justify-start flex-gap-0 flex-columns flex-max-width flex-align-self-center theme-margins\" style=\"--custom-gap:0;--flex-max-width:910px\">\n<h2 class=\"wp-block-heading has-text-align-center\">Solutions de fabrication de machines industrielles adapt\u00e9es \u00e0 votre secteur<\/h2>\n\n\n\n<p class=\"has-text-align-center\">Notre philosophie repose sur l\u2019excellence et l\u2019engagement. Chaque solution que nous proposons refl\u00e8te notre engagement envers la qualit\u00e9 et l\u2019innovation. <\/p>\n<\/div>\n\n\n\n<div class=\"wp-block-microbio-blocks-grid-auto grid-align-stretch grid-gap-custom\" style=\"margin-top:var(--wp--preset--spacing--space-lg);--_cell-min-width:250px;--_grid-gap-custom:32px\">\n<div class=\"wp-block-microbio-blocks-flex flex-align-start flex-justify-start flex-columns no-wrap border-grey-medium-2 padding-card-small min-h-250\" style=\"--custom-gap:16px\">\n<span class=\"wp-block-microbio-blocks-icon icon-size-default maxi-icon-box has-primary-darkest-color has-grey-light-1-background-color has-text-color has-background has-link-color wp-elements-15ec2357ae4b4aeb98adc883f5f1b2b0\"><svg><use xlink:href=\"\/wp-content\/themes\/industrias-maxi-theme\/assets\/img\/maxi-icons.svg#conveyor\"\/><\/svg><\/span>\n\n\n\n<h3 class=\"wp-block-heading has-primary-darkest-color has-text-color has-link-color has-heading-4-font-size wp-elements-3acf8f7c169faee8cb9cd0ed6875f218\">Industrie manufacturi\u00e8re<\/h3>\n\n\n\n<p>Nous am\u00e9liorons les cha\u00eenes de montage, les stations d\u2019inspection et les cellules robotiques, en mettant en place des solutions qui augmentent la cadence, r\u00e9duisent les erreurs et optimisent l\u2019utilisation des ressources.<\/p>\n\n\n\n<p>De la manipulation des pi\u00e8ces \u00e0 l\u2019assemblage final, Industry 4.0 permet de visualiser, suivre et optimiser chaque \u00e9tape du processus de production.<\/p>\n<\/div>\n\n\n\n<div class=\"wp-block-microbio-blocks-flex flex-align-start flex-justify-start flex-columns no-wrap border-grey-medium-2 padding-card-small min-h-250\" style=\"--custom-gap:16px\">\n<span class=\"wp-block-microbio-blocks-icon icon-size-default maxi-icon-box has-primary-darkest-color has-grey-light-1-background-color has-text-color has-background has-link-color wp-elements-4bd8a8b044f705897833c14deb68d76a\"><svg><use xlink:href=\"\/wp-content\/themes\/industrias-maxi-theme\/assets\/img\/maxi-icons.svg#holding\"\/><\/svg><\/span>\n\n\n\n<h3 class=\"wp-block-heading has-primary-darkest-color has-text-color has-link-color has-heading-4-font-size wp-elements-6997d8f1068311adc1329d1c94317f45\">Logistique et Cha\u00eene d\u2019Approvisionnement<\/h3>\n\n\n\n<p>Nous automatisons les d\u00e9placements internes, les processus de tri et de stockage, int\u00e9grant des convoyeurs intelligents, des AGV, des syst\u00e8mes de picking et des technologies de tra\u00e7abilit\u00e9.<\/p>\n\n\n\n<p>Cela facilite la synchronisation entre la production et l\u2019exp\u00e9dition, r\u00e9duit les erreurs dans la pr\u00e9paration des commandes et am\u00e9liore la gestion des stocks en temps r\u00e9el.<\/p>\n<\/div>\n\n\n\n<div class=\"wp-block-microbio-blocks-flex flex-align-start flex-justify-start flex-columns no-wrap border-grey-medium-2 padding-card-small min-h-250\" style=\"--custom-gap:16px\">\n<span class=\"wp-block-microbio-blocks-icon icon-size-default maxi-icon-box has-primary-darkest-color has-grey-light-1-background-color has-text-color has-background has-link-color wp-elements-9dea72d41f5536a805bcb92239d78dc3\"><svg><use xlink:href=\"\/wp-content\/themes\/industrias-maxi-theme\/assets\/img\/maxi-icons.svg#leaf\"\/><\/svg><\/span>\n\n\n\n<h3 class=\"wp-block-heading has-primary-darkest-color has-text-color has-link-color has-heading-4-font-size wp-elements-ae1d734bc77bbe92b74b0d4dc27b8980\">\u00c9nergie et services publics<\/h3>\n\n\n\n<p>Nous mettons en \u0153uvre des solutions technologiques pour la surveillance de la consommation, l\u2019optimisation de la charge et la maintenance pr\u00e9dictive dans les installations \u00e9nerg\u00e9tiques et les r\u00e9seaux de distribution.<\/p>\n\n\n\n<p>De plus, nous d\u00e9veloppons des outils de t\u00e9l\u00e9commande et des analyses avanc\u00e9es qui nous permettent d\u2019am\u00e9liorer l\u2019efficacit\u00e9 globale du syst\u00e8me et d\u2019anticiper les incidents.<\/p>\n<\/div>\n<\/div>\n<\/section>\n\n<section class=\"wp-block-microbio-blocks-section-v2 is-style-section-pd-xl has-grey-light-2-background-color has-background child-wide section-align-center alignfull\" style=\"--min-height:0;--min-height-mobile:0\" data-animation-enter=\"alpha\">\n<div class=\"wp-block-microbio-blocks-flex aligncenter flex-align-center flex-justify-start flex-gap-0 flex-columns flex-align-self-center\" style=\"--custom-gap:0\">\n<h2 class=\"wp-block-heading has-text-align-center\">Services o\u00f9 l\u2019industrie 4.0 est essentielle<\/h2>\n<\/div>\n\n\n\n<div class=\"wp-block-microbio-blocks-grid-auto grid-align-stretch grid-gap-custom\" style=\"margin-top:var(--wp--preset--spacing--space-lg);--_cell-min-width:250px;--_grid-gap-custom:32px\">\n<div class=\"wp-block-microbio-blocks-flex flex-align-start flex-justify-start flex-gap-0 flex-columns no-wrap\" style=\"--custom-gap:0\">\n<figure class=\"wp-block-image size-large border-grey-medium-2\"><img decoding=\"async\" width=\"1024\" height=\"683\" src=\"https:\/\/www.industrias-maxi.es\/wp-content\/uploads\/2025\/12\/Industrial-Detalle-1-1024x683.webp\" alt=\"\" class=\"wp-image-820\" srcset=\"https:\/\/www.industrias-maxi.es\/wp-content\/uploads\/2025\/12\/Industrial-Detalle-1-1024x683.webp 1024w, https:\/\/www.industrias-maxi.es\/wp-content\/uploads\/2025\/12\/Industrial-Detalle-1-300x200.webp 300w, https:\/\/www.industrias-maxi.es\/wp-content\/uploads\/2025\/12\/Industrial-Detalle-1-768x512.webp 768w, https:\/\/www.industrias-maxi.es\/wp-content\/uploads\/2025\/12\/Industrial-Detalle-1-1536x1024.webp 1536w, https:\/\/www.industrias-maxi.es\/wp-content\/uploads\/2025\/12\/Industrial-Detalle-1-500x333.webp 500w, https:\/\/www.industrias-maxi.es\/wp-content\/uploads\/2025\/12\/Industrial-Detalle-1.webp 2048w\" sizes=\"(max-width: 1024px) 100vw, 1024px\" \/><\/figure>\n\n\n\n<div class=\"wp-block-microbio-blocks-flex flex-align-start flex-justify-start flex-columns no-wrap border-grey-medium-2 padding-card-small\" style=\"--custom-gap:16px\">\n<h3 class=\"wp-block-heading has-heading-4-font-size\">Automatisation des proc\u00e9d\u00e9s industriels<\/h3>\n\n\n\n<p>Des syst\u00e8mes intelligents pour optimiser les t\u00e2ches critiques, r\u00e9duire les erreurs et am\u00e9liorer l\u2019efficacit\u00e9 globale de la production.<\/p>\n\n\n\n<hr\/>\n\n\n\n<a class=\"wp-block-microbio-blocks-button btn-size-default btn-icon\" target=\"\" href=\"https:\/\/www.industrias-maxi.es\/fr\/industriel\/automatisation-des-procedes\/\" rel=\"noopener\" title=\"\"><span>En savoir plus  <\/span><svg width=\"15\" height=\"15\"><use xlink:href=\"\/wp-content\/plugins\/microbio-blocks\/assets\/images\/icons-library.svg?ver=2.0.0#arrow\"\/><\/svg><\/a>\n<\/div>\n<\/div>\n\n\n\n<div class=\"wp-block-microbio-blocks-flex flex-align-start flex-justify-start flex-gap-0 flex-columns no-wrap\" style=\"--custom-gap:0\">\n<figure class=\"wp-block-image size-large border-grey-medium-2\"><img decoding=\"async\" width=\"1024\" height=\"603\" src=\"https:\/\/www.industrias-maxi.es\/wp-content\/uploads\/2025\/12\/Alimentacion-robot-unitario-1024x603.webp\" alt=\"\" class=\"wp-image-835\" srcset=\"https:\/\/www.industrias-maxi.es\/wp-content\/uploads\/2025\/12\/Alimentacion-robot-unitario-1024x603.webp 1024w, https:\/\/www.industrias-maxi.es\/wp-content\/uploads\/2025\/12\/Alimentacion-robot-unitario-300x177.webp 300w, https:\/\/www.industrias-maxi.es\/wp-content\/uploads\/2025\/12\/Alimentacion-robot-unitario-768x453.webp 768w, https:\/\/www.industrias-maxi.es\/wp-content\/uploads\/2025\/12\/Alimentacion-robot-unitario-1536x905.webp 1536w, https:\/\/www.industrias-maxi.es\/wp-content\/uploads\/2025\/12\/Alimentacion-robot-unitario-500x295.webp 500w, https:\/\/www.industrias-maxi.es\/wp-content\/uploads\/2025\/12\/Alimentacion-robot-unitario.webp 1580w\" sizes=\"(max-width: 1024px) 100vw, 1024px\" \/><\/figure>\n\n\n\n<div class=\"wp-block-microbio-blocks-flex flex-align-start flex-justify-start flex-columns no-wrap border-grey-medium-2 padding-card-small\" style=\"--custom-gap:16px\">\n<h3 class=\"wp-block-heading has-heading-4-font-size\">Fin de ligne dans le secteur alimentaire<\/h3>\n\n\n\n<p>Des solutions automatis\u00e9es pour l\u2019emballage, l\u2019\u00e9tiquetage et la palette qui am\u00e9liorent la rapidit\u00e9 des proc\u00e9d\u00e9s et la tra\u00e7abilit\u00e9.<\/p>\n\n\n\n<hr\/>\n\n\n\n<a class=\"wp-block-microbio-blocks-button btn-size-default btn-icon\" target=\"\" href=\"https:\/\/www.industrias-maxi.es\/fr\/alimentation\/fin-de-la-ligne\/\" rel=\"noopener\" title=\"\"><span>En savoir plus  <\/span><svg width=\"15\" height=\"15\"><use xlink:href=\"\/wp-content\/plugins\/microbio-blocks\/assets\/images\/icons-library.svg?ver=2.0.0#arrow\"\/><\/svg><\/a>\n<\/div>\n<\/div>\n<\/div>\n<\/section>\n\n<section class=\"wp-block-microbio-blocks-section-v2 is-style-section-pd-xl has-primary-darkest-background-color has-background child-wide section-align-center alignfull gsap-animation-enter\" style=\"--min-height:0;--min-height-mobile:0\" data-animation-enter=\"alpha\">\n<div class=\"wp-block-microbio-blocks-flex aligncenter flex-align-center flex-justify-start flex-gap-0 flex-columns flex-max-width flex-align-self-center theme-margins\" style=\"--custom-gap:0;--flex-max-width:910px\">\n<h2 class=\"wp-block-heading has-text-align-center\">Pourquoi choisir Maxi Industries ?<\/h2>\n\n\n\n<p class=\"has-text-align-center\">Notre m\u00e9thodologie combine ing\u00e9nierie collaborative, pr\u00e9-simulation, fabrication interne et support apr\u00e8s-vente, garantissant la continuit\u00e9 et la performance du syst\u00e8me \u00e0 long terme.<\/p>\n<\/div>\n\n\n\n<div class=\"wp-block-microbio-blocks-grid grid-align-stretch grid-gap-none grid-border-inner grid-border-inner-clients grid-border-inner-clients-3\" style=\"margin-top:var(--wp--preset--spacing--space-m)\">\n<div class=\"wp-block-microbio-blocks-grid-cell grid-row-1 grid-column-4 grid-column-mobile-4\" style=\"--mobile-order:\">\n<div class=\"wp-block-microbio-blocks-flex flex-align-start flex-justify-end flex-columns shrink\" style=\"--custom-gap:16px\">\n<span class=\"wp-block-microbio-blocks-icon icon-size-default has-secondary-color has-text-color has-link-color wp-elements-d96b39cc02359fd5927704a20edae01a\"><svg><use xlink:href=\"\/wp-content\/themes\/industrias-maxi-theme\/assets\/img\/maxi-icons.svg?ver=#thumb-fill\"\/><\/svg><\/span>\n\n\n\n<h3 class=\"wp-block-heading has-heading-4-font-size\">Exp\u00e9rience et leadership<\/h3>\n\n\n\n<p>Avec plus de 50 ans d\u2019exp\u00e9rience dans le secteur, nous travaillons avec de grands clients proposant des solutions industrielles r\u00e9pondant aux plus hauts standards de qualit\u00e9 et de fiabilit\u00e9.<\/p>\n<\/div>\n<\/div>\n\n\n\n<div class=\"wp-block-microbio-blocks-grid-cell grid-row-1 grid-column-4 grid-column-mobile-4\" style=\"--mobile-order:\">\n<div class=\"wp-block-microbio-blocks-flex flex-align-start flex-justify-end flex-columns shrink\" style=\"--custom-gap:16px\">\n<span class=\"wp-block-microbio-blocks-icon icon-size-default has-secondary-color has-text-color has-link-color wp-elements-1f8e8738f72cd2bd2e5a916c2d7cfc01\"><svg><use xlink:href=\"\/wp-content\/themes\/industrias-maxi-theme\/assets\/img\/maxi-icons.svg#team\"\/><\/svg><\/span>\n\n\n\n<h3 class=\"wp-block-heading has-heading-4-font-size\">Solutions personnalis\u00e9es<\/h3>\n\n\n\n<p>Chaque projet est unique. Nous concevons des solutions cl\u00e9s en main sur mesure qui optimisent l\u2019efficacit\u00e9 et les ressources de votre entreprise, en s\u2019adaptant \u00e0 vos besoins sp\u00e9cifiques. <\/p>\n<\/div>\n<\/div>\n\n\n\n<div class=\"wp-block-microbio-blocks-grid-cell grid-row-1 grid-column-4 grid-column-mobile-4\" style=\"--mobile-order:\">\n<div class=\"wp-block-microbio-blocks-flex flex-align-start flex-justify-end flex-columns shrink\" style=\"--custom-gap:16px\">\n<span class=\"wp-block-microbio-blocks-icon icon-size-default has-secondary-color has-text-color has-link-color wp-elements-27718dffe8489d43ad3d4108330961fe\"><svg><use xlink:href=\"\/wp-content\/themes\/industrias-maxi-theme\/assets\/img\/maxi-icons.svg#message\"\/><\/svg><\/span>\n\n\n\n<h3 class=\"wp-block-heading has-heading-4-font-size\">Support technique<\/h3>\n\n\n\n<p>Nous proposons un support apr\u00e8s-vente et une formation technique, garantissant que nos solutions continuent de fonctionner \u00e0 leur meilleur niveau et que votre \u00e9quipe est toujours pr\u00e9par\u00e9e.<\/p>\n<\/div>\n<\/div>\n<\/div>\n<\/section>\n\n<section class=\"wp-block-microbio-blocks-section-v2 child-wide section-align-center alignfull\" style=\"margin-top:var(--wp--preset--spacing--space-lg);margin-bottom:var(--wp--preset--spacing--space-lg);--min-height:0;--min-height-mobile:0\" data-animation-enter=\"alpha\">\n<div class=\"wp-block-microbio-blocks-flex aligncenter flex-align-center flex-justify-space-between flex-gap-2 micro-banner-padding has-secondary-background-color has-background\" style=\"--custom-gap:0\">\n<div class=\"wp-block-microbio-blocks-flex flex-align-start flex-justify-start flex-gap-0 flex-max-width theme-margins\" style=\"margin-top:0;margin-bottom:0;--custom-gap:0;--flex-max-width:560px\">\n<h3 class=\"wp-block-heading\" style=\"margin-top:0;margin-bottom:0\">Faites un pas vers l\u2019avenir avec la fabrication de machines sp\u00e9ciales<\/h3>\n\n\n\n<p style=\"padding-top:var(--wp--preset--spacing--space-xs);padding-bottom:0\">L\u2019industrie 4.0 n\u2019est pas un objectif, c\u2019est la voie vers un mod\u00e8le de production plus efficace et r\u00e9silient, pr\u00eat \u00e0 relever les d\u00e9fis du march\u00e9 actuel. Chez Industrias Maxi, nous vous aidons \u00e0 franchir cette \u00e9tape avec de vraies solutions, con\u00e7ues \u00e0 partir de connaissances techniques et ayant un impact direct sur votre fonctionnement quotidien. <\/p>\n<\/div>\n\n\n\n<a class=\"wp-block-microbio-blocks-button btn-size-default btn-icon\" target=\"\" href=\"https:\/\/www.industrias-maxi.es\/fr\/contact\/\" rel=\"noopener\" title=\"  Aller sur la page de contact\"><span>Contact<\/span><svg width=\"15\" height=\"15\"><use xlink:href=\"\/wp-content\/plugins\/microbio-blocks\/assets\/images\/icons-library.svg?ver=2.0.0#arrow\"\/><\/svg><\/a>\n<\/div>\n<\/section>\n","protected":false},"excerpt":{"rendered":"","protected":false},"author":1,"featured_media":0,"parent":1375,"menu_order":0,"comment_status":"closed","ping_status":"closed","template":"","meta":{"footnotes":""},"class_list":["post-1367","page","type-page","status-publish","hentry"],"_links":{"self":[{"href":"https:\/\/www.industrias-maxi.es\/fr\/wp-json\/wp\/v2\/pages\/1367","targetHints":{"allow":["GET"]}}],"collection":[{"href":"https:\/\/www.industrias-maxi.es\/fr\/wp-json\/wp\/v2\/pages"}],"about":[{"href":"https:\/\/www.industrias-maxi.es\/fr\/wp-json\/wp\/v2\/types\/page"}],"author":[{"embeddable":true,"href":"https:\/\/www.industrias-maxi.es\/fr\/wp-json\/wp\/v2\/users\/1"}],"replies":[{"embeddable":true,"href":"https:\/\/www.industrias-maxi.es\/fr\/wp-json\/wp\/v2\/comments?post=1367"}],"version-history":[{"count":3,"href":"https:\/\/www.industrias-maxi.es\/fr\/wp-json\/wp\/v2\/pages\/1367\/revisions"}],"predecessor-version":[{"id":1477,"href":"https:\/\/www.industrias-maxi.es\/fr\/wp-json\/wp\/v2\/pages\/1367\/revisions\/1477"}],"up":[{"embeddable":true,"href":"https:\/\/www.industrias-maxi.es\/fr\/wp-json\/wp\/v2\/pages\/1375"}],"wp:attachment":[{"href":"https:\/\/www.industrias-maxi.es\/fr\/wp-json\/wp\/v2\/media?parent=1367"}],"curies":[{"name":"wp","href":"https:\/\/api.w.org\/{rel}","templated":true}]}}