{"id":1370,"date":"2025-09-17T17:31:16","date_gmt":"2025-09-17T15:31:16","guid":{"rendered":"https:\/\/www.industrias-maxi.es\/outillages-pour-lassemblage\/"},"modified":"2026-02-06T14:47:49","modified_gmt":"2026-02-06T13:47:49","slug":"outillages-pour-lassemblage","status":"publish","type":"page","link":"https:\/\/www.industrias-maxi.es\/fr\/ce-que-nous-faisons\/outillages-pour-lassemblage\/","title":{"rendered":"Outillages pour l\u2019assemblage"},"content":{"rendered":"\n<section class=\"wp-block-microbio-blocks-section-v2 is-style-section-pd-xl has-grey-dark-1-background-color has-background child-wide section-align-end alignfull section-ramp section-bg-ramp-theme\" style=\"--min-height:60vh;--min-height-mobile:0;--focal:50% 50%;--focal-mobile:50% 50%\" data-animation-enter=\"alpha\"><figure class=\"wp-block-image size-full section-img-bg\"><img decoding=\"async\" width=\"1920\" height=\"1281\" src=\"https:\/\/www.industrias-maxi.es\/wp-content\/uploads\/2025\/09\/industrias-maxi-21.webp\" alt=\"\" class=\"wp-image-459\" srcset=\"https:\/\/www.industrias-maxi.es\/wp-content\/uploads\/2025\/09\/industrias-maxi-21.webp 1920w, https:\/\/www.industrias-maxi.es\/wp-content\/uploads\/2025\/09\/industrias-maxi-21-300x200.webp 300w, https:\/\/www.industrias-maxi.es\/wp-content\/uploads\/2025\/09\/industrias-maxi-21-1024x683.webp 1024w, https:\/\/www.industrias-maxi.es\/wp-content\/uploads\/2025\/09\/industrias-maxi-21-768x512.webp 768w, https:\/\/www.industrias-maxi.es\/wp-content\/uploads\/2025\/09\/industrias-maxi-21-1536x1025.webp 1536w, https:\/\/www.industrias-maxi.es\/wp-content\/uploads\/2025\/09\/industrias-maxi-21-500x334.webp 500w\" sizes=\"(max-width: 1920px) 100vw, 1920px\" \/><\/figure>\n<div class=\"wp-block-microbio-blocks-flex flex-align-start flex-justify-start flex-gap-0 flex-columns flex-max-width theme-margins\" style=\"--custom-gap:0;--flex-max-width:950px\">\n<h1 class=\"wp-block-heading\">Automatisation a\u00e9rospatiale dans les outillages d\u2019assemblage<\/h1>\n\n\n\n<p>Chez Industrias Maxi, nous appliquons nos connaissances en ing\u00e9nierie avanc\u00e9e au d\u00e9veloppement de solutions sp\u00e9cifiques pour l\u2019automatisation a\u00e9rospatiale.<\/p>\n\n\n\n<p>Nous concevons et fabriquons des syst\u00e8mes qui am\u00e9liorent la pr\u00e9cision, r\u00e9duisent la variabilit\u00e9 et garantissent un assemblage fiable \u00e0 chaque \u00e9tape du processus. Notre approche combine technologie, exp\u00e9rience et adaptabilit\u00e9 pour relever les d\u00e9fis les plus exigeants du secteur a\u00e9ronautique. <\/p>\n\n\n\n<p>De l\u2019outillage structurel \u00e0 l\u2019automatisation de processus r\u00e9p\u00e9titifs, nous vous aidons \u00e0 am\u00e9liorer les normes de production dans un secteur o\u00f9 il n\u2019y a aucune marge d\u2019erreur.<\/p>\n\n\n\n<a class=\"wp-block-microbio-blocks-button btn-size-default btn-icon is-style-secondary\" target=\"\" href=\"https:\/\/www.industrias-maxi.es\/fr\/contact\/\" rel=\"noopener\" title=\"Aller sur la page de contact\"><span>Contactez-nous<\/span><svg width=\"15\" height=\"15\"><use xlink:href=\"\/wp-content\/plugins\/microbio-blocks\/assets\/images\/icons-library.svg?ver=2.0.0#arrow\"\/><\/svg><\/a>\n<\/div>\n<\/section>\n\n<section class=\"wp-block-microbio-blocks-section-v2 is-style-section-pd-xl has-grey-dark-1-background-color has-background child-wide section-align-center alignfull\" style=\"--min-height:0;--min-height-mobile:0\" data-animation-enter=\"alpha\">\n<div class=\"wp-block-microbio-blocks-grid grid-align-start grid-gap-sm\">\n<div class=\"wp-block-microbio-blocks-grid-cell grid-row-1 grid-column-6 grid-column-mobile-4\" style=\"--mobile-order:\">\n<h2 class=\"wp-block-heading\">Conception et ing\u00e9nierie adapt\u00e9es \u00e0 chaque appareil<\/h2>\n<\/div>\n\n\n\n<div class=\"wp-block-microbio-blocks-grid-cell grid-row-1 grid-column-6 grid-column-mobile-4\" style=\"--mobile-order:\">\n<p>Chaque mod\u00e8le d\u2019avion n\u00e9cessite des solutions sp\u00e9cifiques en termes de dimensions, de mat\u00e9riaux et de s\u00e9quence d\u2019assemblage. Chez Industrias Maxi, nous concevons des outillages <strong>automatis\u00e9s sur mesure<\/strong>, prenant en compte tout, de la disposition du hangar \u00e0 l\u2019ergonomie de l\u2019op\u00e9rateur. <\/p>\n\n\n\n<p>Notre \u00e9quipe technique travaille en \u00e9troite collaboration avec le client pour s\u2019assurer que chaque cellule ou syst\u00e8me est pr\u00e9cis\u00e9ment adapt\u00e9 au produit et \u00e0 l\u2019environnement d\u2019exploitation.<\/p>\n<\/div>\n<\/div>\n\n\n\n<div class=\"wp-block-microbio-blocks-flex flex-align-stretch flex-justify-start flex-gap-0 flex-columns no-wrap table-style-border\" style=\"margin-top:var(--wp--preset--spacing--space-xxl);--custom-gap:0\">\n<div class=\"wp-block-microbio-blocks-grid grid-align-start grid-gap-sm\">\n<div class=\"wp-block-microbio-blocks-grid-cell grid-row-1 grid-column-6 grid-column-mobile-4\" style=\"--mobile-order:\">\n<div class=\"wp-block-microbio-blocks-flex flex-align-start flex-justify-start no-wrap flex-max-width\" style=\"--custom-gap:28px;--flex-max-width:500px\">\n<p class=\"shrink-0 has-secondary-color has-text-color has-link-color has-heading-3-font-size wp-elements-43af5f375da71d5bb5dfa8762b80fe97\">01<\/p>\n\n\n\n<p class=\"has-secondary-color has-text-color has-link-color has-heading-3-font-size wp-elements-6e20721ccfc807b5cc5e5035a7846e6b\">D\u00e9veloppement des outillages sur mesure<\/p>\n<\/div>\n<\/div>\n\n\n\n<div class=\"wp-block-microbio-blocks-grid-cell grid-row-1 grid-column-6 grid-column-mobile-4\" style=\"--mobile-order:\">\n<p>Nous concevons des outillages adapt\u00e9s \u00e0 chaque section ou composant de l\u2019avion : fuselage, ailes, gouvernails, supports structurels ou sous-ensembles m\u00e9talliques et composites.  <\/p>\n\n\n\n<p>Chaque solution prend en compte les tol\u00e9rances dimensionnelles, l\u2019accessibilit\u00e9, les forces d\u2019assemblage et la compatibilit\u00e9 des proc\u00e9d\u00e9s en amont ou en aval.<\/p>\n<\/div>\n<\/div>\n\n\n\n<div class=\"wp-block-microbio-blocks-grid grid-align-start grid-gap-sm\">\n<div class=\"wp-block-microbio-blocks-grid-cell grid-row-1 grid-column-6 grid-column-mobile-4\" style=\"--mobile-order:\">\n<div class=\"wp-block-microbio-blocks-flex flex-align-start flex-justify-start no-wrap flex-max-width\" style=\"--custom-gap:28px;--flex-max-width:500px\">\n<p class=\"shrink-0 has-secondary-color has-text-color has-link-color has-heading-3-font-size wp-elements-b5335293f9c7ef5153661b8d39ee3de9\">02<\/p>\n\n\n\n<p class=\"has-secondary-color has-text-color has-link-color has-heading-3-font-size wp-elements-bbf7d1a97ec1a51a1d064f0e5f8ada6b\">Simulation et validation des proc\u00e9d\u00e9s<\/p>\n<\/div>\n<\/div>\n\n\n\n<div class=\"wp-block-microbio-blocks-grid-cell grid-row-1 grid-column-6 grid-column-mobile-4\" style=\"--mobile-order:\">\n<p>Nous utilisons des outils de simulation 3D pour pr\u00e9dire les comportements, d\u00e9tecter les interf\u00e9rences, valider les s\u00e9quences et optimiser les temps avant de fabriquer les outils eux-m\u00eames.  <\/p>\n\n\n\n<p>Cela nous permet d\u2019anticiper les probl\u00e8mes, de raccourcir le temps de mise en service et d\u2019assurer une conception fonctionnelle d\u00e8s le premier assemblage.<\/p>\n<\/div>\n<\/div>\n\n\n\n<div class=\"wp-block-microbio-blocks-grid grid-align-start grid-gap-sm\">\n<div class=\"wp-block-microbio-blocks-grid-cell grid-row-1 grid-column-6 grid-column-mobile-4\" style=\"--mobile-order:\">\n<div class=\"wp-block-microbio-blocks-flex flex-align-start flex-justify-start no-wrap flex-max-width\" style=\"--custom-gap:28px;--flex-max-width:500px\">\n<p class=\"shrink-0 has-secondary-color has-text-color has-link-color has-heading-3-font-size wp-elements-63d88fb07e5d1c58d8c1582c043c42c7\">03<\/p>\n\n\n\n<p class=\"has-secondary-color has-text-color has-link-color has-heading-3-font-size wp-elements-6c3971876993285d44f7a3eae9976b07\">Maintenance pr\u00e9dictive et intelligence des donn\u00e9es<\/p>\n<\/div>\n<\/div>\n\n\n\n<div class=\"wp-block-microbio-blocks-grid-cell grid-row-1 grid-column-6 grid-column-mobile-4\" style=\"--mobile-order:\">\n<p>Les solutions d\u2019automatisation a\u00e9rospatiale que nous d\u00e9veloppons sont pr\u00eates \u00e0 collecter des donn\u00e9es pendant l\u2019utilisation.<\/p>\n\n\n\n<p>Cela permet de mettre en \u0153uvre une maintenance pr\u00e9dictive, d\u2019analyser les \u00e9carts, d\u2019optimiser les cycles et de maintenir les syst\u00e8mes dans des conditions optimales sans avoir besoin d\u2019arr\u00eats inattendus.<\/p>\n<\/div>\n<\/div>\n<\/div>\n<\/section>\n\n<section class=\"wp-block-microbio-blocks-section-v2 is-style-section-pd-xl has-grey-light-2-background-color has-background child-wide section-align-center alignfull\" style=\"--min-height:0;--min-height-mobile:0\" data-animation-enter=\"alpha\">\n<div class=\"wp-block-microbio-blocks-flex aligncenter flex-align-center flex-justify-start flex-gap-0 flex-columns flex-max-width flex-align-self-center\" style=\"--custom-gap:0;--flex-max-width:910px\">\n<h2 class=\"wp-block-heading has-text-align-center\">Solutions avanc\u00e9es pour le secteur a\u00e9rospatial<\/h2>\n\n\n\n<p class=\"has-text-align-center\"><strong>L\u2019automatisation a\u00e9rospatiale<\/strong> n\u00e9cessite un \u00e9quilibre entre une pr\u00e9cision extr\u00eame, une flexibilit\u00e9 de conception et une conformit\u00e9 \u00e0 des r\u00e9glementations strictes. <\/p>\n\n\n\n<p class=\"has-text-align-center\">Chez Industrias Maxi, nous comprenons ces exigences et d\u00e9veloppons des solutions robustes et efficaces adapt\u00e9es \u00e0 la fabrication de structures a\u00e9ronautiques, tant en courte s\u00e9rie que dans des programmes de production continue.<\/p>\n<\/div>\n\n\n\n<div class=\"wp-block-microbio-blocks-grid-auto grid-align-stretch grid-gap-custom\" style=\"margin-top:var(--wp--preset--spacing--space-lg);--_cell-min-width:250px;--_grid-gap-custom:32px\">\n<div class=\"wp-block-microbio-blocks-flex flex-align-start flex-justify-start flex-columns no-wrap border-grey-medium-2 padding-card-small min-h-250\" style=\"--custom-gap:16px\">\n<span class=\"wp-block-microbio-blocks-icon icon-size-default maxi-icon-box has-primary-darkest-color has-grey-light-1-background-color has-text-color has-background has-link-color wp-elements-15ec2357ae4b4aeb98adc883f5f1b2b0\"><svg><use xlink:href=\"\/wp-content\/themes\/industrias-maxi-theme\/assets\/img\/maxi-icons.svg#conveyor\"\/><\/svg><\/span>\n\n\n\n<h3 class=\"wp-block-heading has-primary-darkest-color has-text-color has-link-color has-heading-4-font-size wp-elements-2a3107d17f93b191b49da995e4da5e2e\">Automatisation des outils d\u2019assemblage structurel<\/h3>\n\n\n\n<p>Nous automatisons la fabrication et l\u2019utilisation des outils d\u2019assemblage, am\u00e9liorant la pr\u00e9cision du placement des composants, de la fixation des structures et de l\u2019alignement des pi\u00e8ces.  <\/p>\n\n\n\n<p>Gr\u00e2ce \u00e0 des syst\u00e8mes motoris\u00e9s, des capteurs de contr\u00f4le et des outils de guidage, nous r\u00e9duisons la marge d\u2019erreur lors de l\u2019assemblage et augmentons la r\u00e9p\u00e9tabilit\u00e9 du proc\u00e9d\u00e9.<\/p>\n<\/div>\n\n\n\n<div class=\"wp-block-microbio-blocks-flex flex-align-start flex-justify-start flex-columns no-wrap border-grey-medium-2 padding-card-small min-h-250\" style=\"--custom-gap:16px\">\n<span class=\"wp-block-microbio-blocks-icon icon-size-default maxi-icon-box has-primary-darkest-color has-grey-light-1-background-color has-text-color has-background has-link-color wp-elements-4bd8a8b044f705897833c14deb68d76a\"><svg><use xlink:href=\"\/wp-content\/themes\/industrias-maxi-theme\/assets\/img\/maxi-icons.svg#holding\"\/><\/svg><\/span>\n\n\n\n<h3 class=\"wp-block-heading has-primary-darkest-color has-text-color has-link-color has-heading-4-font-size wp-elements-65dade2cbeba0ff9465f4f83372434fc\">R\u00e9duction du temps et erreur humaine<\/h3>\n\n\n\n<p>Les syst\u00e8mes automatis\u00e9s r\u00e9duisent la d\u00e9pendance \u00e0 l\u2019intervention manuelle, raccourcissent les temps de cycle et \u00e9vitent les \u00e9carts lors de l\u2019assemblage.<\/p>\n\n\n\n<p>Cela am\u00e9liore non seulement l\u2019efficacit\u00e9 op\u00e9rationnelle, mais r\u00e9duit aussi les risques li\u00e9s \u00e0 l\u2019erreur humaine et augmente la stabilit\u00e9 du produit final.<\/p>\n<\/div>\n\n\n\n<div class=\"wp-block-microbio-blocks-flex flex-align-start flex-justify-start flex-columns no-wrap border-grey-medium-2 padding-card-small min-h-250\" style=\"--custom-gap:16px\">\n<span class=\"wp-block-microbio-blocks-icon icon-size-default maxi-icon-box has-primary-darkest-color has-grey-light-1-background-color has-text-color has-background has-link-color wp-elements-9dea72d41f5536a805bcb92239d78dc3\"><svg><use xlink:href=\"\/wp-content\/themes\/industrias-maxi-theme\/assets\/img\/maxi-icons.svg#leaf\"\/><\/svg><\/span>\n\n\n\n<h3 class=\"wp-block-heading has-primary-darkest-color has-text-color has-link-color has-heading-4-font-size wp-elements-2165230d02ac37c1ccd01a42035a5e68\">Int\u00e9gration avec les syst\u00e8mes CAO\/FAO et la robotique<\/h3>\n\n\n\n<p>Nous int\u00e9grons des outils num\u00e9riques (CAO\/FAO) avec des syst\u00e8mes robotiques et automatis\u00e9s, permettant un flux de travail connect\u00e9 de la conception \u00e0 l\u2019ex\u00e9cution.  <\/p>\n\n\n\n<p>Cela garantit une coh\u00e9rence absolue entre ce qui est con\u00e7u et fabriqu\u00e9, am\u00e9liore la tra\u00e7abilit\u00e9 et permet d\u2019effectuer des modifications rapidement et avec pr\u00e9cision.<\/p>\n<\/div>\n<\/div>\n<\/section>\n\n<section class=\"wp-block-microbio-blocks-section-v2 is-style-section-pd-xl child-wide section-align-center alignfull\" style=\"--min-height:0;--min-height-mobile:0\" data-animation-enter=\"alpha\">\n<div class=\"wp-block-microbio-blocks-grid grid-align-stretch grid-gap-none border-grid\">\n<div class=\"wp-block-microbio-blocks-grid-cell grid-row-1 grid-column-7 grid-column-mobile-4\" style=\"--mobile-order:\">\n<div class=\"wp-block-microbio-blocks-flex flex-align-start flex-justify-start flex-gap-0 flex-max-width theme-margins\" style=\"--custom-gap:0;--flex-max-width:617px\">\n<h2 class=\"wp-block-heading\">Avantages concurrentiels de l\u2019automatisation de vos outils<\/h2>\n\n\n\n<p>L\u2019automatisation des processus d\u2019outillage dans l\u2019a\u00e9rospatiale apporte des avantages cl\u00e9s :<\/p>\n\n\n\n<ul class=\"wp-block-list\">\n<li>Pr\u00e9cision dimensionnelle et stabilit\u00e9 accrues lors de l\u2019assemblage<\/li>\n\n\n\n<li>R\u00e9duction des erreurs humaines et des temps de remise en \u00e9tat<\/li>\n\n\n\n<li>\u00c9volutivit\u00e9 en production sans perte de qualit\u00e9<\/li>\n\n\n\n<li>Meilleure tra\u00e7abilit\u00e9 et contr\u00f4le des processus<\/li>\n\n\n\n<li>Alignement avec les normes de qualit\u00e9 et les r\u00e9glementations a\u00e9ronautiques<\/li>\n\n\n\n<li>R\u00e9duction des co\u00fbts \u00e0 long terme gr\u00e2ce \u00e0 l\u2019optimisation et moins d\u2019entretien correctif<\/li>\n<\/ul>\n<\/div>\n<\/div>\n\n\n\n<div class=\"wp-block-microbio-blocks-grid-cell grid-row-1 grid-column-5 grid-column-mobile-4\" style=\"--mobile-order:\">\n<figure class=\"wp-block-image size-large\"><img decoding=\"async\" width=\"1024\" height=\"744\" src=\"https:\/\/www.industrias-maxi.es\/wp-content\/uploads\/2026\/01\/utillajes-montaje-maxi-1024x744.webp\" alt=\"\" class=\"wp-image-989\" srcset=\"https:\/\/www.industrias-maxi.es\/wp-content\/uploads\/2026\/01\/utillajes-montaje-maxi-1024x744.webp 1024w, https:\/\/www.industrias-maxi.es\/wp-content\/uploads\/2026\/01\/utillajes-montaje-maxi-300x218.webp 300w, https:\/\/www.industrias-maxi.es\/wp-content\/uploads\/2026\/01\/utillajes-montaje-maxi-768x558.webp 768w, https:\/\/www.industrias-maxi.es\/wp-content\/uploads\/2026\/01\/utillajes-montaje-maxi-1536x1116.webp 1536w, https:\/\/www.industrias-maxi.es\/wp-content\/uploads\/2026\/01\/utillajes-montaje-maxi-500x363.webp 500w, https:\/\/www.industrias-maxi.es\/wp-content\/uploads\/2026\/01\/utillajes-montaje-maxi.webp 1924w\" sizes=\"(max-width: 1024px) 100vw, 1024px\" \/><\/figure>\n<\/div>\n<\/div>\n<\/section>\n\n<section class=\"wp-block-microbio-blocks-section-v2 is-style-section-pd-xl has-grey-light-2-background-color has-background child-wide section-align-center alignfull\" style=\"--min-height:0;--min-height-mobile:0\" data-animation-enter=\"alpha\">\n<div class=\"wp-block-microbio-blocks-flex aligncenter flex-align-center flex-justify-start flex-gap-0 flex-columns flex-align-self-center\" style=\"--custom-gap:0\">\n<h2 class=\"wp-block-heading has-text-align-center\">Services o\u00f9 l\u2019outillage pour l\u2019assemblage est essentiel<\/h2>\n<\/div>\n\n\n\n<div class=\"wp-block-microbio-blocks-grid-auto grid-align-stretch grid-gap-custom\" style=\"margin-top:var(--wp--preset--spacing--space-lg);--_cell-min-width:250px;--_grid-gap-custom:32px\">\n<div class=\"wp-block-microbio-blocks-flex flex-align-start flex-justify-start flex-gap-0 flex-columns no-wrap\" style=\"--custom-gap:0\">\n<figure class=\"wp-block-image size-large border-grey-medium-2\"><img decoding=\"async\" width=\"1024\" height=\"683\" src=\"https:\/\/www.industrias-maxi.es\/wp-content\/uploads\/2025\/09\/industrias-maxi-gallery-017-1024x683.webp\" alt=\"\" class=\"wp-image-346\" srcset=\"https:\/\/www.industrias-maxi.es\/wp-content\/uploads\/2025\/09\/industrias-maxi-gallery-017-1024x683.webp 1024w, https:\/\/www.industrias-maxi.es\/wp-content\/uploads\/2025\/09\/industrias-maxi-gallery-017-300x200.webp 300w, https:\/\/www.industrias-maxi.es\/wp-content\/uploads\/2025\/09\/industrias-maxi-gallery-017-768x512.webp 768w, https:\/\/www.industrias-maxi.es\/wp-content\/uploads\/2025\/09\/industrias-maxi-gallery-017-1536x1024.webp 1536w, https:\/\/www.industrias-maxi.es\/wp-content\/uploads\/2025\/09\/industrias-maxi-gallery-017-500x333.webp 500w, https:\/\/www.industrias-maxi.es\/wp-content\/uploads\/2025\/09\/industrias-maxi-gallery-017.webp 1920w\" sizes=\"(max-width: 1024px) 100vw, 1024px\" \/><\/figure>\n\n\n\n<div class=\"wp-block-microbio-blocks-flex flex-align-start flex-justify-start flex-columns no-wrap border-grey-medium-2 padding-card-small\" style=\"--custom-gap:16px\">\n<h3 class=\"wp-block-heading has-heading-4-font-size\">Supports de montage<\/h3>\n\n\n\n<p>Des structures s\u00fbres et personnalis\u00e9es pour acc\u00e9der aux zones critiques de l\u2019ensemble a\u00e9ronautique, am\u00e9liorant l\u2019ergonomie et les temps de fonctionnement.<\/p>\n\n\n\n<hr\/>\n\n\n\n<a class=\"wp-block-microbio-blocks-button btn-size-default btn-icon\" target=\"\" href=\"https:\/\/www.industrias-maxi.es\/fr\/aeronautique\/supports-de-montage\/\" rel=\"noopener\" title=\"\"><span>En savoir plus  <\/span><svg width=\"15\" height=\"15\"><use xlink:href=\"\/wp-content\/plugins\/microbio-blocks\/assets\/images\/icons-library.svg?ver=2.0.0#arrow\"\/><\/svg><\/a>\n<\/div>\n<\/div>\n\n\n\n<div class=\"wp-block-microbio-blocks-flex flex-align-start flex-justify-start flex-gap-0 flex-columns no-wrap\" style=\"--custom-gap:0\">\n<figure class=\"wp-block-image size-large border-grey-medium-2\"><img decoding=\"async\" width=\"1024\" height=\"614\" src=\"https:\/\/www.industrias-maxi.es\/wp-content\/uploads\/2026\/01\/pallets-de-montaje-maxi-2-1024x614.webp\" alt=\"\" class=\"wp-image-991\" srcset=\"https:\/\/www.industrias-maxi.es\/wp-content\/uploads\/2026\/01\/pallets-de-montaje-maxi-2-1024x614.webp 1024w, https:\/\/www.industrias-maxi.es\/wp-content\/uploads\/2026\/01\/pallets-de-montaje-maxi-2-300x180.webp 300w, https:\/\/www.industrias-maxi.es\/wp-content\/uploads\/2026\/01\/pallets-de-montaje-maxi-2-768x460.webp 768w, https:\/\/www.industrias-maxi.es\/wp-content\/uploads\/2026\/01\/pallets-de-montaje-maxi-2-1536x921.webp 1536w, https:\/\/www.industrias-maxi.es\/wp-content\/uploads\/2026\/01\/pallets-de-montaje-maxi-2-2048x1228.webp 2048w, https:\/\/www.industrias-maxi.es\/wp-content\/uploads\/2026\/01\/pallets-de-montaje-maxi-2-500x300.webp 500w\" sizes=\"(max-width: 1024px) 100vw, 1024px\" \/><\/figure>\n\n\n\n<div class=\"wp-block-microbio-blocks-flex flex-align-start flex-justify-start flex-columns no-wrap border-grey-medium-2 padding-card-small\" style=\"--custom-gap:16px\">\n<h3 class=\"wp-block-heading has-heading-4-font-size\">Palettes d\u2019assemblage<\/h3>\n\n\n\n<p>Des supports techniques con\u00e7us sur mesure pour garantir un positionnement pr\u00e9cis des pi\u00e8ces lors de l\u2019assemblage manuel ou automatis\u00e9.<\/p>\n\n\n\n<hr\/>\n\n\n\n<a class=\"wp-block-microbio-blocks-button btn-size-default btn-icon\" target=\"\" href=\"https:\/\/www.industrias-maxi.es\/fr\/automobile\/palettes-dassemblage\/\" rel=\"noopener\" title=\"\"><span>En savoir plus  <\/span><svg width=\"15\" height=\"15\"><use xlink:href=\"\/wp-content\/plugins\/microbio-blocks\/assets\/images\/icons-library.svg?ver=2.0.0#arrow\"\/><\/svg><\/a>\n<\/div>\n<\/div>\n<\/div>\n<\/section>\n\n<section class=\"wp-block-microbio-blocks-section-v2 is-style-section-pd-xl has-primary-darkest-background-color has-background child-wide section-align-center alignfull gsap-animation-enter\" style=\"--min-height:0;--min-height-mobile:0\" data-animation-enter=\"alpha\">\n<div class=\"wp-block-microbio-blocks-flex aligncenter flex-align-center flex-justify-start flex-gap-0 flex-columns flex-max-width flex-align-self-center theme-margins\" style=\"--custom-gap:0;--flex-max-width:910px\">\n<h2 class=\"wp-block-heading has-text-align-center\">Pourquoi choisir Maxi Industries ?<\/h2>\n\n\n\n<p class=\"has-text-align-center\">Notre m\u00e9thodologie combine ing\u00e9nierie collaborative, pr\u00e9-simulation, fabrication interne et support apr\u00e8s-vente, garantissant la continuit\u00e9 et la performance du syst\u00e8me \u00e0 long terme.<\/p>\n<\/div>\n\n\n\n<div class=\"wp-block-microbio-blocks-grid grid-align-stretch grid-gap-none grid-border-inner grid-border-inner-clients grid-border-inner-clients-3\" style=\"margin-top:var(--wp--preset--spacing--space-m)\">\n<div class=\"wp-block-microbio-blocks-grid-cell grid-row-1 grid-column-4 grid-column-mobile-4\" style=\"--mobile-order:\">\n<div class=\"wp-block-microbio-blocks-flex flex-align-start flex-justify-end flex-columns shrink\" style=\"--custom-gap:16px\">\n<span class=\"wp-block-microbio-blocks-icon icon-size-default has-secondary-color has-text-color has-link-color wp-elements-d96b39cc02359fd5927704a20edae01a\"><svg><use xlink:href=\"\/wp-content\/themes\/industrias-maxi-theme\/assets\/img\/maxi-icons.svg?ver=#thumb-fill\"\/><\/svg><\/span>\n\n\n\n<h3 class=\"wp-block-heading has-heading-4-font-size\">Exp\u00e9rience et leadership<\/h3>\n\n\n\n<p>Avec plus de 50 ans d\u2019exp\u00e9rience dans le secteur, nous travaillons avec de grands clients proposant des solutions industrielles r\u00e9pondant aux plus hauts standards de qualit\u00e9 et de fiabilit\u00e9.<\/p>\n<\/div>\n<\/div>\n\n\n\n<div class=\"wp-block-microbio-blocks-grid-cell grid-row-1 grid-column-4 grid-column-mobile-4\" style=\"--mobile-order:\">\n<div class=\"wp-block-microbio-blocks-flex flex-align-start flex-justify-end flex-columns shrink\" style=\"--custom-gap:16px\">\n<span class=\"wp-block-microbio-blocks-icon icon-size-default has-secondary-color has-text-color has-link-color wp-elements-1f8e8738f72cd2bd2e5a916c2d7cfc01\"><svg><use xlink:href=\"\/wp-content\/themes\/industrias-maxi-theme\/assets\/img\/maxi-icons.svg#team\"\/><\/svg><\/span>\n\n\n\n<h3 class=\"wp-block-heading has-heading-4-font-size\">Solutions personnalis\u00e9es<\/h3>\n\n\n\n<p>Chaque projet est unique. Nous concevons des solutions cl\u00e9s en main sur mesure qui optimisent l\u2019efficacit\u00e9 et les ressources de votre entreprise, en s\u2019adaptant \u00e0 vos besoins sp\u00e9cifiques. <\/p>\n<\/div>\n<\/div>\n\n\n\n<div class=\"wp-block-microbio-blocks-grid-cell grid-row-1 grid-column-4 grid-column-mobile-4\" style=\"--mobile-order:\">\n<div class=\"wp-block-microbio-blocks-flex flex-align-start flex-justify-end flex-columns shrink\" style=\"--custom-gap:16px\">\n<span class=\"wp-block-microbio-blocks-icon icon-size-default has-secondary-color has-text-color has-link-color wp-elements-27718dffe8489d43ad3d4108330961fe\"><svg><use xlink:href=\"\/wp-content\/themes\/industrias-maxi-theme\/assets\/img\/maxi-icons.svg#message\"\/><\/svg><\/span>\n\n\n\n<h3 class=\"wp-block-heading has-heading-4-font-size\">Support technique<\/h3>\n\n\n\n<p>Nous proposons un support apr\u00e8s-vente et une formation technique, garantissant que nos solutions continuent de fonctionner \u00e0 leur meilleur niveau et que votre \u00e9quipe est toujours pr\u00e9par\u00e9e.<\/p>\n<\/div>\n<\/div>\n<\/div>\n<\/section>\n\n<section class=\"wp-block-microbio-blocks-section-v2 child-wide section-align-center alignfull\" style=\"margin-top:var(--wp--preset--spacing--space-lg);margin-bottom:var(--wp--preset--spacing--space-lg);padding-top:0;padding-bottom:0;--min-height:0;--min-height-mobile:0\" data-animation-enter=\"alpha\">\n<div class=\"wp-block-microbio-blocks-flex aligncenter flex-align-center flex-justify-space-between flex-gap-2 micro-banner-padding has-secondary-background-color has-background\" style=\"--custom-gap:0\">\n<div class=\"wp-block-microbio-blocks-flex flex-align-start flex-justify-start flex-gap-0 flex-max-width theme-margins\" style=\"--custom-gap:0;--flex-max-width:560px\">\n<h3 class=\"wp-block-heading\">Commencez d\u00e8s aujourd\u2019hui votre transformation de production<\/h3>\n\n\n\n<p style=\"padding-top:var(--wp--preset--spacing--space-xs)\"><strong>L\u2019automatisation a\u00e9rospatiale<\/strong> n\u2019est pas une option, c\u2019est une \u00e9volution n\u00e9cessaire pour rivaliser dans un environnement o\u00f9 la pr\u00e9cision et l\u2019efficacit\u00e9 font la diff\u00e9rence. Nous vous accompagnons dans ce processus avec des solutions techniques fiables et \u00e9volutives, align\u00e9es sur vos objectifs de production. <\/p>\n<\/div>\n\n\n\n<a class=\"wp-block-microbio-blocks-button btn-size-default btn-icon\" target=\"\" href=\"https:\/\/www.industrias-maxi.es\/fr\/contact\/\" rel=\"noopener\" title=\"  Aller sur la page de contact\"><span>Contact<\/span><svg width=\"15\" height=\"15\"><use xlink:href=\"\/wp-content\/plugins\/microbio-blocks\/assets\/images\/icons-library.svg?ver=2.0.0#arrow\"\/><\/svg><\/a>\n<\/div>\n<\/section>\n","protected":false},"excerpt":{"rendered":"","protected":false},"author":1,"featured_media":0,"parent":1375,"menu_order":0,"comment_status":"closed","ping_status":"closed","template":"","meta":{"footnotes":""},"class_list":["post-1370","page","type-page","status-publish","hentry"],"_links":{"self":[{"href":"https:\/\/www.industrias-maxi.es\/fr\/wp-json\/wp\/v2\/pages\/1370","targetHints":{"allow":["GET"]}}],"collection":[{"href":"https:\/\/www.industrias-maxi.es\/fr\/wp-json\/wp\/v2\/pages"}],"about":[{"href":"https:\/\/www.industrias-maxi.es\/fr\/wp-json\/wp\/v2\/types\/page"}],"author":[{"embeddable":true,"href":"https:\/\/www.industrias-maxi.es\/fr\/wp-json\/wp\/v2\/users\/1"}],"replies":[{"embeddable":true,"href":"https:\/\/www.industrias-maxi.es\/fr\/wp-json\/wp\/v2\/comments?post=1370"}],"version-history":[{"count":3,"href":"https:\/\/www.industrias-maxi.es\/fr\/wp-json\/wp\/v2\/pages\/1370\/revisions"}],"predecessor-version":[{"id":1449,"href":"https:\/\/www.industrias-maxi.es\/fr\/wp-json\/wp\/v2\/pages\/1370\/revisions\/1449"}],"up":[{"embeddable":true,"href":"https:\/\/www.industrias-maxi.es\/fr\/wp-json\/wp\/v2\/pages\/1375"}],"wp:attachment":[{"href":"https:\/\/www.industrias-maxi.es\/fr\/wp-json\/wp\/v2\/media?parent=1370"}],"curies":[{"name":"wp","href":"https:\/\/api.w.org\/{rel}","templated":true}]}}