{"id":1383,"date":"2025-09-05T10:52:19","date_gmt":"2025-09-05T08:52:19","guid":{"rendered":"https:\/\/www.industrias-maxi.es\/qui-nous-sommes\/"},"modified":"2026-02-13T11:56:19","modified_gmt":"2026-02-13T10:56:19","slug":"qui-nous-sommes","status":"publish","type":"page","link":"https:\/\/www.industrias-maxi.es\/fr\/qui-nous-sommes\/","title":{"rendered":"Qui nous sommes"},"content":{"rendered":"\n<section class=\"wp-block-microbio-blocks-section-v2 is-style-section-pd-xl has-black-background-color has-background child-wide section-align-end alignfull section-ramp section-bg-ramp-theme\" style=\"--min-height:60vh;--min-height-mobile:0;--focal:50% 50%;--focal-mobile:50% 50%\" data-animation-enter=\"alpha\"><figure class=\"wp-block-image size-full section-img-bg\"><img decoding=\"async\" width=\"2048\" height=\"1365\" src=\"https:\/\/www.industrias-maxi.es\/wp-content\/uploads\/2025\/12\/Metrologia-2.webp\" alt=\"\" class=\"wp-image-832\" srcset=\"https:\/\/www.industrias-maxi.es\/wp-content\/uploads\/2025\/12\/Metrologia-2.webp 2048w, https:\/\/www.industrias-maxi.es\/wp-content\/uploads\/2025\/12\/Metrologia-2-300x200.webp 300w, https:\/\/www.industrias-maxi.es\/wp-content\/uploads\/2025\/12\/Metrologia-2-1024x683.webp 1024w, https:\/\/www.industrias-maxi.es\/wp-content\/uploads\/2025\/12\/Metrologia-2-768x512.webp 768w, https:\/\/www.industrias-maxi.es\/wp-content\/uploads\/2025\/12\/Metrologia-2-1536x1024.webp 1536w, https:\/\/www.industrias-maxi.es\/wp-content\/uploads\/2025\/12\/Metrologia-2-500x333.webp 500w\" sizes=\"(max-width: 2048px) 100vw, 2048px\" \/><\/figure>\n<div class=\"wp-block-microbio-blocks-flex flex-align-start flex-justify-start flex-gap-0 flex-columns flex-max-width theme-margins\" style=\"--custom-gap:0;--flex-max-width:950px\">\n<h1 class=\"wp-block-heading\">Plus de 50 ans de conception de solutions industrielles fonctionnelles<\/h1>\n\n\n\n<p>Chez Industrias Maxi, nous sommes sp\u00e9cialistes de la conception, de la fabrication et de l\u2019int\u00e9gration de solutions technologiques avanc\u00e9es pour l\u2019industrie. Depuis notre si\u00e8ge \u00e0 Valladolid, nous travaillons pour des entreprises leaders qui doivent optimiser leurs processus de production, automatiser les t\u00e2ches critiques et accro\u00eetre leur comp\u00e9titivit\u00e9. Nous nous sommes impos\u00e9s comme un fournisseur complet capable de d\u00e9velopper des projets industriels cl\u00e9s en main complexes, combinant ing\u00e9nierie, automatisation, robotique et fabrication d\u2019outils sur mesure.  <\/p>\n\n\n\n<a class=\"wp-block-microbio-blocks-button btn-size-default btn-icon is-style-secondary\" target=\"\" href=\"https:\/\/www.industrias-maxi.es\/fr\/ce-que-nous-faisons\/\" rel=\"noopener\" title=\"Aller sur la page des services\"><span>D\u00e9couvrez ce que nous faisons<\/span><svg width=\"15\" height=\"15\"><use xlink:href=\"\/wp-content\/plugins\/microbio-blocks\/assets\/images\/icons-library.svg?ver=2.0.0#arrow\"\/><\/svg><\/a>\n<\/div>\n<\/section>\n\n<section class=\"wp-block-microbio-blocks-section-v2 is-style-section-pd-l has-grey-dark-1-background-color has-background child-wide section-align-center alignfull\" style=\"--min-height:0;--min-height-mobile:0\" data-animation-enter=\"alpha\">\n<div class=\"wp-block-microbio-blocks-flex flex-align-start flex-justify-space-between flex-gap-3\" style=\"--custom-gap:0\">\n<h2 class=\"wp-block-heading\">Notre parcours<\/h2>\n\n\n\n<div class=\"wp-block-microbio-blocks-flex flex-align-start flex-justify-start flex-gap-0 flex-max-width\" style=\"--custom-gap:0;--flex-max-width:450px\">\n<p>Origines en tant qu\u2019atelier d\u2019usinage, Industrias Maxi est devenu une r\u00e9f\u00e9rence en solutions industrielles avanc\u00e9es. Ce sont quelques-unes des \u00e9tapes cl\u00e9s qui ont marqu\u00e9 notre parcours <\/p>\n<\/div>\n<\/div>\n\n\n\n<div class=\"wp-block-microbio-blocks-vertical-timeline\" style=\"--_max-height:500px;--_numbers-font-size:68px\">\n<div class=\"wp-block-microbio-blocks-flex flex-align-start flex-justify-start flex-gap-0 wp-block-microbio-blocks-vertical-timeline--years\" style=\"--custom-gap:0\">\n<div class=\"wp-block-microbio-blocks-flex flex-align-start flex-justify-start flex-gap-0 flex-columns no-wrap wp-block-microbio-blocks-vertical-timeline--years--content\" style=\"--custom-gap:0\">\n<p>2012<\/p>\n\n\n\n<p>2014<\/p>\n\n\n\n<p>2015<\/p>\n\n\n\n<p>2016<\/p>\n\n\n\n<p>2017<\/p>\n\n\n\n<p>2018<\/p>\n\n\n\n<p>2019<\/p>\n<\/div>\n<\/div>\n\n\n\n<div class=\"wp-block-microbio-blocks-flex flex-align-start flex-justify-start flex-gap-0 flex-columns no-wrap wp-block-microbio-blocks-vertical-timeline--texts\" style=\"--custom-gap:0\">\n<div class=\"wp-block-microbio-blocks-flex flex-align-start flex-justify-start flex-gap-0 wp-block-microbio-blocks-vertical-timeline--texts--text\" style=\"--custom-gap:0\">\n<p>Cr\u00e9ation du D\u00e9partement de G\u00e9nie Automatique et Robotique.<\/p>\n<\/div>\n\n\n\n<div class=\"wp-block-microbio-blocks-flex flex-align-start flex-justify-start flex-gap-0 wp-block-microbio-blocks-vertical-timeline--texts--text\" style=\"--custom-gap:0\">\n<p>Investissement de plus de 1,2 million d\u2019euros en R+D+i.<\/p>\n<\/div>\n\n\n\n<div class=\"wp-block-microbio-blocks-flex flex-align-start flex-justify-start flex-gap-0 wp-block-microbio-blocks-vertical-timeline--texts--text\" style=\"--custom-gap:0\">\n<p>Nouveau organigramme ax\u00e9 sur le client et ses projets industriels.<\/p>\n<\/div>\n\n\n\n<div class=\"wp-block-microbio-blocks-flex flex-align-start flex-justify-start flex-gap-0 wp-block-microbio-blocks-vertical-timeline--texts--text\" style=\"--custom-gap:0\">\n<p>Mise en \u0153uvre d\u2019un nouveau syst\u00e8me de gestion, bas\u00e9 sur l\u2019innovation, la comp\u00e9titivit\u00e9 et l\u2019orientation client.<\/p>\n<\/div>\n\n\n\n<div class=\"wp-block-microbio-blocks-flex flex-align-start flex-justify-start flex-gap-0 wp-block-microbio-blocks-vertical-timeline--texts--text\" style=\"--custom-gap:0\">\n<p>Extension de nos installations \u00e0 8 000<sup>m2<\/sup>. Investissement de 1,6 million d\u2019euros dans l\u2019industrie 4.0 <\/p>\n<\/div>\n\n\n\n<div class=\"wp-block-microbio-blocks-flex flex-align-start flex-justify-start flex-gap-0 wp-block-microbio-blocks-vertical-timeline--texts--text\" style=\"--custom-gap:0\">\n<p>Extension de nos installations \u00e0 11 600<sup>m2<\/sup>.  <\/p>\n<\/div>\n\n\n\n<div class=\"wp-block-microbio-blocks-flex flex-align-start flex-justify-start flex-gap-0 wp-block-microbio-blocks-vertical-timeline--texts--text\" style=\"--custom-gap:0\">\n<p>50e anniversaire d\u2019Industrias Maxi. Extension de nos installations \u00e0 13 600<sup>m2<\/sup>.   <\/p>\n<\/div>\n<\/div>\n<\/div>\n<\/section>\n\n<section class=\"wp-block-microbio-blocks-section-v2 is-style-section-pd-xl child-wide section-align-center alignfull\" style=\"--min-height:0;--min-height-mobile:0\" data-animation-enter=\"alpha\">\n<div class=\"wp-block-microbio-blocks-grid grid-align-stretch grid-gap-none border-grid\">\n<div class=\"wp-block-microbio-blocks-grid-cell grid-row-1 grid-column-7 grid-column-mobile-4\" style=\"--mobile-order:\">\n<div class=\"wp-block-microbio-blocks-flex flex-align-start flex-justify-start flex-gap-0 flex-max-width theme-margins\" style=\"--custom-gap:0;--flex-max-width:617px\">\n<h2 class=\"wp-block-heading\">Une vraie ing\u00e9nierie, orient\u00e9e vers la vraie production<\/h2>\n\n\n\n<p>Dans un secteur qui exige pr\u00e9cision, fiabilit\u00e9 et conformit\u00e9 r\u00e9glementaire, nous apportons expertise technique et adaptabilit\u00e9. Nous nous int\u00e9grons aux environnements de production de nos clients pour comprendre chaque d\u00e9fi de l\u2019int\u00e9rieur et proposer des solutions qui ont un r\u00e9el impact sur l\u2019usine. <\/p>\n\n\n\n<p>Nous travaillons avec une m\u00e9thodologie bas\u00e9e sur l\u2019analyse technique du processus, la conception collaborative et la fabrication interne. Nous surveillons chaque phase pour nous assurer que chaque syst\u00e8me que nous livrons fonctionne comme il se doit, d\u00e8s le premier jour. <\/p>\n<\/div>\n<\/div>\n\n\n\n<div class=\"wp-block-microbio-blocks-grid-cell grid-row-1 grid-column-5 grid-column-mobile-4\" style=\"--mobile-order:\">\n<figure class=\"wp-block-image size-large\"><img decoding=\"async\" width=\"1024\" height=\"768\" src=\"https:\/\/www.industrias-maxi.es\/wp-content\/uploads\/2025\/12\/IM-1-y-1024x768.webp\" alt=\"\" class=\"wp-image-830\" srcset=\"https:\/\/www.industrias-maxi.es\/wp-content\/uploads\/2025\/12\/IM-1-y-1024x768.webp 1024w, https:\/\/www.industrias-maxi.es\/wp-content\/uploads\/2025\/12\/IM-1-y-300x225.webp 300w, https:\/\/www.industrias-maxi.es\/wp-content\/uploads\/2025\/12\/IM-1-y-768x576.webp 768w, https:\/\/www.industrias-maxi.es\/wp-content\/uploads\/2025\/12\/IM-1-y-1536x1152.webp 1536w, https:\/\/www.industrias-maxi.es\/wp-content\/uploads\/2025\/12\/IM-1-y-500x375.webp 500w, https:\/\/www.industrias-maxi.es\/wp-content\/uploads\/2025\/12\/IM-1-y.webp 2016w\" sizes=\"(max-width: 1024px) 100vw, 1024px\" \/><\/figure>\n<\/div>\n<\/div>\n<\/section>\n\n<section class=\"wp-block-microbio-blocks-section-v2 is-style-section-pd-xl has-grey-light-2-background-color has-background child-wide section-align-center alignfull\" style=\"--min-height:0;--min-height-mobile:0\" data-animation-enter=\"alpha\">\n<div class=\"wp-block-microbio-blocks-flex aligncenter flex-align-center flex-justify-start flex-gap-0 flex-columns flex-max-width flex-align-self-center theme-margins\" style=\"--custom-gap:0;--flex-max-width:910px\">\n<h2 class=\"wp-block-heading has-text-align-center\">Ce qui nous d\u00e9finit<\/h2>\n\n\n\n<p class=\"has-text-align-center\">Notre philosophie repose sur l\u2019excellence et l\u2019engagement. Chaque solution que nous proposons refl\u00e8te notre engagement envers la qualit\u00e9 et l\u2019innovation. <\/p>\n<\/div>\n\n\n\n<div class=\"wp-block-microbio-blocks-grid-auto grid-align-stretch grid-gap-custom\" style=\"margin-top:var(--wp--preset--spacing--space-lg);--_cell-min-width:250px;--_grid-gap-custom:32px\">\n<div class=\"wp-block-microbio-blocks-flex flex-align-start flex-justify-start flex-columns no-wrap border-grey-medium-2 padding-card-small min-h-250\" style=\"--custom-gap:16px\">\n<span class=\"wp-block-microbio-blocks-icon icon-size-default has-primary-darkest-color has-grey-light-1-background-color has-text-color has-background has-link-color wp-elements-26cac78e0703d08fc5027fcfe41ae979\"><svg><use xlink:href=\"\/wp-content\/themes\/industrias-maxi-theme\/assets\/img\/maxi-icons.svg#ranking\"\/><\/svg><\/span>\n\n\n\n<h3 class=\"wp-block-heading has-primary-darkest-color has-text-color has-link-color has-heading-4-font-size wp-elements-ae5a295619c2d7a6a770b445713c9d51\">Rigueur technique<\/h3>\n\n\n\n<p>Nous concevons des solutions qui respectent les tol\u00e9rances, r\u00e9glementations et conditions de l\u2019environnement industriel r\u00e9el.<\/p>\n<\/div>\n\n\n\n<div class=\"wp-block-microbio-blocks-flex flex-align-start flex-justify-start flex-columns no-wrap border-grey-medium-2 padding-card-small min-h-250\" style=\"--custom-gap:16px\">\n<span class=\"wp-block-microbio-blocks-icon icon-size-default has-primary-darkest-color has-grey-light-1-background-color has-text-color has-background has-link-color wp-elements-1f36700203fd2e59bb3dc5b0b9624174\"><svg><use xlink:href=\"\/wp-content\/themes\/industrias-maxi-theme\/assets\/img\/maxi-icons.svg#eye\"\/><\/svg><\/span>\n\n\n\n<h3 class=\"wp-block-heading has-primary-darkest-color has-text-color has-link-color has-heading-4-font-size wp-elements-f5e11b4268ade3f7c6902ec03d4301df\">Vision globale<\/h3>\n\n\n\n<p>Nous prenons en charge des projets du d\u00e9but \u00e0 la fin, de l\u2019ing\u00e9nierie au support apr\u00e8s-vente.<\/p>\n<\/div>\n\n\n\n<div class=\"wp-block-microbio-blocks-flex flex-align-start flex-justify-start flex-columns no-wrap border-grey-medium-2 padding-card-small min-h-250\" style=\"--custom-gap:16px\">\n<span class=\"wp-block-microbio-blocks-icon icon-size-default has-primary-darkest-color has-grey-light-1-background-color has-text-color has-background has-link-color wp-elements-e1fd01d41499913223e1d77ef1e42512\"><svg><use xlink:href=\"\/wp-content\/themes\/industrias-maxi-theme\/assets\/img\/maxi-icons.svg#user\"\/><\/svg><\/span>\n\n\n\n<h3 class=\"wp-block-heading has-primary-darkest-color has-text-color has-link-color has-heading-4-font-size wp-elements-62c5048564e36aaeadc3e1a6e1aed404\">Adaptation totale<\/h3>\n\n\n\n<p>Chaque client est unique. Nos solutions aussi. <\/p>\n<\/div>\n\n\n\n<div class=\"wp-block-microbio-blocks-flex flex-align-start flex-justify-start flex-columns no-wrap border-grey-medium-2 padding-card-small min-h-250\" style=\"--custom-gap:16px\">\n<span class=\"wp-block-microbio-blocks-icon icon-size-default has-primary-darkest-color has-grey-light-1-background-color has-text-color has-background has-link-color wp-elements-78b2f646099db5755177922ceaa0d5c0\"><svg><use xlink:href=\"\/wp-content\/themes\/industrias-maxi-theme\/assets\/img\/maxi-icons.svg?ver=#thumb-outline\"\/><\/svg><\/span>\n\n\n\n<h3 class=\"wp-block-heading has-primary-darkest-color has-text-color has-link-color has-heading-4-font-size wp-elements-62d83e3c6124992e93d93a332608af78\">Engagement industriel<\/h3>\n\n\n\n<p>Nous ne livrons pas seulement de la technologie. Nous livrons des r\u00e9sultats sur le terrain. <\/p>\n<\/div>\n<\/div>\n\n\n\n<div class=\"wp-block-microbio-blocks-flex flex-align-start flex-justify-center flex-gap-0\" style=\"margin-top:var(--wp--preset--spacing--space-lg);--custom-gap:0\">\n<a class=\"wp-block-microbio-blocks-button btn-size-default btn-icon is-style-secondary\" target=\"\" href=\"https:\/\/www.industrias-maxi.es\/fr\/secteurs\/\" rel=\"noopener\" title=\"Va sur la page des secteurs\"><span>D\u00e9couvrez les secteurs dans lesquels nous travaillons<\/span><svg width=\"15\" height=\"15\"><use xlink:href=\"\/wp-content\/plugins\/microbio-blocks\/assets\/images\/icons-library.svg?ver=2.0.0#arrow\"\/><\/svg><\/a>\n<\/div>\n<\/section>\n\n<section class=\"wp-block-microbio-blocks-section-v2 is-style-section-pd-xl child-wide section-align-center alignfull\" style=\"--min-height:0;--min-height-mobile:0\" data-animation-enter=\"alpha\">\n<div class=\"wp-block-microbio-blocks-grid grid-align-stretch grid-gap-none border-grid\">\n<div class=\"wp-block-microbio-blocks-grid-cell grid-row-1 grid-column-5 grid-column-mobile-4\" style=\"--mobile-order:\">\n<div class=\"wp-block-microbio-blocks-flex flex-align-start flex-justify-center flex-gap-0 flex-columns no-wrap theme-margins h-100\" style=\"--custom-gap:0\">\n<h2 class=\"wp-block-heading\">Une \u00e9quipe engag\u00e9e<\/h2>\n\n\n\n<p>Nous disposons d\u2019une \u00e9quipe multidisciplinaire compos\u00e9e d\u2019ing\u00e9nieurs, de techniciens et d\u2019op\u00e9rateurs sp\u00e9cialis\u00e9s qui travaillent en coordination pour concevoir, fabriquer et valider chaque solution. Nous sommes proches, d\u00e9cid\u00e9s et engag\u00e9s dans le succ\u00e8s de chaque projet. <\/p>\n<\/div>\n<\/div>\n\n\n\n<div class=\"wp-block-microbio-blocks-grid-cell grid-row-1 grid-column-7 grid-column-mobile-4\" style=\"--mobile-order:\">\n<figure class=\"wp-block-image size-large\"><img decoding=\"async\" width=\"1024\" height=\"673\" src=\"https:\/\/www.industrias-maxi.es\/wp-content\/uploads\/2025\/09\/industrias-maxi-team-1024x673.webp\" alt=\"\" class=\"wp-image-360\" srcset=\"https:\/\/www.industrias-maxi.es\/wp-content\/uploads\/2025\/09\/industrias-maxi-team-1024x673.webp 1024w, https:\/\/www.industrias-maxi.es\/wp-content\/uploads\/2025\/09\/industrias-maxi-team-300x197.webp 300w, https:\/\/www.industrias-maxi.es\/wp-content\/uploads\/2025\/09\/industrias-maxi-team-768x505.webp 768w, https:\/\/www.industrias-maxi.es\/wp-content\/uploads\/2025\/09\/industrias-maxi-team-500x329.webp 500w, https:\/\/www.industrias-maxi.es\/wp-content\/uploads\/2025\/09\/industrias-maxi-team.webp 1418w\" sizes=\"(max-width: 1024px) 100vw, 1024px\" \/><\/figure>\n<\/div>\n<\/div>\n\n\n\n<div class=\"wp-block-microbio-blocks-flex aligncenter flex-align-center flex-justify-center flex-gap-2\" style=\"margin-top:var(--wp--preset--spacing--space-lg);--custom-gap:0\">\n<div class=\"wp-block-microbio-blocks-flex flex-align-start flex-justify-start flex-gap-0 is-style-card\" style=\"--custom-gap:0\">\n<figure class=\"wp-block-image size-large is-resized\"><img decoding=\"async\" width=\"1024\" height=\"576\" src=\"https:\/\/www.industrias-maxi.es\/wp-content\/uploads\/2026\/02\/INDUSTRIAS-MAXI-sello_efr_-color-1024x576.jpg\" alt=\"\" class=\"wp-image-1009\" style=\"object-fit:cover;width:150px;height:150px\" srcset=\"https:\/\/www.industrias-maxi.es\/wp-content\/uploads\/2026\/02\/INDUSTRIAS-MAXI-sello_efr_-color-1024x576.jpg 1024w, https:\/\/www.industrias-maxi.es\/wp-content\/uploads\/2026\/02\/INDUSTRIAS-MAXI-sello_efr_-color-300x169.jpg 300w, https:\/\/www.industrias-maxi.es\/wp-content\/uploads\/2026\/02\/INDUSTRIAS-MAXI-sello_efr_-color-768x432.jpg 768w, https:\/\/www.industrias-maxi.es\/wp-content\/uploads\/2026\/02\/INDUSTRIAS-MAXI-sello_efr_-color-1536x864.jpg 1536w, https:\/\/www.industrias-maxi.es\/wp-content\/uploads\/2026\/02\/INDUSTRIAS-MAXI-sello_efr_-color-500x281.jpg 500w, https:\/\/www.industrias-maxi.es\/wp-content\/uploads\/2026\/02\/INDUSTRIAS-MAXI-sello_efr_-color.jpg 1920w\" sizes=\"(max-width: 1024px) 100vw, 1024px\" \/><\/figure>\n<\/div>\n\n\n\n<div class=\"wp-block-microbio-blocks-flex flex-align-start flex-justify-start flex-gap-0 is-style-card\" style=\"--custom-gap:0\">\n<figure class=\"wp-block-image size-large is-resized\"><img decoding=\"async\" width=\"718\" height=\"1024\" src=\"https:\/\/www.industrias-maxi.es\/wp-content\/uploads\/2026\/02\/9001_14001_45001_9100_27001-718x1024.jpg\" alt=\"\" class=\"wp-image-1010\" style=\"object-fit:contain;width:150px;height:150px\" srcset=\"https:\/\/www.industrias-maxi.es\/wp-content\/uploads\/2026\/02\/9001_14001_45001_9100_27001-718x1024.jpg 718w, https:\/\/www.industrias-maxi.es\/wp-content\/uploads\/2026\/02\/9001_14001_45001_9100_27001-210x300.jpg 210w, https:\/\/www.industrias-maxi.es\/wp-content\/uploads\/2026\/02\/9001_14001_45001_9100_27001-768x1096.jpg 768w, https:\/\/www.industrias-maxi.es\/wp-content\/uploads\/2026\/02\/9001_14001_45001_9100_27001-1077x1536.jpg 1077w, https:\/\/www.industrias-maxi.es\/wp-content\/uploads\/2026\/02\/9001_14001_45001_9100_27001-1436x2048.jpg 1436w, https:\/\/www.industrias-maxi.es\/wp-content\/uploads\/2026\/02\/9001_14001_45001_9100_27001-500x713.jpg 500w, https:\/\/www.industrias-maxi.es\/wp-content\/uploads\/2026\/02\/9001_14001_45001_9100_27001-scaled.jpg 1795w\" sizes=\"(max-width: 718px) 100vw, 718px\" \/><\/figure>\n<\/div>\n\n\n\n<div class=\"wp-block-microbio-blocks-flex flex-align-start flex-justify-start flex-gap-0 is-style-card\" style=\"--custom-gap:0\">\n<figure class=\"wp-block-image size-large is-resized\"><img decoding=\"async\" width=\"1024\" height=\"1024\" src=\"https:\/\/www.industrias-maxi.es\/wp-content\/uploads\/2026\/02\/ECOVADIS-SILVER-1024x1024.png\" alt=\"\" class=\"wp-image-1011\" style=\"object-fit:cover;width:150px;height:150px\" srcset=\"https:\/\/www.industrias-maxi.es\/wp-content\/uploads\/2026\/02\/ECOVADIS-SILVER-1024x1024.png 1024w, https:\/\/www.industrias-maxi.es\/wp-content\/uploads\/2026\/02\/ECOVADIS-SILVER-300x300.png 300w, https:\/\/www.industrias-maxi.es\/wp-content\/uploads\/2026\/02\/ECOVADIS-SILVER-150x150.png 150w, https:\/\/www.industrias-maxi.es\/wp-content\/uploads\/2026\/02\/ECOVADIS-SILVER-768x768.png 768w, https:\/\/www.industrias-maxi.es\/wp-content\/uploads\/2026\/02\/ECOVADIS-SILVER-1536x1536.png 1536w, https:\/\/www.industrias-maxi.es\/wp-content\/uploads\/2026\/02\/ECOVADIS-SILVER-500x500.png 500w, https:\/\/www.industrias-maxi.es\/wp-content\/uploads\/2026\/02\/ECOVADIS-SILVER.png 1667w\" sizes=\"(max-width: 1024px) 100vw, 1024px\" \/><\/figure>\n<\/div>\n<\/div>\n<\/section>\n\n<section class=\"wp-block-microbio-blocks-section-v2 child-wide section-align-center alignfull\" style=\"padding-bottom:var(--wp--preset--spacing--space-lg);--min-height:0;--min-height-mobile:0\" data-animation-enter=\"alpha\">\n<div class=\"wp-block-microbio-blocks-flex aligncenter flex-align-center flex-justify-space-between flex-gap-2 micro-banner-padding has-secondary-background-color has-background\" style=\"--custom-gap:0\">\n<div class=\"wp-block-microbio-blocks-flex flex-align-start flex-justify-start flex-gap-0 flex-max-width theme-margins\" style=\"--custom-gap:0;--flex-max-width:560px\">\n<h3 class=\"wp-block-heading\">Avez-vous un projet en t\u00eate ?<\/h3>\n\n\n\n<p>Chez Industrias Maxi, nous concevons des solutions industrielles sur mesure, rigoureuses techniques et une vision d\u2019usine. Parlez-nous de votre dossier. <\/p>\n<\/div>\n\n\n\n<a class=\"wp-block-microbio-blocks-button btn-size-default btn-icon\" target=\"\" href=\"https:\/\/www.industrias-maxi.es\/fr\/contact\/\" rel=\"noopener\" title=\"Rendez-vous sur notre page de contact\"><span>Parlons<\/span><svg width=\"15\" height=\"15\"><use xlink:href=\"\/wp-content\/plugins\/microbio-blocks\/assets\/images\/icons-library.svg?ver=2.0.0#arrow\"\/><\/svg><\/a>\n<\/div>\n<\/section>\n","protected":false},"excerpt":{"rendered":"","protected":false},"author":1,"featured_media":0,"parent":0,"menu_order":0,"comment_status":"closed","ping_status":"closed","template":"","meta":{"footnotes":""},"class_list":["post-1383","page","type-page","status-publish","hentry"],"_links":{"self":[{"href":"https:\/\/www.industrias-maxi.es\/fr\/wp-json\/wp\/v2\/pages\/1383","targetHints":{"allow":["GET"]}}],"collection":[{"href":"https:\/\/www.industrias-maxi.es\/fr\/wp-json\/wp\/v2\/pages"}],"about":[{"href":"https:\/\/www.industrias-maxi.es\/fr\/wp-json\/wp\/v2\/types\/page"}],"author":[{"embeddable":true,"href":"https:\/\/www.industrias-maxi.es\/fr\/wp-json\/wp\/v2\/users\/1"}],"replies":[{"embeddable":true,"href":"https:\/\/www.industrias-maxi.es\/fr\/wp-json\/wp\/v2\/comments?post=1383"}],"version-history":[{"count":10,"href":"https:\/\/www.industrias-maxi.es\/fr\/wp-json\/wp\/v2\/pages\/1383\/revisions"}],"predecessor-version":[{"id":1610,"href":"https:\/\/www.industrias-maxi.es\/fr\/wp-json\/wp\/v2\/pages\/1383\/revisions\/1610"}],"wp:attachment":[{"href":"https:\/\/www.industrias-maxi.es\/fr\/wp-json\/wp\/v2\/media?parent=1383"}],"curies":[{"name":"wp","href":"https:\/\/api.w.org\/{rel}","templated":true}]}}