{"id":1394,"date":"2025-09-04T15:44:22","date_gmt":"2025-09-04T13:44:22","guid":{"rendered":"https:\/\/www.industrias-maxi.es\/accueil\/"},"modified":"2026-02-06T10:32:09","modified_gmt":"2026-02-06T09:32:09","slug":"accueil","status":"publish","type":"page","link":"https:\/\/www.industrias-maxi.es\/fr\/","title":{"rendered":"Accueil"},"content":{"rendered":"\n<section class=\"wp-block-microbio-blocks-section-v2 is-style-section-pd-xl has-black-background-color has-background child-wide section-align-end alignfull section-ramp section-bg-ramp-theme\" style=\"--min-height:60vh;--min-height-mobile:0;--focal:51% 71%;--focal-mobile:50% 50%\" data-animation-enter=\"alpha\"><figure class=\"wp-block-image size-full section-img-bg\"><img decoding=\"async\" width=\"2048\" height=\"1367\" src=\"https:\/\/www.industrias-maxi.es\/wp-content\/uploads\/2025\/12\/Maxi-1.webp\" alt=\"\" class=\"wp-image-827\" srcset=\"https:\/\/www.industrias-maxi.es\/wp-content\/uploads\/2025\/12\/Maxi-1.webp 2048w, https:\/\/www.industrias-maxi.es\/wp-content\/uploads\/2025\/12\/Maxi-1-300x200.webp 300w, https:\/\/www.industrias-maxi.es\/wp-content\/uploads\/2025\/12\/Maxi-1-1024x684.webp 1024w, https:\/\/www.industrias-maxi.es\/wp-content\/uploads\/2025\/12\/Maxi-1-768x513.webp 768w, https:\/\/www.industrias-maxi.es\/wp-content\/uploads\/2025\/12\/Maxi-1-1536x1025.webp 1536w, https:\/\/www.industrias-maxi.es\/wp-content\/uploads\/2025\/12\/Maxi-1-500x334.webp 500w\" sizes=\"(max-width: 2048px) 100vw, 2048px\" \/><\/figure>\n<div class=\"wp-block-microbio-blocks-flex flex-align-start flex-justify-start flex-gap-0 flex-columns flex-max-width theme-margins\" style=\"--custom-gap:0;--flex-max-width:950px\">\n<span class=\"wp-block-microbio-blocks-badge badge-size-default is-style-white\">MAXI INDUSTRIES<\/span>\n\n\n\n<h1 class=\"wp-block-heading\">Solutions industrielles avanc\u00e9es pour transformer vos processus de production<\/h1>\n\n\n\n<p>L\u2019ing\u00e9nierie, l\u2019automatisation et la fabrication pour des industries qui exigent de la pr\u00e9cision.<\/p>\n\n\n\n<a class=\"wp-block-microbio-blocks-button btn-size-default btn-icon is-style-secondary\" target=\"\" href=\"https:\/\/www.industrias-maxi.es\/fr\/ce-que-nous-faisons\/\" rel=\"noopener\" title=\"\"><span>D\u00e9couvrez ce que nous faisons<\/span><svg width=\"15\" height=\"15\"><use xlink:href=\"\/wp-content\/plugins\/microbio-blocks\/assets\/images\/icons-library.svg?ver=2.0.0#arrow\"\/><\/svg><\/a>\n<\/div>\n<\/section>\n\n<section class=\"wp-block-microbio-blocks-section-v2 is-style-section-pd-xl child-wide section-align-center alignfull gsap-animation-enter\" style=\"--min-height:0;--min-height-mobile:0\" data-animation-enter=\"alpha\">\n<div class=\"wp-block-microbio-blocks-flex aligncenter flex-align-center flex-justify-start flex-gap-0 flex-columns flex-max-width flex-align-self-center theme-margins\" style=\"--custom-gap:0;--flex-max-width:910px\">\n<h2 class=\"wp-block-heading has-text-align-center is-style-default\">D\u00e9couvrez comment les solutions industrielles peuvent optimiser votre production<\/h2>\n\n\n\n<p class=\"has-text-align-center\">Nous appliquons l\u2019automatisation et la robotique dans diff\u00e9rents secteurs industriels<\/p>\n<\/div>\n\n\n\n<div class=\"wp-block-microbio-blocks-grid-auto  grid-align-stretch grid-gap-custom\" style=\"margin-top:var(--wp--preset--spacing--space-lg);--_cell-min-width:250px;--_grid-gap-custom:32px\">\n<div class=\"wp-block-microbio-blocks-flex flex-align-start flex-justify-start flex-columns border-grey-medium-2 padding-card-small\" style=\"--custom-gap:16px\">\n<span class=\"wp-block-microbio-blocks-icon icon-size-default maxi-icon-box has-primary-darkest-color has-grey-light-1-background-color has-text-color has-background has-link-color wp-elements-53b15f9059866d3112eb52bcf795b8f0\"><svg><use xlink:href=\"\/wp-content\/themes\/industrias-maxi-theme\/assets\/img\/maxi-icons.svg#plane\"\/><\/svg><\/span>\n\n\n\n<h3 class=\"wp-block-heading\">A\u00e9ronautique<\/h3>\n\n\n\n<p>Solutions de pr\u00e9cision pour l\u2019outillage, l\u2019assemblage structurel et le contr\u00f4le dimensionnel.<\/p>\n\n\n\n<a class=\"wp-block-microbio-blocks-button btn-size-default btn-icon\" target=\"\" href=\"https:\/\/www.industrias-maxi.es\/fr\/aeronautique\/\" rel=\"noopener\" title=\"\"><span>Voir la suite<\/span><svg width=\"15\" height=\"15\"><use xlink:href=\"\/wp-content\/plugins\/microbio-blocks\/assets\/images\/icons-library.svg?ver=2.0.0#arrow\"\/><\/svg><\/a>\n<\/div>\n\n\n\n<div class=\"wp-block-microbio-blocks-flex flex-align-start flex-justify-end flex-columns border-grey-medium-2 padding-card-small\" style=\"--custom-gap:16px\">\n<span class=\"wp-block-microbio-blocks-icon icon-size-default maxi-icon-box has-primary-darkest-color has-grey-light-1-background-color has-text-color has-background has-link-color wp-elements-03f42f205052b1a5999ea47bcd71c377\"><svg><use xlink:href=\"\/wp-content\/themes\/industrias-maxi-theme\/assets\/img\/maxi-icons.svg#burguer\"\/><\/svg><\/span>\n\n\n\n<h3 class=\"wp-block-heading\">Alimentation<\/h3>\n\n\n\n<p>Automatisation de fin de ligne, palettes, tra\u00e7abilit\u00e9 et contr\u00f4le qualit\u00e9.<\/p>\n\n\n\n<a class=\"wp-block-microbio-blocks-button btn-size-default btn-icon\" target=\"\" href=\"https:\/\/www.industrias-maxi.es\/fr\/alimentation\/\" rel=\"noopener\" title=\"\"><span>Voir la suite<\/span><svg width=\"15\" height=\"15\"><use xlink:href=\"\/wp-content\/plugins\/microbio-blocks\/assets\/images\/icons-library.svg?ver=2.0.0#arrow\"\/><\/svg><\/a>\n<\/div>\n\n\n\n<div class=\"wp-block-microbio-blocks-flex flex-align-start flex-justify-end flex-columns border-grey-medium-2 padding-card-small\" style=\"--custom-gap:16px\">\n<span class=\"wp-block-microbio-blocks-icon icon-size-default maxi-icon-box has-primary-darkest-color has-grey-light-1-background-color has-text-color has-background has-link-color wp-elements-290f0177d32cc4b53133c475de73cbed\"><svg><use xlink:href=\"\/wp-content\/themes\/industrias-maxi-theme\/assets\/img\/maxi-icons.svg#car\"\/><\/svg><\/span>\n\n\n\n<h3 class=\"wp-block-heading\">Automobile<\/h3>\n\n\n\n<p>Soudure robotique, manipulateurs d\u2019assemblage et lignes flexibles pour une cadence \u00e9lev\u00e9e.<\/p>\n\n\n\n<a class=\"wp-block-microbio-blocks-button btn-size-default btn-icon\" target=\"\" href=\"https:\/\/www.industrias-maxi.es\/fr\/automobile\/\" rel=\"noopener\" title=\"\"><span>Voir la suite<\/span><svg width=\"15\" height=\"15\"><use xlink:href=\"\/wp-content\/plugins\/microbio-blocks\/assets\/images\/icons-library.svg?ver=2.0.0#arrow\"\/><\/svg><\/a>\n<\/div>\n\n\n\n<div class=\"wp-block-microbio-blocks-flex flex-align-start flex-justify-end flex-columns border-grey-medium-2 padding-card-small\" style=\"--custom-gap:16px\">\n<span class=\"wp-block-microbio-blocks-icon icon-size-default maxi-icon-box has-primary-darkest-color has-grey-light-1-background-color has-text-color has-background has-link-color wp-elements-e18a26bbd740d6a26ed52a269dabb3a5\"><svg><use xlink:href=\"\/wp-content\/themes\/industrias-maxi-theme\/assets\/img\/maxi-icons.svg#gears\"\/><\/svg><\/span>\n\n\n\n<h3 class=\"wp-block-heading\">Industriel<\/h3>\n\n\n\n<p>Automatisation des proc\u00e9d\u00e9s, usinage de grandes pi\u00e8ces et lignes de fabrication compl\u00e8tes.<\/p>\n\n\n\n<a class=\"wp-block-microbio-blocks-button btn-size-default btn-icon\" target=\"\" href=\"https:\/\/www.industrias-maxi.es\/fr\/industriel\/\" rel=\"noopener\" title=\"\"><span>Voir la suite<\/span><svg width=\"15\" height=\"15\"><use xlink:href=\"\/wp-content\/plugins\/microbio-blocks\/assets\/images\/icons-library.svg?ver=2.0.0#arrow\"\/><\/svg><\/a>\n<\/div>\n<\/div>\n<\/section>\n\n<section class=\"wp-block-microbio-blocks-section-v2 is-style-section-pd-xl has-grey-dark-1-background-color has-background child-wide section-align-center alignfull gsap-animation-enter\" style=\"--min-height:0;--min-height-mobile:0\" data-animation-enter=\"bottom-to-top\">\n<div class=\"wp-block-microbio-blocks-flex flex-align-start flex-justify-start flex-gap-0 flex-max-width\" style=\"--custom-gap:0;--flex-max-width:910px\">\n<h2 class=\"wp-block-heading\">Plus de 50 ans de croissance dans l\u2019industrie<\/h2>\n<\/div>\n\n\n\n<div class=\"wp-block-microbio-blocks-flex flex-align-stretch flex-justify-space-between flex-gap-0 flex-columns table-style-border\" style=\"margin-top:var(--wp--preset--spacing--space-xl);--custom-gap:0\">\n<div class=\"wp-block-microbio-blocks-animate-block gsap-animation-enter\" data-animation-enter=\"alpha\" data-animation-scroll=\"bottom\" data-animation-scroll-measure=\"100\" data-animation-scroll-mobile=\"none\" data-animation-scroll-mobile-measure=\"50\">\n<div class=\"wp-block-microbio-blocks-flex flex-align-start flex-justify-space-between flex-gap-0\" style=\"--custom-gap:0\">\n<p class=\"wp-block-microbio-blocks-number-progression has-secondary-color has-text-color has-link-color\"><span class=\"pre-text\">+<\/span><span class=\"main-number\">50<\/span><\/p>\n\n\n\n<p class=\"is-style-default\"><strong>Plus de 50 ans<br\/><\/strong>Croissance avec l\u2019industrie<\/p>\n<\/div>\n<\/div>\n\n\n\n<div class=\"wp-block-microbio-blocks-animate-block gsap-animation-enter\" data-animation-enter=\"alpha\" data-animation-scroll=\"bottom\" data-animation-scroll-measure=\"100\" data-animation-scroll-mobile=\"none\" data-animation-scroll-mobile-measure=\"50\">\n<div class=\"wp-block-microbio-blocks-flex flex-align-start flex-justify-space-between flex-gap-0\" style=\"--custom-gap:0\">\n<p class=\"wp-block-microbio-blocks-number-progression has-secondary-color has-text-color has-link-color\"><span class=\"pre-text\">+<\/span><span class=\"main-number\">500<\/span><\/p>\n\n\n\n<p class=\"is-style-default\"><strong>Projets achev\u00e9s<\/strong><\/p>\n<\/div>\n<\/div>\n\n\n\n<div class=\"wp-block-microbio-blocks-animate-block gsap-animation-enter\" data-animation-enter=\"alpha\" data-animation-scroll=\"bottom\" data-animation-scroll-measure=\"100\" data-animation-scroll-mobile=\"none\" data-animation-scroll-mobile-measure=\"50\">\n<div class=\"wp-block-microbio-blocks-flex flex-align-start flex-justify-space-between flex-gap-0\" style=\"--custom-gap:0\">\n<p class=\"wp-block-microbio-blocks-number-progression has-secondary-color has-text-color has-link-color\"><span class=\"pre-text\">+<\/span><span class=\"main-number\">100<\/span><\/p>\n\n\n\n<p class=\"is-style-default\"><strong>Clients satisfaits<\/strong><\/p>\n<\/div>\n<\/div>\n<\/div>\n<\/section>\n\n<section class=\"wp-block-microbio-blocks-section-v2 is-style-section-pd-xl has-grey-light-2-background-color has-background child-wide section-align-center alignfull gsap-animation-enter\" style=\"--min-height:0;--min-height-mobile:0\" data-animation-enter=\"alpha\">\n<h2 class=\"wp-block-heading\">Projets \u00e0 la une<\/h2>\n\n\n\n<p style=\"margin-bottom:var(--wp--preset--spacing--space-m)\">D\u00e9couvrez nos solutions innovantes dans l\u2019industrie<\/p>\n\n\n\n<div class=\"wp-block-query grid-projects is-layout-flow wp-block-query-is-layout-flow\"><ul class=\"wp-block-post-template is-layout-flow wp-block-post-template-is-layout-flow\"><li class=\"wp-block-post post-1234 proyectos type-proyectos status-publish has-post-thumbnail hentry\">\n<figure style=\"aspect-ratio:16\/9;\" class=\"wp-block-post-featured-image\"><a href=\"https:\/\/www.industrias-maxi.es\/fr\/projets\/systeme-de-palette-automatique-et-flexible-pour-plusieurs-lignes-de-production\/\" target=\"_self\"  ><img fetchpriority=\"high\" decoding=\"async\" width=\"2048\" height=\"1366\" src=\"https:\/\/www.industrias-maxi.es\/wp-content\/uploads\/2025\/10\/proyecto-sistema-paletizado-01.webp\" class=\"attachment-post-thumbnail size-post-thumbnail wp-post-image\" alt=\"Syst\u00e8me de palette automatique et flexible pour plusieurs lignes de production\" style=\"width:100%;height:100%;object-fit:cover;\" srcset=\"https:\/\/www.industrias-maxi.es\/wp-content\/uploads\/2025\/10\/proyecto-sistema-paletizado-01.webp 2048w, https:\/\/www.industrias-maxi.es\/wp-content\/uploads\/2025\/10\/proyecto-sistema-paletizado-01-300x200.webp 300w, https:\/\/www.industrias-maxi.es\/wp-content\/uploads\/2025\/10\/proyecto-sistema-paletizado-01-1024x683.webp 1024w, https:\/\/www.industrias-maxi.es\/wp-content\/uploads\/2025\/10\/proyecto-sistema-paletizado-01-768x512.webp 768w, https:\/\/www.industrias-maxi.es\/wp-content\/uploads\/2025\/10\/proyecto-sistema-paletizado-01-1536x1025.webp 1536w, https:\/\/www.industrias-maxi.es\/wp-content\/uploads\/2025\/10\/proyecto-sistema-paletizado-01-500x333.webp 500w\" sizes=\"(max-width: 2048px) 100vw, 2048px\" loading=\"eager\" \/><\/a><\/figure>\n\n\n<div class=\"wp-block-microbio-blocks-flex flex-align-start flex-justify-start flex-gap-0 flex-columns no-wrap theme-margins\" style=\"--custom-gap:0\"><h3 class=\"wp-block-post-title has-heading-4-font-size\">Syst\u00e8me de palette automatique et flexible pour plusieurs lignes de production<\/h3>\n\n<div style=\"padding-bottom:0;margin-bottom:0;\" class=\"wp-block-post-excerpt has-body-2-font-size\"><p class=\"wp-block-post-excerpt__excerpt\">Projet cl\u00e9 en main qui int\u00e8gre des robotiques avanc\u00e9es pour optimiser les processus industriels <\/p><\/div>\n\n\n\n\n<hr\/>\n\n\n<a class=\"wp-block-microbio-blocks-button btn-size-default wp-block-read-more\" href=\"https:\/\/www.industrias-maxi.es\/fr\/projets\/systeme-de-palette-automatique-et-flexible-pour-plusieurs-lignes-de-production\/\" target=\"_self\">Voir projet<span class=\"screen-reader-text\">\u00a0: Syst\u00e8me de palette automatique et flexible pour plusieurs lignes de production<\/span><\/a><\/div>\n\n<\/li><\/ul><\/div>\n<\/section>\n\n<section class=\"wp-block-microbio-blocks-section-v2 is-style-section-pd-l child-wide section-align-center alignfull\" style=\"margin-top:var(--wp--preset--spacing--space-lg);margin-bottom:var(--wp--preset--spacing--space-lg);padding-top:0;--min-height:0;--min-height-mobile:0\" data-animation-enter=\"alpha\">\n<div class=\"wp-block-microbio-blocks-flex aligncenter flex-align-center flex-justify-space-between flex-gap-2 micro-banner-padding has-secondary-background-color has-background\" style=\"--custom-gap:0\">\n<div class=\"wp-block-microbio-blocks-flex flex-align-start flex-justify-start flex-gap-0 flex-max-width theme-margins\" style=\"--custom-gap:0;--flex-max-width:560px\">\n<h3 class=\"wp-block-heading\">Avez-vous un projet en t\u00eate ?<\/h3>\n\n\n\n<p style=\"padding-top:var(--wp--preset--spacing--space-xs)\">Chez Industrias Maxi, nous concevons des solutions industrielles sur mesure, rigoureuses techniques et une vision d\u2019usine. Parlez-nous de votre dossier. <\/p>\n<\/div>\n\n\n\n<a class=\"wp-block-microbio-blocks-button btn-size-default btn-icon\" target=\"\" href=\"https:\/\/www.industrias-maxi.es\/fr\/contact\/\" rel=\"noopener\" title=\"Rendez-vous sur notre page de contact\"><span>Parlons<\/span><svg width=\"15\" height=\"15\"><use xlink:href=\"\/wp-content\/plugins\/microbio-blocks\/assets\/images\/icons-library.svg?ver=2.0.0#arrow\"\/><\/svg><\/a>\n<\/div>\n<\/section>\n","protected":false},"excerpt":{"rendered":"","protected":false},"author":1,"featured_media":0,"parent":0,"menu_order":0,"comment_status":"closed","ping_status":"closed","template":"","meta":{"footnotes":""},"class_list":["post-1394","page","type-page","status-publish","hentry"],"_links":{"self":[{"href":"https:\/\/www.industrias-maxi.es\/fr\/wp-json\/wp\/v2\/pages\/1394","targetHints":{"allow":["GET"]}}],"collection":[{"href":"https:\/\/www.industrias-maxi.es\/fr\/wp-json\/wp\/v2\/pages"}],"about":[{"href":"https:\/\/www.industrias-maxi.es\/fr\/wp-json\/wp\/v2\/types\/page"}],"author":[{"embeddable":true,"href":"https:\/\/www.industrias-maxi.es\/fr\/wp-json\/wp\/v2\/users\/1"}],"replies":[{"embeddable":true,"href":"https:\/\/www.industrias-maxi.es\/fr\/wp-json\/wp\/v2\/comments?post=1394"}],"version-history":[{"count":1,"href":"https:\/\/www.industrias-maxi.es\/fr\/wp-json\/wp\/v2\/pages\/1394\/revisions"}],"predecessor-version":[{"id":1395,"href":"https:\/\/www.industrias-maxi.es\/fr\/wp-json\/wp\/v2\/pages\/1394\/revisions\/1395"}],"wp:attachment":[{"href":"https:\/\/www.industrias-maxi.es\/fr\/wp-json\/wp\/v2\/media?parent=1394"}],"curies":[{"name":"wp","href":"https:\/\/api.w.org\/{rel}","templated":true}]}}